{"id":158,"date":"2022-08-11T17:15:18","date_gmt":"2022-08-11T20:15:18","guid":{"rendered":"https:\/\/wp.ufpel.edu.br\/labeq\/?page_id=158"},"modified":"2024-07-26T20:50:20","modified_gmt":"2024-07-26T23:50:20","slug":"sobre","status":"publish","type":"page","link":"https:\/\/wp.ufpel.edu.br\/labeq\/sobre\/","title":{"rendered":"Sobre"},"content":{"rendered":"<div style=\"padding: 5%;\">\n<div style=\"padding: 5%;\">\n<h1 id=\"endereco\"><span style=\"color: #000000; font-size: 32px; font-family: var(--fonte-corpo);\">Repercuss\u00f5es dos trabalhos do grupo<\/span><\/h1>\n<div id=\"repercussao\">\n<p style=\"text-align: justify;\"><span style=\"color: #000000;\">O grupo tem repercuss\u00f5es no campo do Ensino de Qu\u00edmica e Ci\u00eancias, nos n\u00edveis b\u00e1sico e superior, desenvolvendo pesquisas ligadas a quest\u00f5es da filosofia da ci\u00eancia, forma\u00e7\u00e3o de professores, curr\u00edculo, produ\u00e7\u00e3o de materiais did\u00e1ticos, dentre outras a\u00e7\u00f5es<\/span><\/p>\n<\/div>\n<div>\n<div id=\"idFormVisualizarGrupoPesquisa:j_idt404\" class=\"ui-datatable ui-widget table table-bordered table-condensed table-hover table-striped\">\n<div class=\"ui-datatable-tablewrapper\">Informa\u00e7\u00f5es sobre os projetos, integrantes e repercuss\u00f5es do grupo podem ser acessadas no Diret\u00f3rio de Grupos de Pesquisa do CNPq:<span style=\"color: #3366ff;\"> <a style=\"color: #3366ff;\" href=\"http:\/\/dgp.cnpq.br\/dgp\/espelhogrupo\/8057828703696962\" target=\"_blank\" rel=\"noopener\">clique aqui para acessar.<\/a><\/span><\/div>\n<\/div>\n<div>\n<div id=\"endereco\">\n<h1><span style=\"color: #000000;\">Endere\u00e7o<\/span><\/h1>\n<div class=\"control-group\"><span style=\"color: #000000;\"><label class=\"control-label\"><br \/>\n<\/label><a href=\"https:\/\/institucional.ufpel.edu.br\/unidades\/id\/445\" target=\"_blank\" rel=\"noopener\">Centro de Ci\u00eancias Qu\u00edmicas, Farmac\u00eauticas e de Alimentos<\/a> <\/span><\/div>\n<div class=\"control-group\"><span style=\"color: #000000;\">Sala 201, Pr\u00e9dio 30 , Campus Cap\u00e3o do Le\u00e3o &#8211; UFPel, Rio Grande Do Sul, Brasil<\/span><\/div>\n<\/div>\n<\/div>\n<\/div>\n<\/div>\n<\/div>\n","protected":false},"excerpt":{"rendered":"<p>Repercuss\u00f5es dos trabalhos do grupo O grupo tem repercuss\u00f5es no campo do Ensino de Qu\u00edmica e Ci\u00eancias, nos n\u00edveis b\u00e1sico e superior, desenvolvendo pesquisas ligadas a quest\u00f5es da filosofia da ci\u00eancia, forma\u00e7\u00e3o de professores, curr\u00edculo, produ\u00e7\u00e3o de materiais did\u00e1ticos, dentre outras a\u00e7\u00f5es Informa\u00e7\u00f5es sobre os projetos, integrantes e repercuss\u00f5es do grupo podem ser acessadas no [&hellip;]<\/p>\n","protected":false},"author":590,"featured_media":0,"parent":0,"menu_order":0,"comment_status":"closed","ping_status":"closed","template":"","meta":{"footnotes":""},"class_list":["post-158","page","type-page","status-publish","hentry"],"jetpack-related-posts":[{"id":180,"url":"https:\/\/wp.ufpel.edu.br\/labeq\/producoes\/","url_meta":{"origin":158,"position":0},"title":"Produ\u00e7\u00f5es e Acervo","author":"labeq","date":"11\/08\/2022","format":false,"excerpt":"O grupo de pesquisa LABEQ realiza produ\u00e7\u00f5es muito variadas: de artigos, livros e cap\u00edtulos de livros a materiais did\u00e1ticos, instrumentos e ferramentas. Nesta p\u00e1gina voc\u00ea poder\u00e1 ter acesso \u00e0s refer\u00eancias dos materiais publicados em revistas, livros e cap\u00edtulos de livros, assim como a disponibiliza\u00e7\u00e3o dos arquivos dos demais materiais ainda\u2026","rel":"","context":"Post similar","block_context":{"text":"Post similar","link":""},"img":{"alt_text":"","src":"","width":0,"height":0},"classes":[]},{"id":821,"url":"https:\/\/wp.ufpel.edu.br\/labeq\/lattes\/","url_meta":{"origin":158,"position":1},"title":"lattes","author":"labeq","date":"26\/07\/2024","format":false,"excerpt":"Trabalhos Publicados em Peri\u00f3dicos \u00a0 Frozza, E. ; PASTORIZA, B. S. . 'A Qu\u00edmica \u00e9 uma \u00e1rea experimental!?: discursos sobre a experimenta\u00e7\u00e3o em um curso de forma\u00e7\u00e3o de professores de Qu\u00edmica. CI\u00caNCIA E NATURA, v. 43, p. 1-26, 2021. https:\/\/doi.org\/10.5902\/2179460X43465 \u00a0 PORCIUNCULA, L. A. B. ; PINHEIRO, A. C. ;\u2026","rel":"","context":"Post similar","block_context":{"text":"Post similar","link":""},"img":{"alt_text":"","src":"","width":0,"height":0},"classes":[]},{"id":157,"url":"https:\/\/wp.ufpel.edu.br\/labeq\/projetos\/","url_meta":{"origin":158,"position":2},"title":"Projetos","author":"labeq","date":"11\/08\/2022","format":false,"excerpt":"Os Projetos de Extens\u00e3o, Pesquisa e Ensino s\u00e3o fundamentais para o desenvolvimento e aprimoramento do ensino superior. Cada um desses projetos tem suas particularidades e import\u00e2ncia para o processo educacional. Os Projetos de Extens\u00e3o s\u00e3o aqueles que buscam levar o conhecimento produzido na universidade para a comunidade externa, por meio\u2026","rel":"","context":"Post similar","block_context":{"text":"Post similar","link":""},"img":{"alt_text":"","src":"","width":0,"height":0},"classes":[]},{"id":569,"url":"https:\/\/wp.ufpel.edu.br\/labeq\/projetos\/do-laboratorio-da-pesquisa-ao-laboratorio-escolar\/","url_meta":{"origin":158,"position":3},"title":"Do laborat\u00f3rio da pesquisa ao laborat\u00f3rio escolar","author":"labeq","date":"14\/03\/2023","format":false,"excerpt":"\u00a0 O projeto \"Do laborat\u00f3rio da pesquisa ao laborat\u00f3rio escolar\" tem como objetivo integrar a extens\u00e3o nos cursos de Qu\u00edmica por meio da colabora\u00e7\u00e3o dos profissionais formados nesses cursos com os laborat\u00f3rios escolares. A parceria com as escolas \u00e9 vista como uma a\u00e7\u00e3o estrat\u00e9gica para a melhoria da forma\u00e7\u00e3o dos\u2026","rel":"","context":"Post similar","block_context":{"text":"Post similar","link":""},"img":{"alt_text":"","src":"https:\/\/i0.wp.com\/wp.ufpel.edu.br\/labeq\/files\/2023\/03\/baixados.jpg?resize=350%2C200&ssl=1","width":350,"height":200},"classes":[]},{"id":577,"url":"https:\/\/wp.ufpel.edu.br\/labeq\/projetos\/do-laboratorio-da-pesquisa-ao-laboratorio-escolar\/instituto-estadual-de-educacao-assis-brasil\/","url_meta":{"origin":158,"position":4},"title":"Instituto Estadual de Educa\u00e7\u00e3o Assis Brasil","author":"labeq","date":"14\/03\/2023","format":false,"excerpt":"Lista de reagente Click Aqui \u00a0 Protocolo de Utiliza\u00e7\u00e3o do laborat\u00f3rio Click Aqui \u00a0 Artigos para pr\u00e1ticas Click Aqui \u00a0 Respons\u00e1veis Michael Costa da Rosa WhatsApp\u00a0 Natalia Maiqueli WhatsApp \u00a0 Professores\u00a0 Camila C. Pereira \u00a0 \u00a0 Hor\u00e1rios\u00a0 Quarta-Feira (manh\u00e3) Sexta-feira\u00a0 \u00a0 (manh\u00e3)","rel":"","context":"Post similar","block_context":{"text":"Post similar","link":""},"img":{"alt_text":"","src":"","width":0,"height":0},"classes":[]},{"id":583,"url":"https:\/\/wp.ufpel.edu.br\/labeq\/projetos\/do-laboratorio-da-pesquisa-ao-laboratorio-escolar\/colegio-tiradentes-da-brigada-militar-de-pelotas\/","url_meta":{"origin":158,"position":5},"title":"Col\u00e9gio Tiradentes Da Brigada Militar De Pelotas","author":"labeq","date":"14\/03\/2023","format":false,"excerpt":"Lista de reagente e Vidreiras Click Aqui \u00a0 Protocolo de Utiliza\u00e7\u00e3o do laborat\u00f3rio Click Aqui \u00a0 Artigos para pr\u00e1ticas Click Aqui \u00a0 Respons\u00e1veis Daniel Enrique de Jesus San Jose Moya WhatsApp\u00a0 \u00a0 Professores\u00a0 Marcelo Moncks Aurelia \u00a0 Hor\u00e1rios\u00a0 Segunda-Feira (Manh\u00e3) \u00a0","rel":"","context":"Post similar","block_context":{"text":"Post similar","link":""},"img":{"alt_text":"","src":"","width":0,"height":0},"classes":[]}],"jetpack_sharing_enabled":true,"_links":{"self":[{"href":"https:\/\/wp.ufpel.edu.br\/labeq\/wp-json\/wp\/v2\/pages\/158","targetHints":{"allow":["GET"]}}],"collection":[{"href":"https:\/\/wp.ufpel.edu.br\/labeq\/wp-json\/wp\/v2\/pages"}],"about":[{"href":"https:\/\/wp.ufpel.edu.br\/labeq\/wp-json\/wp\/v2\/types\/page"}],"author":[{"embeddable":true,"href":"https:\/\/wp.ufpel.edu.br\/labeq\/wp-json\/wp\/v2\/users\/590"}],"replies":[{"embeddable":true,"href":"https:\/\/wp.ufpel.edu.br\/labeq\/wp-json\/wp\/v2\/comments?post=158"}],"version-history":[{"count":17,"href":"https:\/\/wp.ufpel.edu.br\/labeq\/wp-json\/wp\/v2\/pages\/158\/revisions"}],"predecessor-version":[{"id":819,"href":"https:\/\/wp.ufpel.edu.br\/labeq\/wp-json\/wp\/v2\/pages\/158\/revisions\/819"}],"wp:attachment":[{"href":"https:\/\/wp.ufpel.edu.br\/labeq\/wp-json\/wp\/v2\/media?parent=158"}],"curies":[{"name":"wp","href":"https:\/\/api.w.org\/{rel}","templated":true}]}}