{"id":154,"date":"2022-08-11T17:15:17","date_gmt":"2022-08-11T20:15:17","guid":{"rendered":"https:\/\/wp.ufpel.edu.br\/labeq\/?page_id=154"},"modified":"2023-05-10T09:16:28","modified_gmt":"2023-05-10T12:16:28","slug":"eventos","status":"publish","type":"page","link":"https:\/\/wp.ufpel.edu.br\/labeq\/eventos\/","title":{"rendered":"Eventos"},"content":{"rendered":"<div style=\"padding-left: 40px; padding-right: 40px; padding-up: 40px;\">\n<p><span style=\"font-size: 18pt;\">41 &#8211; Edeq<\/span><\/p>\n<p>Fotos do Evento<\/p>\n<p><a style=\"background-color: #991699; color: #fff; border: none; padding: 5px 20px; font-size: 16px; border-radius: 10px; cursor: pointer; transition: all 0.3s ease;\" href=\"https:\/\/www.instagram.com\/edeq.oficial\/\">click aqui\u00a0<\/a><\/p>\n<p>&nbsp;<\/p>\n<\/div>\n<div><\/div>\n","protected":false},"excerpt":{"rendered":"<p>41 &#8211; Edeq Fotos do Evento click aqui\u00a0 &nbsp;<\/p>\n","protected":false},"author":590,"featured_media":0,"parent":0,"menu_order":0,"comment_status":"closed","ping_status":"closed","template":"","meta":{"footnotes":""},"class_list":["post-154","page","type-page","status-publish","hentry"],"jetpack-related-posts":[{"id":821,"url":"https:\/\/wp.ufpel.edu.br\/labeq\/lattes\/","url_meta":{"origin":154,"position":0},"title":"lattes","author":"labeq","date":"26\/07\/2024","format":false,"excerpt":"Trabalhos Publicados em Peri\u00f3dicos \u00a0 Frozza, E. ; PASTORIZA, B. S. . 'A Qu\u00edmica \u00e9 uma \u00e1rea experimental!?: discursos sobre a experimenta\u00e7\u00e3o em um curso de forma\u00e7\u00e3o de professores de Qu\u00edmica. CI\u00caNCIA E NATURA, v. 43, p. 1-26, 2021. https:\/\/doi.org\/10.5902\/2179460X43465 \u00a0 PORCIUNCULA, L. A. B. ; PINHEIRO, A. C. ;\u2026","rel":"","context":"Post similar","block_context":{"text":"Post similar","link":""},"img":{"alt_text":"","src":"","width":0,"height":0},"classes":[]},{"id":569,"url":"https:\/\/wp.ufpel.edu.br\/labeq\/projetos\/do-laboratorio-da-pesquisa-ao-laboratorio-escolar\/","url_meta":{"origin":154,"position":1},"title":"Do laborat\u00f3rio da pesquisa ao laborat\u00f3rio escolar","author":"labeq","date":"14\/03\/2023","format":false,"excerpt":"\u00a0 O projeto \"Do laborat\u00f3rio da pesquisa ao laborat\u00f3rio escolar\" tem como objetivo integrar a extens\u00e3o nos cursos de Qu\u00edmica por meio da colabora\u00e7\u00e3o dos profissionais formados nesses cursos com os laborat\u00f3rios escolares. A parceria com as escolas \u00e9 vista como uma a\u00e7\u00e3o estrat\u00e9gica para a melhoria da forma\u00e7\u00e3o dos\u2026","rel":"","context":"Post similar","block_context":{"text":"Post similar","link":""},"img":{"alt_text":"","src":"https:\/\/i0.wp.com\/wp.ufpel.edu.br\/labeq\/files\/2023\/03\/baixados.jpg?resize=350%2C200&ssl=1","width":350,"height":200},"classes":[]},{"id":592,"url":"https:\/\/wp.ufpel.edu.br\/labeq\/colegio-municipal-pelotense\/","url_meta":{"origin":154,"position":2},"title":"Col\u00e9gio Municipal Pelotense","author":"labeq","date":"20\/03\/2023","format":false,"excerpt":"Lista de reagente e Vidreiras\u00a0 Click Aqui \u00a0 Protocolo de Utiliza\u00e7\u00e3o do laborat\u00f3rio Click Aqui \u00a0 Artigos para pr\u00e1ticas Click Aqui \u00a0 Respons\u00e1veis Jailson de Sousa J\u00fanior WhatsApp\u00a0 \u00a0 Professores\u00a0 Jorge Luiz \u00a0 Hor\u00e1rios\u00a0 Sexta-Feira (manh\u00e3)","rel":"","context":"Post similar","block_context":{"text":"Post similar","link":""},"img":{"alt_text":"","src":"","width":0,"height":0},"classes":[]},{"id":690,"url":"https:\/\/wp.ufpel.edu.br\/labeq\/escola-estadual-de-ensino-medio-cel-pedro-osorio\/","url_meta":{"origin":154,"position":3},"title":"Escola Estadual de Ensino M\u00e9dio Cel. Pedro Os\u00f3rio","author":"labeq","date":"19\/04\/2023","format":false,"excerpt":"Lista de reagentes e vidrier\u00edas\u00a0 Click Aqui Protocolo de Utiliza\u00e7\u00e3o do laborat\u00f3rio Click Aqui Artigos para pr\u00e1ticas Click Aqui Respons\u00e1veis: Jo\u00e3o Pedro WhatsApp Professores Jader Pereira Hor\u00e1rios Segunda (Tarde)","rel":"","context":"Post similar","block_context":{"text":"Post similar","link":""},"img":{"alt_text":"","src":"","width":0,"height":0},"classes":[]},{"id":595,"url":"https:\/\/wp.ufpel.edu.br\/labeq\/eeeb-osmar-da-rocha-grafulha-ciep\/","url_meta":{"origin":154,"position":4},"title":"Eeeb Osmar Da Rocha Grafulha \u2013 Ciep","author":"labeq","date":"20\/03\/2023","format":false,"excerpt":"Lista de reagentes Click Aqui \u00a0 Protocolo de Utiliza\u00e7\u00e3o do laborat\u00f3rio Click Aqui \u00a0 Artigos para pr\u00e1ticas Click Aqui \u00a0 \u00a0 Respons\u00e1veis Karenina Teixeira WhatsApp\u00a0 Tainara Vahl WhatsApp\u00a0 \u00a0 Professores\u00a0 Eliete Vera Luc\u00eda Costa Bri\u00e3o \u00a0 Hor\u00e1rios\u00a0 Segunda-Feira (manh\u00e3) Sexta-Feira (manh\u00e3)","rel":"","context":"Post similar","block_context":{"text":"Post similar","link":""},"img":{"alt_text":"","src":"","width":0,"height":0},"classes":[]},{"id":577,"url":"https:\/\/wp.ufpel.edu.br\/labeq\/projetos\/do-laboratorio-da-pesquisa-ao-laboratorio-escolar\/instituto-estadual-de-educacao-assis-brasil\/","url_meta":{"origin":154,"position":5},"title":"Instituto Estadual de Educa\u00e7\u00e3o Assis Brasil","author":"labeq","date":"14\/03\/2023","format":false,"excerpt":"Lista de reagente Click Aqui \u00a0 Protocolo de Utiliza\u00e7\u00e3o do laborat\u00f3rio Click Aqui \u00a0 Artigos para pr\u00e1ticas Click Aqui \u00a0 Respons\u00e1veis Michael Costa da Rosa WhatsApp\u00a0 Natalia Maiqueli WhatsApp \u00a0 Professores\u00a0 Camila C. Pereira \u00a0 \u00a0 Hor\u00e1rios\u00a0 Quarta-Feira (manh\u00e3) Sexta-feira\u00a0 \u00a0 (manh\u00e3)","rel":"","context":"Post similar","block_context":{"text":"Post similar","link":""},"img":{"alt_text":"","src":"","width":0,"height":0},"classes":[]}],"jetpack_sharing_enabled":true,"_links":{"self":[{"href":"https:\/\/wp.ufpel.edu.br\/labeq\/wp-json\/wp\/v2\/pages\/154","targetHints":{"allow":["GET"]}}],"collection":[{"href":"https:\/\/wp.ufpel.edu.br\/labeq\/wp-json\/wp\/v2\/pages"}],"about":[{"href":"https:\/\/wp.ufpel.edu.br\/labeq\/wp-json\/wp\/v2\/types\/page"}],"author":[{"embeddable":true,"href":"https:\/\/wp.ufpel.edu.br\/labeq\/wp-json\/wp\/v2\/users\/590"}],"replies":[{"embeddable":true,"href":"https:\/\/wp.ufpel.edu.br\/labeq\/wp-json\/wp\/v2\/comments?post=154"}],"version-history":[{"count":6,"href":"https:\/\/wp.ufpel.edu.br\/labeq\/wp-json\/wp\/v2\/pages\/154\/revisions"}],"predecessor-version":[{"id":757,"href":"https:\/\/wp.ufpel.edu.br\/labeq\/wp-json\/wp\/v2\/pages\/154\/revisions\/757"}],"wp:attachment":[{"href":"https:\/\/wp.ufpel.edu.br\/labeq\/wp-json\/wp\/v2\/media?parent=154"}],"curies":[{"name":"wp","href":"https:\/\/api.w.org\/{rel}","templated":true}]}}