{"id":6,"date":"2014-08-13T14:59:35","date_gmt":"2014-08-13T17:59:35","guid":{"rendered":"https:\/\/wp.ufpel.edu.br\/labcomp\/?page_id=6"},"modified":"2023-05-09T16:48:08","modified_gmt":"2023-05-09T19:48:08","slug":"home","status":"publish","type":"page","link":"https:\/\/wp.ufpel.edu.br\/labcomp\/","title":{"rendered":"Home"},"content":{"rendered":"<p style=\"text-align: justify;\">O Laborat\u00f3rio de Composi\u00e7\u00e3o &#8211; LabComp, concentra as atividades de ensino, pesquisa e extens\u00e3o do Bacharelado em Composi\u00e7\u00e3o Musical do Centro de Artes da UFPel. Oferece suporte tecnolo\u0301gico para a pra\u0301tica de composic\u0327a\u0303o assistida por computador, composic\u0327a\u0303o algori\u0301timica, sequenciamento, desenho sonoro, composic\u0327a\u0303o eletroacu\u0301stica, luthieria digital, projetos de composic\u0327a\u0303o multimedia, projetos composicionais envolvendo live electronics, desenvolvimento de softwares para desenho sonoro, composic\u0327a\u0303o e performance, edic\u0327a\u0303o e mixagem de trilhas sonoras, suporte tecnol\u00f3gico para concertos realizados por alunos, professores e convidados dos cursos de bacharelado em mu\u0301sica.<\/p>\n<hr \/>\n<p>The Composition Laboratory &#8211; LabCom, concentrates on teaching, research, and extension activities of the Bachelor of Musical Composition at the Arts Center at UFPel. Offers technological support for the practice of computer-assisted composition, algorithmic composition, sequencing, sound design, electroacoustic composition, digital luthiery, multimedia composition projects, compositional projects involving live electronics, development of sound design software, composition and performance, editing and mixing of soundtracks, technological support for concerts performed by students, teachers, and guests of the bachelor&#8217;s degree in music.<\/p>\n","protected":false},"excerpt":{"rendered":"<p>O Laborat\u00f3rio de Composi\u00e7\u00e3o &#8211; LabComp, concentra as atividades de ensino, pesquisa e extens\u00e3o do Bacharelado em Composi\u00e7\u00e3o Musical do Centro de Artes da UFPel. Oferece suporte tecnolo\u0301gico para a pra\u0301tica de composic\u0327a\u0303o assistida por computador, composic\u0327a\u0303o algori\u0301timica, sequenciamento, desenho sonoro, composic\u0327a\u0303o eletroacu\u0301stica, luthieria digital, projetos de composic\u0327a\u0303o multimedia, projetos composicionais envolvendo live electronics, desenvolvimento&#8230; <\/p>\n<div class=\"link-more\"><a href=\"https:\/\/wp.ufpel.edu.br\/labcomp\/\">Leia mais<\/a><\/div>\n","protected":false},"author":308,"featured_media":0,"parent":0,"menu_order":0,"comment_status":"closed","ping_status":"closed","template":"","meta":{"footnotes":""},"class_list":["post-6","page","type-page","status-publish","hentry"],"jetpack_sharing_enabled":true,"_links":{"self":[{"href":"https:\/\/wp.ufpel.edu.br\/labcomp\/wp-json\/wp\/v2\/pages\/6","targetHints":{"allow":["GET"]}}],"collection":[{"href":"https:\/\/wp.ufpel.edu.br\/labcomp\/wp-json\/wp\/v2\/pages"}],"about":[{"href":"https:\/\/wp.ufpel.edu.br\/labcomp\/wp-json\/wp\/v2\/types\/page"}],"author":[{"embeddable":true,"href":"https:\/\/wp.ufpel.edu.br\/labcomp\/wp-json\/wp\/v2\/users\/308"}],"replies":[{"embeddable":true,"href":"https:\/\/wp.ufpel.edu.br\/labcomp\/wp-json\/wp\/v2\/comments?post=6"}],"version-history":[{"count":8,"href":"https:\/\/wp.ufpel.edu.br\/labcomp\/wp-json\/wp\/v2\/pages\/6\/revisions"}],"predecessor-version":[{"id":187,"href":"https:\/\/wp.ufpel.edu.br\/labcomp\/wp-json\/wp\/v2\/pages\/6\/revisions\/187"}],"wp:attachment":[{"href":"https:\/\/wp.ufpel.edu.br\/labcomp\/wp-json\/wp\/v2\/media?parent=6"}],"curies":[{"name":"wp","href":"https:\/\/api.w.org\/{rel}","templated":true}]}}