{"id":40,"date":"2016-08-10T17:29:29","date_gmt":"2016-08-10T20:29:29","guid":{"rendered":"https:\/\/wp.ufpel.edu.br\/labcomp\/?page_id=40"},"modified":"2025-12-05T08:00:53","modified_gmt":"2025-12-05T11:00:53","slug":"downloads","status":"publish","type":"page","link":"https:\/\/wp.ufpel.edu.br\/labcomp\/downloads\/","title":{"rendered":"Downloads"},"content":{"rendered":"<h1><span style=\"font-size: 14pt;\">Arquivos Modelos<\/span><\/h1>\n<p><strong>Modelo formatado de Memorial (TCC):<\/strong><\/p>\n<p><a href=\"https:\/\/wp.ufpel.edu.br\/labcomp\/files\/2022\/01\/TCC_Memorial_Modelo.docx\">.docx (Word)<\/a><\/p>\n<p><a href=\"https:\/\/wp.ufpel.edu.br\/labcomp\/files\/2022\/01\/TCC_Memorial_Modelo.zip\">.odt (LibreOffice)<\/a><\/p>\n<p><a href=\"https:\/\/wp.ufpel.edu.br\/sisbi\/files\/2025\/08\/Termo-TCC-e-TCCP.pdf\">Termo de autoriza\u00e7\u00e3o exigido pela Biblioteca<\/a><\/p>\n<p><a href=\"https:\/\/wp.ufpel.edu.br\/sisbi\/manual-de-normas-ufpel-para-trabalhos-academicos-atualizada-2023\/%C2%A0\">Manual de Normas UFPel para trabalhos acad\u00eamicos (2023)<\/a><\/p>\n<h1><span style=\"font-size: 14pt;\">Modelos de Cartaz para Recital e Programa (os arquivos que utilizam software livres possuem links para os sites dos aplicativos)<\/span><\/h1>\n<p><strong>Cartaz <a href=\"https:\/\/pt-br.libreoffice.org\/\">LibreOffice:<\/a><\/strong><\/p>\n<p><a href=\"https:\/\/wp.ufpel.edu.br\/labcomp\/files\/2017\/03\/Modelo-Cartaz.odg_.zip\">modelo cartaz.odg<\/a><\/p>\n<p><strong>Programa:<\/strong><\/p>\n<p>Word<\/p>\n<p>LibreOffice<\/p>\n<p><span style=\"color: #000000;\"><strong>Logos para colocar em cartazes e programas (LabComp, CA, UFPel):<\/strong><\/span><\/p>\n<p><a href=\"https:\/\/wp.ufpel.edu.br\/labcomp\/files\/2016\/08\/LabComp-Logos.zip\">LabComp Logos<\/a><\/p>\n<h1><span style=\"font-size: 14pt;\">Termo de Empr\u00e9stimo de Equipamento<\/span><\/h1>\n<p><a href=\"https:\/\/wp.ufpel.edu.br\/labcomp\/files\/2016\/08\/Termo-de-emprestimo-de-material-site.docx\">Termo Empr\u00e9stimo Equip.<\/a><\/p>\n<h1><span style=\"font-size: 14pt;\"><strong>Termo de Doa\u00e7\u00e3o de Equipamento<\/strong><\/span><\/h1>\n<p><a href=\"https:\/\/wp.ufpel.edu.br\/labcomp\/files\/2016\/08\/Termo-de-doac\u0327a\u0303o-de-material-site.docx\">Termo Doa\u00e7\u00e3o Equip.<\/a><\/p>\n","protected":false},"excerpt":{"rendered":"<p>Arquivos Modelos Modelo formatado de Memorial (TCC): .docx (Word) .odt (LibreOffice) Termo de autoriza\u00e7\u00e3o exigido pela Biblioteca Manual de Normas UFPel para trabalhos acad\u00eamicos (2023) Modelos de Cartaz para Recital e Programa (os arquivos que utilizam software livres possuem links para os sites dos aplicativos) Cartaz LibreOffice: modelo cartaz.odg Programa: Word LibreOffice Logos para colocar&#8230; <\/p>\n<div class=\"link-more\"><a href=\"https:\/\/wp.ufpel.edu.br\/labcomp\/downloads\/\">Leia mais<\/a><\/div>\n","protected":false},"author":308,"featured_media":0,"parent":0,"menu_order":0,"comment_status":"closed","ping_status":"closed","template":"","meta":{"footnotes":""},"class_list":["post-40","page","type-page","status-publish","hentry"],"jetpack_sharing_enabled":true,"_links":{"self":[{"href":"https:\/\/wp.ufpel.edu.br\/labcomp\/wp-json\/wp\/v2\/pages\/40","targetHints":{"allow":["GET"]}}],"collection":[{"href":"https:\/\/wp.ufpel.edu.br\/labcomp\/wp-json\/wp\/v2\/pages"}],"about":[{"href":"https:\/\/wp.ufpel.edu.br\/labcomp\/wp-json\/wp\/v2\/types\/page"}],"author":[{"embeddable":true,"href":"https:\/\/wp.ufpel.edu.br\/labcomp\/wp-json\/wp\/v2\/users\/308"}],"replies":[{"embeddable":true,"href":"https:\/\/wp.ufpel.edu.br\/labcomp\/wp-json\/wp\/v2\/comments?post=40"}],"version-history":[{"count":3,"href":"https:\/\/wp.ufpel.edu.br\/labcomp\/wp-json\/wp\/v2\/pages\/40\/revisions"}],"predecessor-version":[{"id":227,"href":"https:\/\/wp.ufpel.edu.br\/labcomp\/wp-json\/wp\/v2\/pages\/40\/revisions\/227"}],"wp:attachment":[{"href":"https:\/\/wp.ufpel.edu.br\/labcomp\/wp-json\/wp\/v2\/media?parent=40"}],"curies":[{"name":"wp","href":"https:\/\/api.w.org\/{rel}","templated":true}]}}