{"id":34,"date":"2016-05-05T15:04:57","date_gmt":"2016-05-05T18:04:57","guid":{"rendered":"https:\/\/wp.ufpel.edu.br\/labcomp\/?page_id=34"},"modified":"2025-12-05T07:53:56","modified_gmt":"2025-12-05T10:53:56","slug":"producao","status":"publish","type":"page","link":"https:\/\/wp.ufpel.edu.br\/labcomp\/producao\/","title":{"rendered":"Produ\u00e7\u00e3o"},"content":{"rendered":"<p><span style=\"font-size: 14pt;\">Aqui voc\u00ea encontra um pouco da produ\u00e7\u00e3o acad\u00eamica e art\u00edstica realizada no LabComp. A produ\u00e7\u00e3o art\u00edstica se encontra agora no nosso canal no youtube:<\/span><\/p>\n<p><span style=\"font-size: 14pt;\"><strong> <a href=\"https:\/\/www.youtube.com\/channel\/UC0ytJgVUIPNXQcA7nmd-Tgw\">LabComp &#8211; Laborat\u00f3rio de Composi\u00e7\u00e3o<\/a><\/strong><br \/>\n<\/span><\/p>\n<h4><strong><span style=\"font-size: 12pt;\">Trabalhos de Conclus\u00e3o de Curso (Memoriais de Composi\u00e7\u00e3o):<\/span><\/strong><\/h4>\n<p><a href=\"https:\/\/wp.ufpel.edu.br\/labcomp\/files\/2025\/10\/BALDI-Gustavo-As_Tomadas_de_Decisao_na_Composicao_de_Fantasia_para_Saxofone_Tenor_e_Orquestra_de_Percussao.pdf\">BALDI, Gustavo &#8211; As Tomadas de Decis\u00e3o na Composi\u00e7\u00e3o de Fantasia para Saxofone Tenor e Orquestra de Percuss\u00e3o<\/a><\/p>\n<p><a href=\"https:\/\/wp.ufpel.edu.br\/labcomp\/files\/2025\/10\/BALDUINO-Joao-Tropologia-da-Composicao.pdf\">BALDUINO, Jo\u00e3o\u00a0 &#8211; Tropologia da Composicao<\/a><\/p>\n<p><a href=\"https:\/\/wp.ufpel.edu.br\/labcomp\/files\/2023\/10\/BERGER-Caique-O-Serialismo-Livre-nos-Raps-Necropolitica-e-C19-21B-1.pdf\">BERGER, Caique &#8211; O Serialismo Livre nos Raps Necropol\u00edtica e C19-21B<\/a><\/p>\n<p><a href=\"https:\/\/wp.ufpel.edu.br\/labcomp\/files\/2016\/05\/CAMARGO-Victor-processo-composicional-de-Variac\u0327o\u0303es-para-trio-de-flautas.pdf\">CAMARGO, Victor &#8211; processo composicional de Variac\u0327o\u0303es para trio de flautas<\/a><\/p>\n<p><a href=\"https:\/\/wp.ufpel.edu.br\/labcomp\/files\/2016\/05\/CUNHA-Gustavo-Leite-Processos-criativos-na-composic\u0327a\u0303o-e-espacializac\u0327a\u0303o-do-vi\u0301deo-mu\u0301sica-Du\u0301bia-Si\u0301ntese-do-Sile\u0302ncio.pdf\">CUNHA, Gustavo Leite &#8211; Processos criativos na composic\u0327a\u0303o e espacializac\u0327a\u0303o do vi\u0301deo-mu\u0301sica Du\u0301bia Si\u0301ntese do Sile\u0302ncio<\/a><\/p>\n<p><a href=\"https:\/\/wp.ufpel.edu.br\/labcomp\/files\/2021\/07\/FARO-Gabriel-Minimal_a-repeticao-como-elemento-catalisador-da-composicao0A.pdf\">FARO, Gabriel &#8211; Minimal_a repeti\u00e7\u00e3o como elemento catalisador da composi\u00e7\u00e3o<\/a><\/p>\n<p><a href=\"https:\/\/wp.ufpel.edu.br\/labcomp\/files\/2016\/05\/FEDRIGO-Renna-Processos-Composicionais-nas-obras-Paisagem-Fu\u0301nebre-Blues-das-Flores-e-Invierno.pdf\">FEDRIGO, Renna &#8211; Processos Composicionais nas obras Paisagem Fu\u0301nebre, Blues das Flores e Invierno<\/a><\/p>\n<p><a href=\"https:\/\/wp.ufpel.edu.br\/labcomp\/files\/2021\/07\/FERRO-Lucio-Influencias-e-referencias-durante-processo-composicional-da-peca-Vazio-.pdf\">FERRO, Lucio &#8211; Influ\u00eancias e refer\u00eancias durante processo composicional da pe\u00e7a Vazio<\/a><\/p>\n<p><a href=\"https:\/\/wp.ufpel.edu.br\/labcomp\/files\/2025\/10\/FONTES-Lorena-Reflexo\u0303es-sobre-Memo\u0301ria-Identidade-Vida-e-Morte-na-criac\u0327a\u0303o-das-obras-Kohaku-River-e-Passagem.pdf\">FONTES, Lorena &#8211; Reflexo\u0303es sobre Memo\u0301ria Identidade Vida e Morte na criac\u0327a\u0303o das obras Kohaku River e Passagem<\/a><\/p>\n<p><a href=\"https:\/\/wp.ufpel.edu.br\/labcomp\/files\/2021\/12\/FREITAS-Darlan-Musico-empreendedor-Questoes-aplicadas-a-insercao-de-um-produto0Amusical-no-mercado-local-a-partir-da-estruturacao-de-uma-escola-de0Amusica.pdf\">FREITAS, Darlan &#8211; M\u00fasico empreendedor &#8211; Quest\u00f5es aplicadas \u00e0 inser\u00e7\u00e3o de um produto musical no mercado local a partir da estrutura\u00e7\u00e3o de uma escola de m\u00fasica<\/a><\/p>\n<p><a href=\"https:\/\/wp.ufpel.edu.br\/labcomp\/files\/2018\/03\/GONC\u0327ALVESFabri\u0301cio-Os-processos-composicionais-da-pec\u0327a-E\u0300lan.pdf\">GONC\u0327ALVES,Fabri\u0301cio &#8211; Os processos composicionais da pec\u0327a E\u0300lan<\/a><\/p>\n<p><a href=\"https:\/\/wp.ufpel.edu.br\/labcomp\/files\/2016\/05\/LIMA-Jose-Augusto-Os-elementos-extramusicais-da-pec\u0327a-Zodi\u0301aco.pdf\">LIMA, Jose Augusto &#8211; Os elementos extramusicais da pec\u0327a Zodi\u0301aco<\/a><\/p>\n<p><a href=\"https:\/\/wp.ufpel.edu.br\/labcomp\/files\/2016\/05\/MACHADO-Renato-Rupturas-para-quarteto-vocal-piano-guitarra-percussao-sons-pre-gravados-e-narrador-Memorial.pdf\">MACHADO, Renato &#8211; Rupturas &#8211; para quarteto vocal, piano, guitarra, percussao, sons pre-gravados e narrador -Memorial<\/a><\/p>\n<p><a href=\"https:\/\/wp.ufpel.edu.br\/labcomp\/files\/2016\/05\/MARIMON-Yuri-Rigidez-serial-e-intuic\u0327a\u0303o-A-organizac\u0327a\u0303o-das-alturas-nas-pec\u0327as-Farol-e-Cortes.pdf\">MARIMON, Yuri &#8211; Rigidez serial e intuic\u0327a\u0303o &#8211; A organizac\u0327a\u0303o das alturas nas pec\u0327as Farol e Cortes<\/a><\/p>\n<p><a href=\"https:\/\/wp.ufpel.edu.br\/labcomp\/files\/2016\/05\/MENESES-Leandro-Revisar_Olhar-para-tras-com-o-conhecimento-atual.pdf\">MENESES, Leandro &#8211; Revisar_Olhar para tr\u00e1s com o conhecimento atual<\/a><\/p>\n<p><a href=\"https:\/\/wp.ufpel.edu.br\/labcomp\/files\/2016\/05\/Oliveira-Elder-A-estruturac\u0327a\u0303o-formal-da-obra-Noturno-I-forma-ci\u0301clica.pdf\">OLIVEIRA, Elder &#8211; A estruturac\u0327a\u0303o formal da obra Noturno I &#8211; forma ci\u0301clica<\/a><\/p>\n<p><a href=\"https:\/\/wp.ufpel.edu.br\/labcomp\/files\/2019\/07\/PEREIRA-Flavio-A-Intuic\u0327a\u0303o-na-criac\u0327a\u0303o-composicional-e-o-uso-de-polirritmias-guiadas-por-uma-fotografia.pdf\">PEREIRA, Flavio &#8211; A Intuic\u0327a\u0303o na criac\u0327a\u0303o composicional e o uso de polirritmias guiadas por uma fotografia<\/a><\/p>\n<p><a href=\"https:\/\/wp.ufpel.edu.br\/labcomp\/files\/2025\/12\/PETIT-Marcio.Analise_da_instrumentacao_na_composicao_Ceu_Azul.pdf\">PETIT-Marcio &#8211; An\u00e1lise da instrumenta\u00e7\u00e3o na composi\u00e7\u00e3o C\u00e9u Azul<\/a><\/p>\n<p><a href=\"https:\/\/wp.ufpel.edu.br\/labcomp\/files\/2019\/09\/ROCHA-Polyana-O-processo-composicional-de-\u200bSmelly-Cat\u200b-notas-de-um-percurso.pdf\">ROCHA, Polyana &#8211; O processo composicional de \u200bSmelly Cat\u200b: notas de um percurso<\/a><\/p>\n<p><a href=\"https:\/\/wp.ufpel.edu.br\/labcomp\/files\/2025\/10\/SALLES-Mauricio-A-construc\u0327a\u0303o-da-letra-atrave\u0301s-da-poe\u0301tica-de-Leonard-Cohen.pdf\">SALLES, Mauricio &#8211; A construc\u0327a\u0303o da letra atrave\u0301s da poe\u0301tica de Leonard Cohen<\/a><\/p>\n<p><a href=\"https:\/\/wp.ufpel.edu.br\/labcomp\/files\/2025\/12\/SANTOS-Felipe.O_piano_e_a_adaptabilidade_musical_nos_jogos_digitais.pdf\">SANTOS, Felipe &#8211; O piano e a adaptabilidade musical nos jogos digitais<\/a><\/p>\n<p><a href=\"https:\/\/wp.ufpel.edu.br\/labcomp\/files\/2021\/12\/SILVA-Marcio-Ary-Sinais-de-Esperanca-processos-composicionais-para-um-quinteto-de-metais.pdf\">SILVA, Marcio Ary &#8211; Sinais de Esperanca processos composicionais para um quinteto de metais<\/a><\/p>\n<p><a href=\"https:\/\/wp.ufpel.edu.br\/labcomp\/files\/2025\/12\/SILVA-Rafael.O_emprego_do_toque_cabula_na_composicao_Ceu_Urbano.pdf\">SILVA, Rafael &#8211; O emprego do toque cabula na composi\u00e7\u00e3o C\u00e9u Urbano<\/a><\/p>\n<p><a href=\"https:\/\/wp.ufpel.edu.br\/labcomp\/files\/2016\/05\/SILVEIRA-Gustavo-Oliveira-da-Using-Juggling-as-a-Controller-For-Computer-Generated-Music.pdf\">SILVEIRA, Gustavo Oliveira da &#8211; Using Juggling as a Controller For Computer-Generated Music<\/a><\/p>\n<p><a href=\"https:\/\/wp.ufpel.edu.br\/labcomp\/files\/2022\/07\/SOARES-Gustavo-Processo-Composicional-de-Choro-pra-Bia-para-violao-solo.pdf\">SOARES, Gustavo &#8211; Processo Composicional de \u201cChoro pra Bia\u201d para viol\u00e3o solo<\/a><\/p>\n<p><a href=\"https:\/\/wp.ufpel.edu.br\/labcomp\/files\/2016\/05\/TUCHTENHAGEN-Davi-Semio\u0301tica-e-Composic\u0327a\u0303o.pdf\">TUCHTENHAGEN, Davi &#8211; Semio\u0301tica e Composic\u0327a\u0303o<\/a><\/p>\n<p><a href=\"https:\/\/wp.ufpel.edu.br\/labcomp\/files\/2021\/12\/VARGAS-Abner.Transformacoes-no-processo-criativo-da-cancao-Amar-e-enaltecer.pdf\">VARGAS, Abner &#8211; Transforma\u00e7\u00f5es no processo criativo da can\u00e7\u00e3o Amar \u00e9 enaltecer<\/a><\/p>\n<p>&nbsp;<\/p>\n<p>&nbsp;<\/p>\n","protected":false},"excerpt":{"rendered":"<p>Aqui voc\u00ea encontra um pouco da produ\u00e7\u00e3o acad\u00eamica e art\u00edstica realizada no LabComp. A produ\u00e7\u00e3o art\u00edstica se encontra agora no nosso canal no youtube: LabComp &#8211; Laborat\u00f3rio de Composi\u00e7\u00e3o Trabalhos de Conclus\u00e3o de Curso (Memoriais de Composi\u00e7\u00e3o): BALDI, Gustavo &#8211; As Tomadas de Decis\u00e3o na Composi\u00e7\u00e3o de Fantasia para Saxofone Tenor e Orquestra de Percuss\u00e3o&#8230; <\/p>\n<div class=\"link-more\"><a href=\"https:\/\/wp.ufpel.edu.br\/labcomp\/producao\/\">Leia mais<\/a><\/div>\n","protected":false},"author":308,"featured_media":0,"parent":0,"menu_order":0,"comment_status":"closed","ping_status":"closed","template":"","meta":{"footnotes":""},"class_list":["post-34","page","type-page","status-publish","hentry"],"jetpack_sharing_enabled":true,"_links":{"self":[{"href":"https:\/\/wp.ufpel.edu.br\/labcomp\/wp-json\/wp\/v2\/pages\/34","targetHints":{"allow":["GET"]}}],"collection":[{"href":"https:\/\/wp.ufpel.edu.br\/labcomp\/wp-json\/wp\/v2\/pages"}],"about":[{"href":"https:\/\/wp.ufpel.edu.br\/labcomp\/wp-json\/wp\/v2\/types\/page"}],"author":[{"embeddable":true,"href":"https:\/\/wp.ufpel.edu.br\/labcomp\/wp-json\/wp\/v2\/users\/308"}],"replies":[{"embeddable":true,"href":"https:\/\/wp.ufpel.edu.br\/labcomp\/wp-json\/wp\/v2\/comments?post=34"}],"version-history":[{"count":3,"href":"https:\/\/wp.ufpel.edu.br\/labcomp\/wp-json\/wp\/v2\/pages\/34\/revisions"}],"predecessor-version":[{"id":201,"href":"https:\/\/wp.ufpel.edu.br\/labcomp\/wp-json\/wp\/v2\/pages\/34\/revisions\/201"}],"wp:attachment":[{"href":"https:\/\/wp.ufpel.edu.br\/labcomp\/wp-json\/wp\/v2\/media?parent=34"}],"curies":[{"name":"wp","href":"https:\/\/api.w.org\/{rel}","templated":true}]}}