{"id":28,"date":"2014-12-05T17:10:21","date_gmt":"2014-12-05T19:10:21","guid":{"rendered":"https:\/\/wp.ufpel.edu.br\/labcomp\/?page_id=28"},"modified":"2025-12-05T08:12:00","modified_gmt":"2025-12-05T11:12:00","slug":"links","status":"publish","type":"page","link":"https:\/\/wp.ufpel.edu.br\/labcomp\/links\/","title":{"rendered":"Links"},"content":{"rendered":"<h1><span style=\"font-size: 14pt;\">Institucionais:<\/span><\/h1>\n<p><a title=\"UFPel\" href=\"http:\/\/portal.ufpel.edu.br\/\">Portal UFPel<\/a><\/p>\n<p><a title=\"Centro de Artes UFPel\" href=\"https:\/\/wp.ufpel.edu.br\/ca\/\">Centro de Artes<\/a><\/p>\n<p><a title=\"M\u00fasica Bacharelado\" href=\"https:\/\/wp.ufpel.edu.br\/bachmusica\/\">Bacharelados em M\u00fasica CA\/UFPel<\/a><\/p>\n<p><a title=\"Auditorio agenda\" href=\"http:\/\/auditorioiad.blogspot.com.br\/\">Agenda Audit\u00f3rios<\/a><\/p>\n<p><a href=\"https:\/\/pergamum.ufpel.edu.br\/pergamum\/biblioteca\/\">Biblioteca &#8211; Sistema de Busca Pergamum<\/a><\/p>\n<p><a href=\"https:\/\/wp.ufpel.edu.br\/sisbi\/manual-de-normas-ufpel-para-trabalhos-academicos-atualizada-2023\/\">Biblioteca &#8211; Manual de normas<\/a><\/p>\n<p><a href=\"https:\/\/periodicos.ufpel.edu.br\/ojs2\/\">Peri\u00f3dicos UFPel<\/a><\/p>\n<p><a href=\"http:\/\/www.periodicos.capes.gov.br\/\">Portal de Peri\u00f3dicos CAPES<\/a><\/p>\n<p><a href=\"https:\/\/wp.ufpel.edu.br\/choropelotas\/\">Clube do Choro<\/a><\/p>\n<p><a href=\"https:\/\/acervosvirtuais.ufpel.edu.br\/acervodochorodepelotas\/\">Acervo do Choro de Pelotas<\/a><\/p>\n<p>&nbsp;<\/p>\n","protected":false},"excerpt":{"rendered":"<p>Institucionais: Portal UFPel Centro de Artes Bacharelados em M\u00fasica CA\/UFPel Agenda Audit\u00f3rios Biblioteca &#8211; Sistema de Busca Pergamum Biblioteca &#8211; Manual de normas Peri\u00f3dicos UFPel Portal de Peri\u00f3dicos CAPES Clube do Choro Acervo do Choro de Pelotas &nbsp;<\/p>\n","protected":false},"author":308,"featured_media":0,"parent":0,"menu_order":0,"comment_status":"closed","ping_status":"closed","template":"","meta":{"footnotes":""},"class_list":["post-28","page","type-page","status-publish","hentry"],"jetpack_sharing_enabled":true,"_links":{"self":[{"href":"https:\/\/wp.ufpel.edu.br\/labcomp\/wp-json\/wp\/v2\/pages\/28","targetHints":{"allow":["GET"]}}],"collection":[{"href":"https:\/\/wp.ufpel.edu.br\/labcomp\/wp-json\/wp\/v2\/pages"}],"about":[{"href":"https:\/\/wp.ufpel.edu.br\/labcomp\/wp-json\/wp\/v2\/types\/page"}],"author":[{"embeddable":true,"href":"https:\/\/wp.ufpel.edu.br\/labcomp\/wp-json\/wp\/v2\/users\/308"}],"replies":[{"embeddable":true,"href":"https:\/\/wp.ufpel.edu.br\/labcomp\/wp-json\/wp\/v2\/comments?post=28"}],"version-history":[{"count":3,"href":"https:\/\/wp.ufpel.edu.br\/labcomp\/wp-json\/wp\/v2\/pages\/28\/revisions"}],"predecessor-version":[{"id":171,"href":"https:\/\/wp.ufpel.edu.br\/labcomp\/wp-json\/wp\/v2\/pages\/28\/revisions\/171"}],"wp:attachment":[{"href":"https:\/\/wp.ufpel.edu.br\/labcomp\/wp-json\/wp\/v2\/media?parent=28"}],"curies":[{"name":"wp","href":"https:\/\/api.w.org\/{rel}","templated":true}]}}