{"id":12,"date":"2014-11-26T09:41:46","date_gmt":"2014-11-26T11:41:46","guid":{"rendered":"https:\/\/wp.ufpel.edu.br\/labcomp\/?page_id=12"},"modified":"2019-07-30T08:54:07","modified_gmt":"2019-07-30T11:54:07","slug":"projetos","status":"publish","type":"page","link":"https:\/\/wp.ufpel.edu.br\/labcomp\/projetos\/","title":{"rendered":"Projetos"},"content":{"rendered":"<p>Aqui voc\u00ea ir\u00e1 ter acesso as informa\u00e7\u00f5es sobre os projetos de ensino, pesquisa e extens\u00e3o desenvolvidos no LabComp<\/p>\n<p>Papo de Compositor<\/p>\n<p>Interativa<\/p>\n<p>Cadernos do LabComp<\/p>\n","protected":false},"excerpt":{"rendered":"<p>Aqui voc\u00ea ir\u00e1 ter acesso as informa\u00e7\u00f5es sobre os projetos de ensino, pesquisa e extens\u00e3o desenvolvidos no LabComp Papo de Compositor Interativa Cadernos do LabComp<\/p>\n","protected":false},"author":308,"featured_media":0,"parent":0,"menu_order":0,"comment_status":"closed","ping_status":"closed","template":"","meta":{"footnotes":""},"class_list":["post-12","page","type-page","status-publish","hentry"],"jetpack_sharing_enabled":true,"_links":{"self":[{"href":"https:\/\/wp.ufpel.edu.br\/labcomp\/wp-json\/wp\/v2\/pages\/12","targetHints":{"allow":["GET"]}}],"collection":[{"href":"https:\/\/wp.ufpel.edu.br\/labcomp\/wp-json\/wp\/v2\/pages"}],"about":[{"href":"https:\/\/wp.ufpel.edu.br\/labcomp\/wp-json\/wp\/v2\/types\/page"}],"author":[{"embeddable":true,"href":"https:\/\/wp.ufpel.edu.br\/labcomp\/wp-json\/wp\/v2\/users\/308"}],"replies":[{"embeddable":true,"href":"https:\/\/wp.ufpel.edu.br\/labcomp\/wp-json\/wp\/v2\/comments?post=12"}],"version-history":[{"count":2,"href":"https:\/\/wp.ufpel.edu.br\/labcomp\/wp-json\/wp\/v2\/pages\/12\/revisions"}],"predecessor-version":[{"id":112,"href":"https:\/\/wp.ufpel.edu.br\/labcomp\/wp-json\/wp\/v2\/pages\/12\/revisions\/112"}],"wp:attachment":[{"href":"https:\/\/wp.ufpel.edu.br\/labcomp\/wp-json\/wp\/v2\/media?parent=12"}],"curies":[{"name":"wp","href":"https:\/\/api.w.org\/{rel}","templated":true}]}}