{"id":223,"date":"2019-02-27T14:20:15","date_gmt":"2019-02-27T17:20:15","guid":{"rendered":"https:\/\/wp.ufpel.edu.br\/labcom\/?page_id=223"},"modified":"2024-10-22T14:41:35","modified_gmt":"2024-10-22T17:41:35","slug":"pagina-inicial","status":"publish","type":"page","link":"https:\/\/wp.ufpel.edu.br\/labcom\/","title":{"rendered":"P\u00e1gina Inicial"},"content":{"rendered":"<div id=\"pl-223\"  class=\"panel-layout\" ><div id=\"pg-223-0\"  class=\"panel-grid panel-no-style\" ><div id=\"pgc-223-0-0\"  class=\"panel-grid-cell\" ><div id=\"panel-223-0-0-0\" class=\"so-panel widget widget_circleicon-widget panel-first-child panel-last-child\" data-index=\"0\" >\t\t<div class=\"circle-icon-box circle-icon-position-top circle-icon-hide-box circle-icon-size-small \">\n\t\t\t\t\t\t\t<div class=\"circle-icon-wrapper\">\n\t\t\t\t\t\t\t\t\t\t<a href=\"https:\/\/wp.ufpel.edu.br\/labcom\/pt\/projetos-desenvolvidos-pelo-labcom\/\" class=\"link-icon\" >\t\t\t\t\t<div class=\"circle-icon icon-style-set\" style=\"background-color: #333333\">\n\t\t\t\t\t\t\t\t\t\t\t\t\t<div\n\t\t\t\t\t\t\t\tclass=\"fa fa-book  icon-style-set\"\n\t\t\t\t\t\t\t\t\t\t\t\t\t\t\t><\/div>\n\t\t\t\t\t\t\t\t\t\t\t<\/div>\n\t\t\t\t\t<\/a>\t\t\t\t<\/div>\n\t\t\t\n\t\t\t\t\t\t\t<a\n\t\t\t\t\thref=\"https:\/\/wp.ufpel.edu.br\/labcom\/pt\/projetos-desenvolvidos-pelo-labcom\/\"\n\t\t\t\t\tclass=\"link-title\" \t\t\t\t>\n\t\t\t\t\t\t\t\t\t\t<h4 >\n\t\t\t\t\tProjetos\t\t\t\t<\/h4>\n\t\t\t\t\t\t\t\t\t\t<\/a>\n\t\t\t\n\t\t\t\t\t\t\t<p class=\"text\" >\n\t\t\t\tO Laborat\u00f3rio de Estudos Comportamentais da UFPEL tem como foco priorit\u00e1rio a realiza\u00e7\u00e3o de projetos que abordam a mudan\u00e7a clim\u00e1tica, a justi\u00e7a clim\u00e1tica e as a\u00e7\u00f5es de adapta\u00e7\u00e3o e mitiga\u00e7\u00e3o em rela\u00e7\u00e3o \u00e0s mudan\u00e7as do clima. Esses projetos buscam entender e promover solu\u00e7\u00f5es para os desafios ambientais atuais, como o aumento das temperaturas globais, a eleva\u00e7\u00e3o do n\u00edvel do mar e a intensifica\u00e7\u00e3o de eventos clim\u00e1ticos extremos. \t\t\t<\/p>\n\t\t\t\t\t\t\t\t\t\t<a\n\t\t\t\t\thref=\"https:\/\/wp.ufpel.edu.br\/labcom\/pt\/projetos-desenvolvidos-pelo-labcom\/\"\n\t\t\t\t\tclass=\"more-button\"\n\t\t\t\t\t\t\t\t\t>\n\t\t\t\t\tSaiba Mais\t\t\t\t\t<i><\/i>\n\t\t\t\t<\/a>\n\t\t\t\t\t<\/div>\n\t\t<\/div><\/div><div id=\"pgc-223-0-1\"  class=\"panel-grid-cell\" ><div id=\"panel-223-0-1-0\" class=\"so-panel widget widget_circleicon-widget panel-first-child panel-last-child\" data-index=\"1\" >\t\t<div class=\"circle-icon-box circle-icon-position-top circle-icon-hide-box circle-icon-size-small \">\n\t\t\t\t\t\t\t<div class=\"circle-icon-wrapper\">\n\t\t\t\t\t\t\t\t\t\t<a href=\"https:\/\/wp.ufpel.edu.br\/labcom\/pt\/noticias\/\" class=\"link-icon\" >\t\t\t\t\t<div class=\"circle-icon icon-style-set\" style=\"background-color: #333333\">\n\t\t\t\t\t\t\t\t\t\t\t\t\t<div\n\t\t\t\t\t\t\t\tclass=\"fa fa-archive  icon-style-set\"\n\t\t\t\t\t\t\t\t\t\t\t\t\t\t\t><\/div>\n\t\t\t\t\t\t\t\t\t\t\t<\/div>\n\t\t\t\t\t<\/a>\t\t\t\t<\/div>\n\t\t\t\n\t\t\t\t\t\t\t<a\n\t\t\t\t\thref=\"https:\/\/wp.ufpel.edu.br\/labcom\/pt\/noticias\/\"\n\t\t\t\t\tclass=\"link-title\" \t\t\t\t>\n\t\t\t\t\t\t\t\t\t\t<h4 >\n\t\t\t\t\tNot\u00edcias\t\t\t\t<\/h4>\n\t\t\t\t\t\t\t\t\t\t<\/a>\n\t\t\t\n\t\t\t\t\t\t\t<p class=\"text\" >\n\t\t\t\tNossa p\u00e1gina de not\u00edcias divulga t\u00f3picos de interesse ao laborat\u00f3rio, sempre atualizada. Mantenha-se por dentro!\t\t\t<\/p>\n\t\t\t\t\t\t\t\t\t\t<a\n\t\t\t\t\thref=\"https:\/\/wp.ufpel.edu.br\/labcom\/pt\/noticias\/\"\n\t\t\t\t\tclass=\"more-button\"\n\t\t\t\t\t\t\t\t\t>\n\t\t\t\t\tSaiba Mais\t\t\t\t\t<i><\/i>\n\t\t\t\t<\/a>\n\t\t\t\t\t<\/div>\n\t\t<\/div><\/div><div id=\"pgc-223-0-2\"  class=\"panel-grid-cell\" ><div id=\"panel-223-0-2-0\" class=\"so-panel widget widget_circleicon-widget panel-first-child panel-last-child\" data-index=\"2\" >\t\t<div class=\"circle-icon-box circle-icon-position-top circle-icon-hide-box circle-icon-size-small \">\n\t\t\t\t\t\t\t<div class=\"circle-icon-wrapper\">\n\t\t\t\t\t\t\t\t\t\t<a href=\"https:\/\/wp.ufpel.edu.br\/labcom\/pt\/instituicoes-equipe\/\" class=\"link-icon\" >\t\t\t\t\t<div class=\"circle-icon icon-style-set\" style=\"background-color: #333333\">\n\t\t\t\t\t\t\t\t\t\t\t\t\t<div\n\t\t\t\t\t\t\t\tclass=\"fa fa-folder  icon-style-set\"\n\t\t\t\t\t\t\t\t\t\t\t\t\t\t\t><\/div>\n\t\t\t\t\t\t\t\t\t\t\t<\/div>\n\t\t\t\t\t<\/a>\t\t\t\t<\/div>\n\t\t\t\n\t\t\t\t\t\t\t<a\n\t\t\t\t\thref=\"https:\/\/wp.ufpel.edu.br\/labcom\/pt\/instituicoes-equipe\/\"\n\t\t\t\t\tclass=\"link-title\" \t\t\t\t>\n\t\t\t\t\t\t\t\t\t\t<h4 >\n\t\t\t\t\tEquipe\t\t\t\t<\/h4>\n\t\t\t\t\t\t\t\t\t\t<\/a>\n\t\t\t\n\t\t\t\t\t\t\t<p class=\"text\" >\n\t\t\t\tNossa equipe d\u00e1 as boas vindas a todos os interessados em estudos comportamentais: conhe\u00e7a nossos colaboradores bolsistas e volunt\u00e1rios. Participe tamb\u00e9m de nossos projetos! Para oportunidades de bolsa, entre em contato e fique atento \u00e0s not\u00edcias.\t\t\t<\/p>\n\t\t\t\t\t\t\t\t\t\t<a\n\t\t\t\t\thref=\"https:\/\/wp.ufpel.edu.br\/labcom\/pt\/instituicoes-equipe\/\"\n\t\t\t\t\tclass=\"more-button\"\n\t\t\t\t\t\t\t\t\t>\n\t\t\t\t\tSaiba Mais\t\t\t\t\t<i><\/i>\n\t\t\t\t<\/a>\n\t\t\t\t\t<\/div>\n\t\t<\/div><\/div><\/div><div id=\"pg-223-1\"  class=\"panel-grid panel-has-style\" ><div class=\"wide-grey panel-row-style panel-row-style-for-223-1\" ><div id=\"pgc-223-1-0\"  class=\"panel-grid-cell\" ><div id=\"panel-223-1-0-0\" class=\"so-panel widget widget_headline-widget panel-first-child panel-last-child\" data-index=\"3\" >\t\t<h1>Venha fazer parte do LabCom<\/h1>\n\t\t<div class=\"decoration\"><div class=\"decoration-inside\"><\/div><\/div>\n\t\t<h3>O Laborat\u00f3rio de Estudos Comportamentais (LabCom) est\u00e1 sediado na Universidade Federal de Pelotas (UFPel), na Faculdade de Arquitetura e Urbanismo, no Brasil, tendo iniciado suas atividades em 2016. \u00c9 um laborat\u00f3rio multidisciplinar que enfoca o estudo do comportamento das pessoas no meio ambiente constru\u00eddo e natural. Abrange pesquisas nas \u00e1reas de desenho e planejamento urbano, arquitetura, psicologia ambiental, pol\u00edtica social, sociologia, filosofia e turismo. Estamos localizados na sala 108 da Faculdade de Arquitetura e Urbanismo da UFPel e contamos com um time internacional de professores, pesquisadores e bolsistas. Venha nos visitar e participar!  Contato: Profa. Dra. Adriana Portella - adrianaportella@yahoo.com.br, Professora Adjunta da Faculdade de Arquitetura e Urbanismo da UFPel.<\/h3>\n\t\t<\/div><\/div><\/div><\/div><div id=\"pg-223-2\"  class=\"panel-grid panel-no-style\" ><div id=\"pgc-223-2-0\"  class=\"panel-grid-cell\" ><div id=\"panel-223-2-0-0\" class=\"so-panel widget widget_siteorigin-panels-postloop panel-first-child\" data-index=\"4\" ><h3 class=\"widget-title\"><span class=\"vantage-carousel-title\"><span class=\"vantage-carousel-title-text\">Not\u00edcias<\/span><a href=\"#\" class=\"next\" title=\"Pr\u00f3ximo\"><span class=\"vantage-icon-arrow-right\"><\/span><\/a><a href=\"#\" class=\"previous\" title=\"Anterior\"><span class=\"vantage-icon-arrow-left\"><\/span><\/a><\/span><\/h3><div class=\"vantage-carousel-wrapper\">\n\t\n\t<ul\n\t\tclass=\"vantage-carousel\"\n\t\tdata-query=\"{&quot;post_status&quot;:&quot;publish&quot;,&quot;posts_per_page&quot;:10,&quot;post_type&quot;:&quot;post&quot;,&quot;tax_query_relation&quot;:&quot;OR&quot;,&quot;date_type&quot;:&quot;specific&quot;,&quot;date_query&quot;:{&quot;after&quot;:&quot;&quot;,&quot;before&quot;:&quot;&quot;,&quot;inclusive&quot;:true},&quot;date_query_relative&quot;:&quot;{\\&quot;from\\&quot;:[],\\&quot;to\\&quot;:[]}&quot;,&quot;orderby&quot;:&quot;date&quot;,&quot;order&quot;:&quot;DESC&quot;,&quot;post__not_in&quot;:[223,223],&quot;paged&quot;:1,&quot;fields&quot;:&quot;all&quot;,&quot;lazy_load_term_meta&quot;:true}\"\n\t\tdata-ajax-url=\"https:\/\/wp.ufpel.edu.br\/labcom\/wp-admin\/admin-ajax.php?vantage_carousel_nonce=563929f360\"\n\t>\n\t\t\t\t\t<li class=\"carousel-entry\">\n\t\t\t\t<div class=\"thumbnail\">\n\t\t\t\t\t\t\t\t\t\t\t<a href=\"https:\/\/wp.ufpel.edu.br\/labcom\/?p=4434\" style=\"background-image: url(https:\/\/wp.ufpel.edu.br\/labcom\/files\/2023\/07\/WhatsApp-Image-2023-07-27-at-18.51.02-272x182.jpeg)\">\n\t\t\t\t\t\t<\/a>\n\t\t\t\t\t\t\t\t\t<\/div>\n\t\t\t\t\t\t\t\t<h3><a href=\"https:\/\/wp.ufpel.edu.br\/labcom\/?p=4434\">\u00a1\u00a1Otro LabCom Caf\u00e9 logrado!!<\/a><\/h3>\n\t\t\t<\/li>\n\t\t\t\t\t<li class=\"carousel-entry\">\n\t\t\t\t<div class=\"thumbnail\">\n\t\t\t\t\t\t\t\t\t\t\t<a href=\"https:\/\/wp.ufpel.edu.br\/labcom\/?p=4429\" style=\"background-image: url(https:\/\/wp.ufpel.edu.br\/labcom\/files\/2023\/07\/WhatsApp-Image-2023-07-27-at-18.51.02-272x182.jpeg)\">\n\t\t\t\t\t\t<\/a>\n\t\t\t\t\t\t\t\t\t<\/div>\n\t\t\t\t\t\t\t\t<h3><a href=\"https:\/\/wp.ufpel.edu.br\/labcom\/?p=4429\">Another LabCom Caf\u00e9 accomplished!!<\/a><\/h3>\n\t\t\t<\/li>\n\t\t\t\t\t<li class=\"carousel-entry\">\n\t\t\t\t<div class=\"thumbnail\">\n\t\t\t\t\t\t\t\t\t\t\t<a href=\"https:\/\/wp.ufpel.edu.br\/labcom\/?p=4424\" style=\"background-image: url(https:\/\/wp.ufpel.edu.br\/labcom\/files\/2023\/07\/WhatsApp-Image-2023-07-27-at-18.51.02-272x182.jpeg)\">\n\t\t\t\t\t\t<\/a>\n\t\t\t\t\t\t\t\t\t<\/div>\n\t\t\t\t\t\t\t\t<h3><a href=\"https:\/\/wp.ufpel.edu.br\/labcom\/?p=4424\">Mais um LabCom Caf\u00e9 realizado!!<\/a><\/h3>\n\t\t\t<\/li>\n\t\t\t\t\t<li class=\"carousel-entry\">\n\t\t\t\t<div class=\"thumbnail\">\n\t\t\t\t\t\t\t\t\t\t\t<a href=\"https:\/\/wp.ufpel.edu.br\/labcom\/?p=4409\" style=\"background-image: url(https:\/\/wp.ufpel.edu.br\/labcom\/files\/slider2\/cce8860f-497f-43e8-bf37-8db6263f3791-272x182.jpeg)\">\n\t\t\t\t\t\t<\/a>\n\t\t\t\t\t\t\t\t\t<\/div>\n\t\t\t\t\t\t\t\t<h3><a href=\"https:\/\/wp.ufpel.edu.br\/labcom\/?p=4409\">LabCom Caf\u00e9 &#8211; Como podemos fazer uma Arquitetura e Urbanismo mais inclusivos?<\/a><\/h3>\n\t\t\t<\/li>\n\t\t\t\t\t<li class=\"carousel-entry\">\n\t\t\t\t<div class=\"thumbnail\">\n\t\t\t\t\t\t\t\t\t\t\t<a href=\"https:\/\/wp.ufpel.edu.br\/labcom\/?p=4404\" style=\"background-image: url(https:\/\/wp.ufpel.edu.br\/labcom\/files\/2023\/07\/2bfb2afa-9432-423d-a33b-7c46f3f1f58b-272x182.jpeg)\">\n\t\t\t\t\t\t<\/a>\n\t\t\t\t\t\t\t\t\t<\/div>\n\t\t\t\t\t\t\t\t<h3><a href=\"https:\/\/wp.ufpel.edu.br\/labcom\/?p=4404\">Oficina de Revit<\/a><\/h3>\n\t\t\t<\/li>\n\t\t\t\t\t<li class=\"carousel-entry\">\n\t\t\t\t<div class=\"thumbnail\">\n\t\t\t\t\t\t\t\t\t\t\t<a href=\"https:\/\/wp.ufpel.edu.br\/labcom\/?p=4398\" style=\"background-image: url(https:\/\/wp.ufpel.edu.br\/labcom\/files\/2023\/07\/WhatsApp-Image-2023-07-06-at-15.28.41-272x182.jpeg)\">\n\t\t\t\t\t\t<\/a>\n\t\t\t\t\t\t\t\t\t<\/div>\n\t\t\t\t\t\t\t\t<h3><a href=\"https:\/\/wp.ufpel.edu.br\/labcom\/?p=4398\">\u00a1Nueva asociaci\u00f3n que se est\u00e1 cerrando en LabCom!<\/a><\/h3>\n\t\t\t<\/li>\n\t\t\t\t\t<li class=\"carousel-entry\">\n\t\t\t\t<div class=\"thumbnail\">\n\t\t\t\t\t\t\t\t\t\t\t<a href=\"https:\/\/wp.ufpel.edu.br\/labcom\/?p=4393\" style=\"background-image: url(https:\/\/wp.ufpel.edu.br\/labcom\/files\/2023\/07\/WhatsApp-Image-2023-07-06-at-15.28.41-272x182.jpeg)\">\n\t\t\t\t\t\t<\/a>\n\t\t\t\t\t\t\t\t\t<\/div>\n\t\t\t\t\t\t\t\t<h3><a href=\"https:\/\/wp.ufpel.edu.br\/labcom\/?p=4393\">New partnership being closed at LabCom!!<\/a><\/h3>\n\t\t\t<\/li>\n\t\t\t\t\t<li class=\"carousel-entry\">\n\t\t\t\t<div class=\"thumbnail\">\n\t\t\t\t\t\t\t\t\t\t\t<a href=\"https:\/\/wp.ufpel.edu.br\/labcom\/?p=4387\" style=\"background-image: url(https:\/\/wp.ufpel.edu.br\/labcom\/files\/2023\/07\/WhatsApp-Image-2023-07-06-at-15.28.41-272x182.jpeg)\">\n\t\t\t\t\t\t<\/a>\n\t\t\t\t\t\t\t\t\t<\/div>\n\t\t\t\t\t\t\t\t<h3><a href=\"https:\/\/wp.ufpel.edu.br\/labcom\/?p=4387\">Parceria nova sendo fechada no LabCom!!<\/a><\/h3>\n\t\t\t<\/li>\n\t\t\t\t\t<li class=\"carousel-entry\">\n\t\t\t\t<div class=\"thumbnail\">\n\t\t\t\t\t\t\t\t\t\t\t<a href=\"https:\/\/wp.ufpel.edu.br\/labcom\/?p=4378\" style=\"background-image: url(https:\/\/wp.ufpel.edu.br\/labcom\/files\/2023\/07\/19ce8746-d379-42e3-a7ac-951e00ecb047-272x182.jpg)\">\n\t\t\t\t\t\t<\/a>\n\t\t\t\t\t\t\t\t\t<\/div>\n\t\t\t\t\t\t\t\t<h3><a href=\"https:\/\/wp.ufpel.edu.br\/labcom\/?p=4378\">LABCOM en C\u00c1MARA DE COLADO<\/a><\/h3>\n\t\t\t<\/li>\n\t\t\t\t\t<li class=\"carousel-entry\">\n\t\t\t\t<div class=\"thumbnail\">\n\t\t\t\t\t\t\t\t\t\t\t<a href=\"https:\/\/wp.ufpel.edu.br\/labcom\/?p=4374\" style=\"background-image: url(https:\/\/wp.ufpel.edu.br\/labcom\/files\/2023\/07\/19ce8746-d379-42e3-a7ac-951e00ecb047-272x182.jpg)\">\n\t\t\t\t\t\t<\/a>\n\t\t\t\t\t\t\t\t\t<\/div>\n\t\t\t\t\t\t\t\t<h3><a href=\"https:\/\/wp.ufpel.edu.br\/labcom\/?p=4374\">LABCOM at CAST CHAMBER<\/a><\/h3>\n\t\t\t<\/li>\n\t\t\t<\/ul>\n<\/div>\n<\/div><div id=\"panel-223-2-0-1\" class=\"so-panel widget panel-last-child\" data-index=\"5\" ><\/div><\/div><div id=\"pgc-223-2-1\"  class=\"panel-grid-cell\" ><div id=\"panel-223-2-1-0\" class=\"so-panel widget widget_previsaoinst-widget previsao-cppmet panel-first-child panel-last-child\" data-index=\"6\" ><h3 class=\"widget-title\">Tempo em Pelotas, RS<\/h3><div class=\"previsao-conteudo\">\t\t\t<div class=\"previsao-bloco\">\n\t\t\t\t<div class=\"previsao-dia\">S\u00e1bado<\/div>\n\t\t\t\t<i class=\"previsao-icone previsao-icone-8\" title=\"C\u00e9u poucas nuvens com per\u00edodos de  parcialmente nublado     - nevoeiro. Ventos de leste\/nordeste, fracos a moderados com rajadas ocasionais a noite.\"> <\/i>\n\t\t\t\t<div class=\"previsao-maxima\">25<\/div>\n\t\t\t\t<div class=\"previsao-minima\">13<\/div>\n\t\t\t<\/div>\n\t\t\t<div class=\"previsao-bloco\">\n\t\t\t\t<div class=\"previsao-dia\">Domingo<\/div>\n\t\t\t\t<i class=\"previsao-icone previsao-icone-6\" title=\"C\u00e9u nublado com pancadas de chuva e trovoadas. Ventos de nordeste\/norte, fracos a moderados com rajadas ocasionais\"> <\/i>\n\t\t\t\t<div class=\"previsao-maxima\">23<\/div>\n\t\t\t\t<div class=\"previsao-minima\">19<\/div>\n\t\t\t<\/div>\n\t\t\t<div class=\"previsao-bloco\">\n\t\t\t\t<div class=\"previsao-dia\">Segunda<\/div>\n\t\t\t\t<i class=\"previsao-icone previsao-icone-8\" title=\"C\u00e9u nublado passando a parcialmente nublado, sujeito a chuviscos.  - nevoeiro. Ventos de noroeste\/sudeste, fracos a moderados\"> <\/i>\n\t\t\t\t<div class=\"previsao-maxima\">25<\/div>\n\t\t\t\t<div class=\"previsao-minima\">18<\/div>\n\t\t\t<\/div>\n<\/div><div class=\"previsao-info\"><a href=\"https:\/\/cppmet.ufpel.edu.br\" target=\"_blank\">Fonte: CPPMet \/ UFPel<\/a><\/div><\/div><\/div><\/div><\/div>","protected":false},"excerpt":{"rendered":"","protected":false},"author":717,"featured_media":0,"parent":0,"menu_order":0,"comment_status":"closed","ping_status":"closed","template":"home-panels.php","meta":{"footnotes":""},"class_list":["post-223","page","type-page","status-publish","hentry","post","post-with-thumbnail","post-with-thumbnail-large"],"_links":{"self":[{"href":"https:\/\/wp.ufpel.edu.br\/labcom\/index.php?rest_route=\/wp\/v2\/pages\/223","targetHints":{"allow":["GET"]}}],"collection":[{"href":"https:\/\/wp.ufpel.edu.br\/labcom\/index.php?rest_route=\/wp\/v2\/pages"}],"about":[{"href":"https:\/\/wp.ufpel.edu.br\/labcom\/index.php?rest_route=\/wp\/v2\/types\/page"}],"author":[{"embeddable":true,"href":"https:\/\/wp.ufpel.edu.br\/labcom\/index.php?rest_route=\/wp\/v2\/users\/717"}],"replies":[{"embeddable":true,"href":"https:\/\/wp.ufpel.edu.br\/labcom\/index.php?rest_route=%2Fwp%2Fv2%2Fcomments&post=223"}],"version-history":[{"count":29,"href":"https:\/\/wp.ufpel.edu.br\/labcom\/index.php?rest_route=\/wp\/v2\/pages\/223\/revisions"}],"predecessor-version":[{"id":4529,"href":"https:\/\/wp.ufpel.edu.br\/labcom\/index.php?rest_route=\/wp\/v2\/pages\/223\/revisions\/4529"}],"wp:attachment":[{"href":"https:\/\/wp.ufpel.edu.br\/labcom\/index.php?rest_route=%2Fwp%2Fv2%2Fmedia&parent=223"}],"curies":[{"name":"wp","href":"https:\/\/api.w.org\/{rel}","templated":true}]}}