{"id":30,"date":"2017-05-03T13:40:49","date_gmt":"2017-05-03T16:40:49","guid":{"rendered":"https:\/\/wp.ufpel.edu.br\/labcee\/?page_id=30"},"modified":"2017-05-03T14:40:10","modified_gmt":"2017-05-03T17:40:10","slug":"pesquisa","status":"publish","type":"page","link":"https:\/\/wp.ufpel.edu.br\/labcee\/pesquisa\/","title":{"rendered":"Pesquisas"},"content":{"rendered":"<p><b>Projetos de pesquisa:<\/b><\/p>\n<p>2010 \u2013 2015\u00a0\u00a0\u00a0<b>Etiquetagem de Efici\u00eancia Energ\u00e9tica na regi\u00e3o Sul do Brasil: An\u00e1lise da situa\u00e7\u00e3o atual e proposta de divulga\u00e7\u00e3o para a comunidade profissional das regi\u00f5es Sul e Norte do RS.<\/b><\/p>\n<p>Descri\u00e7\u00e3o: No contexto de implementa\u00e7\u00e3o do novo Regulamento T\u00e9cnico de Qualidade do N\u00edvel de Efici\u00eancia Energ\u00e9tica de Edifica\u00e7\u00f5es Comerciais, P\u00fablicas e de Servi\u00e7os, RTQ-C, a divulga\u00e7\u00e3o da mudan\u00e7a de paradigma no que tange \u00e0s novas prescri\u00e7\u00f5es \u00e9 fundamental, e nesse sentido o mapeamento e an\u00e1lise das tipologias comerciais, p\u00fablicas e de servi\u00e7os no que tange aos n\u00edveis de efici\u00eancia, \u00e9 aspecto fundamental para a consolida\u00e7\u00e3o do novo modelo de efici\u00eancia. Nesta pesquisa ser\u00e3o analisados, considerando o RTQ-C, a efici\u00eancia energ\u00e9tica e o desempenho t\u00e9rmico de tipologias comerciais, p\u00fablicas e de servi\u00e7os de alguns edif\u00edcios emblem\u00e1ticos do ponto de vista espacial-temporal de duas cidades brasileiras localizadas na zona bioclim\u00e1tica 2 Passo Fundo e Pelotas, RS, objetivando o entendimento da situa\u00e7\u00e3o da regi\u00e3o analisada no que tange \u00e0 efici\u00eancia energ\u00e9tica das edifica\u00e7\u00f5es, como tamb\u00e9m a divulga\u00e7\u00e3o da regulamenta\u00e7\u00e3o no \u00e2mbito da comunidade de Engenheiros e Arquitetos, com base na realiza\u00e7\u00e3o de semin\u00e1rios de integra\u00e7\u00e3o, como tamb\u00e9m por meio da publica\u00e7\u00e3o de livro t\u00e9cnico instrumentalizando a comunidade profissional da constru\u00e7\u00e3o civil. \u00c9 tamb\u00e9m tema da pesquisa a an\u00e1lise de prot\u00f3tipo de aquecimento solar passivo constru\u00eddo e testado j\u00e1 h\u00e1 dois anos no curso de Arquitetura e Urbanismo da Universidade de Passo Fundo, RS, considerando a possibilidade do equipamento ser utilizado como incentivo na defini\u00e7\u00e3o do n\u00edvel de efici\u00eancia de edifica\u00e7\u00f5es a serem analisadas. Nesse sentido, a pesquisa objetiva a capacita\u00e7\u00e3o laboratorial para efici\u00eancia energ\u00e9tica em edifica\u00e7\u00f5es, contemplando a instrumentaliza\u00e7\u00e3o de dois laborat\u00f3rios de Conforto Ambiental de cursos de Arquitetura e Urbanismo. Entre as demandas contempladas no projeto destacam-se: o incremento e multiplica\u00e7\u00e3o de a\u00e7\u00f5es voltadas para o uso racional de energia; a avalia\u00e7\u00e3o do desempenho energ\u00e9tico de edifica\u00e7\u00f5es; e a pesquisa e difus\u00e3o de conceitos, posturas e tecnologias referentes \u00e0 efici\u00eancia energ\u00e9tica visando \u00e0 redu\u00e7\u00e3o de custos.<br \/>\nSitua\u00e7\u00e3o: Em andamento; Natureza: Pesquisa.<\/p>\n<p>2009 \u2013 2011\u00a0\u00a0\u00a0<b>An\u00e1lise da Efici\u00eancia Energ\u00e9tica dos edif\u00edcios da FEAR da Universidade de Passo Fundo com base nas novas regulamenta\u00e7\u00f5es brasileiras de Efici\u00eancia Energ\u00e9tica de 2009<\/b><\/p>\n<p>Descri\u00e7\u00e3o: A pesquisa objetiva o desenvolvimento de material t\u00e9cnico de suporte para o corpo t\u00e9cnico da Universidade de Passo Fundo, no que diz respeito ao desenvolvimento de projetos arquitet\u00f4nicos eficientes energeticamente. Para tanto, analisa-se o pr\u00e9dio G1 da Faculdade de Engenharia e Arquitetura, da Universidade de Passo Fundo, de acordo com o RTQ-C, posteriormente caracterizam-se propostas de aumento do n\u00edvel de efici\u00eancia energ\u00e9tica da edifica\u00e7\u00e3o. Ba fase final da pesquisa desenvolve-se um Manual de Projeto Arquitet\u00f4nico Eficiente Energeticamente..<br \/>\nSitua\u00e7\u00e3o: Em andamento; Natureza: Pesquisa.<\/p>\n<p>2008 \u2013 2011\u00a0\u00a0\u00a0<b>Arquitetura Computacional para Controle Bioclim\u00e1tico<\/b><\/p>\n<p>Descri\u00e7\u00e3o: Desenvolvimento de um sistema computacional capaz de tomar decis\u00f5es para gerenciar a efici\u00eancia energ\u00e9tica da edifica\u00e7\u00e3o, preservando as condi\u00e7\u00f5es de conforto ambiental e as prefer\u00eancias particulares do usu\u00e1rio, tendo em vista o aproveitamento m\u00e1ximo dos meios passivos de condicionamento oferecidos pelo projeto arquitet\u00f4nico. Utiliza\u00e7\u00e3o simula\u00e7\u00e3o computacional no Energy Plus para treinamento das redes neurais de gerenciamento do sistema. Projeto em desenvolvimento juntamente com o curso de Ci\u00eancia de Computa\u00e7\u00e3o e o CEFET RS (Pelotas).<br \/>\nSitua\u00e7\u00e3o: Em andamento; Natureza: Pesquisa.<\/p>\n<div align=\"left\">2011 \u2013 2012\u00a0\u00a0\u00a0<b>Etiquetagem de Efici\u00eancia Energ\u00e9tica de Edifica\u00e7\u00f5es Residenciais, Comerciais, P\u00fablicas e de Servi\u00e7o<\/b><\/div>\n<p>Descri\u00e7\u00e3o: Realizar avalia\u00e7\u00e3o da efici\u00eancia energ\u00e9tica de edifica\u00e7\u00f5es, segundo os Requisitos T\u00e9cnicos da Qualidade para o N\u00edvel de Efici\u00eancia Energ\u00e9tica de Edif\u00edcios Comerciais, de Servi\u00e7os e P\u00fablicos (RTQ-C), Requisitos T\u00e9cnicos da Qualidade para o N\u00edvel de Efici\u00eancia Energ\u00e9tica de Edif\u00edcios Residenciais (RTQ-R), Requisitos de Avalia\u00e7\u00e3o da Conformidade do N\u00edvel de Efici\u00eancia Energ\u00e9tica para Edif\u00edcios Comerciais, de Servi\u00e7os e P\u00fablicos (RAC-C), Requisitos de Avalia\u00e7\u00e3o da Conformidade para o N\u00edvel de Efici\u00eancia Energ\u00e9tica de Edifica\u00e7\u00f5es Residenciais (RAC-R).<br \/>\nSitua\u00e7\u00e3o: Em andamento; Natureza: Extens\u00e3o.<\/p>\n<p>2011 \u2013 2012\u00a0\u00a0\u00a0<b>An\u00e1lise do perfil de consumo dos campi da UFPel<\/b><\/p>\n<p>Descri\u00e7\u00e3o: Produ\u00e7\u00e3o de dois softwares para an\u00e1lise de arquivos gerados pela concession\u00e1ria de energia com vistas a levantar o perfil de consumo de instala\u00e7\u00f5es de m\u00e9dia tens\u00e3o e, com isso, buscar alternativas de redu\u00e7\u00e3o de custos com energia el\u00e9trica.<br \/>\nSitua\u00e7\u00e3o: Em andamento; Natureza: Pesquisa.<\/p>\n<div align=\"left\">2011 \u2013 2013\u00a0\u00a0\u00a0<b>Conforto T\u00e9rmico e Efici\u00eancia Energ\u00e9tica em Habita\u00e7\u00f5es de Interesse Social: An\u00e1lise das prescri\u00e7\u00f5es da NBR 15220-3 atrav\u00e9s do uso de simula\u00e7\u00e3o computacional<\/b><\/div>\n<p>Descri\u00e7\u00e3o: A pesquisa visa propor novas prescri\u00e7\u00f5es normativas com rela\u00e7\u00e3o aos valores de transmit\u00e2ncia e atraso t\u00e9rmico do envelope da edifica\u00e7\u00e3o, inclusive com a possibilidade de se buscar intervalos co-relacionando estas duas vari\u00e1veis, \u00e1reas de abertura, orienta\u00e7\u00e3o solar, entre outros, para as diferentes zonas bioclim\u00e1ticas, utilizando o programa de simula\u00e7\u00e3o<br \/>\nDESIGNBUILDER. Os materiais de constru\u00e7\u00e3o t\u00eam uma forte influ\u00eancia sobre as condi\u00e7\u00f5es de conforto no ambiente interior e, por conseguinte, sobre o consumo energ\u00e9tico da edifica\u00e7\u00e3o. A utiliza\u00e7\u00e3o dos conceitos bioclim\u00e1ticos na elabora\u00e7\u00e3o do projeto, associado \u00e0 escolha correta e fundamentada dos materiais construtivos, far\u00e1 com que a edifica\u00e7\u00e3o consuma menos energia para obter as condi\u00e7\u00f5es de conforto necess\u00e1rias para o desenvolvimento das atividades a que se destina. A pesquisa visa obter alternativas mais eficientes para a implanta\u00e7\u00e3o das HIS, bem como definir caracter\u00edsticas construtivas que possam buscar maior conforto ao usu\u00e1rio, reduzindo o consumo energ\u00e9tico da edifica\u00e7\u00e3o.<br \/>\nSitua\u00e7\u00e3o: Em andamento; Natureza: Pesquisa.<\/p>\n<div align=\"left\">2011 \u2013 2013\u00a0\u00a0\u00a0<b>Avalia\u00e7\u00e3o de SAS (Sistema de Aquecimento Solar) com anticongelamento para uso em chuveiros em Habita\u00e7\u00e3o de Interesse Social no sul do Brasil<\/b><\/div>\n<p>Descri\u00e7\u00e3o: A proposta prev\u00ea a instala\u00e7\u00e3o de um sistema de aquecimento solar de baixo custo industrial e o seu monitoramento para verifica\u00e7\u00e3o da aplicabilidade do sistema em habita\u00e7\u00f5es de interesse social no sul do Rio Grande do Sul. Na regi\u00e3o sul do Rio Grande do Sul, temos as esta\u00e7\u00f5es do ano bem definidas e distintas, com inverno e ver\u00e3o rigorosos. Nesta pesquisa pretende-se monitorar e avaliar um sistema alternativo de aproveitamento t\u00e9rmico da energia radiante do sol, para obten\u00e7\u00e3o de \u00e1gua quente exclusivamente para banho, com o objetivo de verificar a viabilidade de aplica\u00e7\u00e3o em HIS, onde o impacto do custo da energia el\u00e9trica \u00e9 relativamente maior. A pesquisa se justifica pela necessidade de realizar-se uma avalia\u00e7\u00e3o da rela\u00e7\u00e3o custo\/benef\u00edcio do sistema de aquecimento solar de \u00e1gua na regi\u00e3o sul do pa\u00eds. Algumas pesquisas apontam o baixo rendimento (benef\u00edcio) durante o inverno mais rigoroso. No entanto, o rendimento nas demais \u00e9pocas do ano pode justificar o investimento, relativamente pequeno, e proporcionar economia de energia e de capital \u00e0s fam\u00edlias de menor renda, como o caso de HIS. O custo da instala\u00e7\u00e3o de sistemas convencionais, apesar de mais eficientes, tornou-se um empecilho junto \u00e0s construtoras para a inser\u00e7\u00e3o destes sistemas no programa Minha Casa, Minha Vida. Como resultado estas popula\u00e7\u00f5es ficam privadas de todo e qualquer benef\u00edcio que estes sistemas podem propiciar. A monitora\u00e7\u00e3o e avalia\u00e7\u00e3o em per\u00edodos de um ano permitem uma an\u00e1lise de viabilidade econ\u00f4mica mesmo em locais com baixo rendimento durante o inverno rigoroso do sul do pa\u00eds. A pesquisa dever\u00e1 indicar o tempo de retorno do investimento e o rendimento do sistema que, se aprovado, poder\u00e1 ser utilizado em HIS da regi\u00e3o.<br \/>\nSitua\u00e7\u00e3o: Em andamento; Natureza: Pesquisa.<\/p>\n<div align=\"left\">2012 \u2013 2014\u00a0\u00a0\u00a0<b>Diretrizes para Implementa\u00e7\u00e3o de um Sistema de Gest\u00e3o de Facilities, baseado na Tecnologia BIM (Building Information Modeling), em Institui\u00e7\u00f5es de Ensino Superior &#8211; FacBIM<\/b><\/div>\n<p>Descri\u00e7\u00e3o: Tendo em vista os investimentos para a expans\u00e3o das Universidade Federais atrav\u00e9s do programa REUNI, o n\u00edvel de complexidade da gest\u00e3o do ambiente constru\u00eddo dessas institui\u00e7\u00f5es assume import\u00e2ncia estrat\u00e9gica. Este projeto prop\u00f5e-se a avaliar o emprego da tecnologia BIM (building information modeling) no contexto da Gest\u00e3o de Facilities (GF) em Institui\u00e7\u00f5es de Ensino Superior (IES). Para tanto, um estudo de caso ser\u00e1 realizado tendo como objeto de estudo o Campus Anglo da UFPel. Pretende-se, dessa forma, propor diretrizes para a GF em IES, a partir do emprego de modelos BIM, primeiramente sob duas perspectivas: gest\u00e3o de espa\u00e7os e de ocupa\u00e7ao e a gest\u00e3o de energia (com vistas ao seu uso mais eficiente).<\/p>\n","protected":false},"excerpt":{"rendered":"<p>Projetos de pesquisa: 2010 \u2013 2015\u00a0\u00a0\u00a0Etiquetagem de Efici\u00eancia Energ\u00e9tica na regi\u00e3o Sul do Brasil: An\u00e1lise da situa\u00e7\u00e3o atual e proposta de divulga\u00e7\u00e3o para a comunidade profissional das regi\u00f5es Sul e Norte do RS. Descri\u00e7\u00e3o: No contexto de implementa\u00e7\u00e3o do novo Regulamento T\u00e9cnico de Qualidade do N\u00edvel de Efici\u00eancia Energ\u00e9tica de Edifica\u00e7\u00f5es Comerciais, P\u00fablicas e de [&hellip;]<\/p>\n","protected":false},"author":740,"featured_media":0,"parent":0,"menu_order":0,"comment_status":"closed","ping_status":"closed","template":"","meta":{"footnotes":""},"class_list":["post-30","page","type-page","status-publish","hentry"],"jetpack_sharing_enabled":true,"_links":{"self":[{"href":"https:\/\/wp.ufpel.edu.br\/labcee\/wp-json\/wp\/v2\/pages\/30","targetHints":{"allow":["GET"]}}],"collection":[{"href":"https:\/\/wp.ufpel.edu.br\/labcee\/wp-json\/wp\/v2\/pages"}],"about":[{"href":"https:\/\/wp.ufpel.edu.br\/labcee\/wp-json\/wp\/v2\/types\/page"}],"author":[{"embeddable":true,"href":"https:\/\/wp.ufpel.edu.br\/labcee\/wp-json\/wp\/v2\/users\/740"}],"replies":[{"embeddable":true,"href":"https:\/\/wp.ufpel.edu.br\/labcee\/wp-json\/wp\/v2\/comments?post=30"}],"version-history":[{"count":3,"href":"https:\/\/wp.ufpel.edu.br\/labcee\/wp-json\/wp\/v2\/pages\/30\/revisions"}],"predecessor-version":[{"id":55,"href":"https:\/\/wp.ufpel.edu.br\/labcee\/wp-json\/wp\/v2\/pages\/30\/revisions\/55"}],"wp:attachment":[{"href":"https:\/\/wp.ufpel.edu.br\/labcee\/wp-json\/wp\/v2\/media?parent=30"}],"curies":[{"name":"wp","href":"https:\/\/api.w.org\/{rel}","templated":true}]}}