{"id":21,"date":"2017-05-03T13:36:45","date_gmt":"2017-05-03T16:36:45","guid":{"rendered":"https:\/\/wp.ufpel.edu.br\/labcee\/?page_id=21"},"modified":"2020-06-21T13:10:41","modified_gmt":"2020-06-21T16:10:41","slug":"equipe","status":"publish","type":"page","link":"https:\/\/wp.ufpel.edu.br\/labcee\/equipe\/","title":{"rendered":"Equipe"},"content":{"rendered":"<p><strong>Infra-estrurura b\u00e1sica e equipe t\u00e9cnica<\/strong><\/p>\n<p>O LabCEE ocupa uma \u00e1rea de, aproximadamente, 60m\u00b2, localizada no pr\u00e9dio da Faculdade de Arquitetura e Urbanismo. Os equipamentos foram adquiridos com recursos do conv\u00eanio e capacitam o laborat\u00f3rio a atuar nas \u00e1reas de insola\u00e7\u00e3o, ilumina\u00e7\u00e3o, ac\u00fastica, t\u00e9rmica, ventila\u00e7\u00e3o e efici\u00eancia energ\u00e9tica.<\/p>\n<p>Equipe T\u00e9cnica:<br \/>\n\u2022 Arquiteto, Dr. Eng. Civil Ant\u00f4nio C\u00e9sar Silveira Baptista da Silva, coordenador<br \/>\n\u2022 Arquiteto, Dr. Eduardo Grala da Cunha<br \/>\n\u2022 Eng. Eletricista Liader da Silva Oliveira<br \/>\n\u2022 T\u00e9c. em eletricidade Ant\u00f4nio Carlos de Freitas Cleff<br \/>\n\u2022 Bolsistas dos cursos de Arquitetura e Urbanismo,<\/p>\n<p>&nbsp;<\/p>\n","protected":false},"excerpt":{"rendered":"<p>Infra-estrurura b\u00e1sica e equipe t\u00e9cnica O LabCEE ocupa uma \u00e1rea de, aproximadamente, 60m\u00b2, localizada no pr\u00e9dio da Faculdade de Arquitetura e Urbanismo. Os equipamentos foram adquiridos com recursos do conv\u00eanio e capacitam o laborat\u00f3rio a atuar nas \u00e1reas de insola\u00e7\u00e3o, ilumina\u00e7\u00e3o, ac\u00fastica, t\u00e9rmica, ventila\u00e7\u00e3o e efici\u00eancia energ\u00e9tica. Equipe T\u00e9cnica: \u2022 Arquiteto, Dr. Eng. Civil Ant\u00f4nio [&hellip;]<\/p>\n","protected":false},"author":740,"featured_media":0,"parent":0,"menu_order":0,"comment_status":"closed","ping_status":"closed","template":"","meta":{"footnotes":""},"class_list":["post-21","page","type-page","status-publish","hentry"],"jetpack_sharing_enabled":true,"_links":{"self":[{"href":"https:\/\/wp.ufpel.edu.br\/labcee\/wp-json\/wp\/v2\/pages\/21","targetHints":{"allow":["GET"]}}],"collection":[{"href":"https:\/\/wp.ufpel.edu.br\/labcee\/wp-json\/wp\/v2\/pages"}],"about":[{"href":"https:\/\/wp.ufpel.edu.br\/labcee\/wp-json\/wp\/v2\/types\/page"}],"author":[{"embeddable":true,"href":"https:\/\/wp.ufpel.edu.br\/labcee\/wp-json\/wp\/v2\/users\/740"}],"replies":[{"embeddable":true,"href":"https:\/\/wp.ufpel.edu.br\/labcee\/wp-json\/wp\/v2\/comments?post=21"}],"version-history":[{"count":2,"href":"https:\/\/wp.ufpel.edu.br\/labcee\/wp-json\/wp\/v2\/pages\/21\/revisions"}],"predecessor-version":[{"id":153,"href":"https:\/\/wp.ufpel.edu.br\/labcee\/wp-json\/wp\/v2\/pages\/21\/revisions\/153"}],"wp:attachment":[{"href":"https:\/\/wp.ufpel.edu.br\/labcee\/wp-json\/wp\/v2\/media?parent=21"}],"curies":[{"name":"wp","href":"https:\/\/api.w.org\/{rel}","templated":true}]}}