{"id":18,"date":"2017-05-03T13:36:29","date_gmt":"2017-05-03T16:36:29","guid":{"rendered":"https:\/\/wp.ufpel.edu.br\/labcee\/?page_id=18"},"modified":"2017-05-05T17:37:48","modified_gmt":"2017-05-05T20:37:48","slug":"dissertacoes","status":"publish","type":"page","link":"https:\/\/wp.ufpel.edu.br\/labcee\/dissertacoes\/","title":{"rendered":"Disserta\u00e7\u00f5es"},"content":{"rendered":"<p><b>Daniela da Rosa Curcio:<\/b><br \/>\nDesempenho termo-energ\u00e9tico de habita\u00e7\u00f5es de interesse social produzidas pelo programa de arrendamento residencial \u2013 PAR na cidade de Pelotas \/ RS<\/p>\n<p>Defendido: Julho\/2011<br \/>\nDisserta\u00e7\u00e3o: <a href=\"http:\/\/prograu.ufpel.edu.br\/uploads\/biblioteca\/dissertacao_daniela_curcio.pdf\">link<\/a><br \/>\nCurriculo Lattes: <a href=\"http:\/\/buscatextual.cnpq.br\/buscatextual\/visualizacv.do?id=K4290215T6\">link<\/a><\/p>\n<p><b>Juliana Al-Alam Pouey:<\/b><br \/>\nProjeto de Edifica\u00e7\u00e3o Residencial Unifamiliar para a Zona Bioclim\u00e1tica 2 com Avalia\u00e7\u00e3o por Simula\u00e7\u00e3o Computacional<\/p>\n<p>Defendido: Julho\/2011<br \/>\nDisserta\u00e7\u00e3o: <a href=\"http:\/\/prograu.ufpel.edu.br\/uploads\/biblioteca\/dissertacao_juliana_pouey.pdf\">link<\/a><br \/>\nCurriculo Lattes: <a href=\"http:\/\/buscatextual.cnpq.br\/buscatextual\/visualizacv.do?id=K4200004Z2\">link<\/a><\/p>\n<p><b>Ioni Donini Medeiros Couto:<\/b><br \/>\nBrise-soleil \u2013 a escolha adequada de dispositivos visando a m\u00e1xima efici\u00eancia energ\u00e9tica nos edif\u00edcios<\/p>\n<p>Defendido: Junho\/2012<br \/>\nCurr\u00edculo Lattes: <a href=\"http:\/\/buscatextual.cnpq.br\/buscatextual\/visualizacv.do?id=K4489404A9\">link<\/a><\/p>\n<p><b>Stifany Knop:<\/b><br \/>\nAn\u00e1lise do conforto t\u00e9rmico e da efici\u00eancia energ\u00e9tica de edifica\u00e7\u00e3o hist\u00f3rica na cidade de Pelotas: O Caso do Casar\u00e3o 02 Secretaria Municipal da Cultura<\/p>\n<p>Defendido: Novembro\/2012<br \/>\nDisserta\u00e7\u00e3o: <a href=\"http:\/\/www.ufpel.tche.br\/faurb\/labcee\/site\/adm_\/content\/home\/arquivos\/Dissertacao%20Stifany.pdf\">link<\/a><br \/>\nCurr\u00edculo Lattes: <a href=\"http:\/\/buscatextual.cnpq.br\/buscatextual\/visualizacv.do?id=K4405134E4\">link<\/a><\/p>\n<p><b>Liader da Silva Oliveira:<\/b><br \/>\nConforto T\u00e9rmico de Habita\u00e7\u00f5es de Interesse Social: An\u00e1lise e Avalia\u00e7\u00e3o dos Limites das Propriedades T\u00e9rmicas dos Fechamentos Opacos da NBR 15220-2 para as Zonas Bioclim\u00e1ticas 1, 2 e 3<\/p>\n<p>Defendido: Novembro\/2012<br \/>\nDisserta\u00e7\u00e3o: <a href=\"http:\/\/www.ufpel.tche.br\/faurb\/labcee\/site\/adm_\/content\/home\/arquivos\/disserta%C3%A7%C3%A3o%20liader.pdf\">link<\/a><br \/>\nCurr\u00edculo Lattes: <a href=\"http:\/\/buscatextual.cnpq.br\/buscatextual\/visualizacv.do?id=K4487257J2\">link<\/a><\/p>\n<p><b>Marcelo Bento Terres:<\/b><br \/>\nAvalia\u00e7\u00e3o de custo\/benef\u00edcio de sistema de baixo custo de aquecimento solar de \u00e1gua de chuveiro em habita\u00e7\u00e3o de interesse social<\/p>\n<p>Defendido: Agosto\/2013<br \/>\nDisserta\u00e7\u00e3o: <a href=\"http:\/\/prograu.ufpel.edu.br\/uploads\/biblioteca\/dissertacao_marcelo_bento_terres.pdf\">link<\/a><br \/>\nCurr\u00edculo Lattes: <a href=\"http:\/\/buscatextual.cnpq.br\/buscatextual\/visualizacv.do?id=K4467208H9\">link<\/a><\/p>\n<p><b>Jaqueline Peglow:<\/b><br \/>\nAn\u00e1lise, Classifica\u00e7\u00e3o e Simula\u00e7\u00e3o de Efici\u00eancia Energ\u00e9tica de Tipologias Comerciais na Zona Central da Cidade de Pelotas, RS<\/p>\n<p>Defendido: Fevereiro\/2014<br \/>\nCurr\u00edculo Lattes: <a href=\"http:\/\/buscatextual.cnpq.br\/buscatextual\/visualizacv.do?id=K4438315T9\">link<\/a><\/p>\n<p><strong>Maicon Motta Soares:<\/strong><br \/>\nConforto T\u00e9rmico de Habita\u00e7\u00f5es de Interesse Social: An\u00e1lise e Avalia\u00e7\u00e3o dos Limites das Propriedades T\u00e9rmicas dos Fechamentos Opacos da NBR 15220-2 para as Zonas Bioclim\u00e1ticas 4, 5 e 6<br \/>\nCurr\u00edculo LATTES:\u00a0<a href=\"http:\/\/buscatextual.cnpq.br\/buscatextual\/visualizacv.do?id=K4327680P1\">Maicon Soares<\/a><\/p>\n<p><strong>Carlos Leod\u00e1rio Monteiro Krebs:<\/strong><br \/>\nPossibilidades para o emprego do sistema da fachada ventilada em edif\u00edcios comerciais nas 8 zonas bioclim\u00e1ticas do Brasil<br \/>\nCurr\u00edculo LATTES:\u00a0<a href=\"http:\/\/lattes.cnpq.br\/5477890427298851\">Carlos Leod\u00e1rio Monteiro Krebs<\/a><\/p>\n<p><strong>Mariane Pinto Brandalise:<br \/>\n<\/strong>An\u00e1lise da sensibilidade do regulamento brasileiro de efici\u00eancia energ\u00e9tica de edif\u00edcios comerciais \u2013 RTQ-C quanto \u00e0 varia\u00e7\u00e3o de densidade de carga interna de equipamentos na avalia\u00e7\u00e3o do desempenho energ\u00e9tico da envolt\u00f3ria de edif\u00edcios de escrit\u00f3rios<br \/>\nCurr\u00edculo LATTES:\u00a0<a href=\"http:\/\/lattes.cnpq.br\/2024373379000785\">Mariane Pinto Brandalise<\/a><\/p>\n<p><strong>Thelma de \u00c1vila Camargo:<br \/>\n<\/strong>An\u00e1lise de tr\u00eas conjuntos habitacionais de acordo com a NBR 15575 na cidade de Pelotas<br \/>\nCurr\u00edculo LATTES:<a href=\"http:\/\/lattes.cnpq.br\/0915062671144394\">Thelma de \u00c1vila Camargo<\/a><\/p>\n<p><strong>Raquel Ramos Silveira da Mota:<\/strong><br \/>\nAdequa\u00e7\u00e3o das condi\u00e7\u00f5es de uso e ocupa\u00e7\u00e3o de HIS preconizadas no RTQ-R \u00e0 realidade de Pelotas \u2013 ZB 2<br \/>\nCurr\u00edculo LATTES:<a href=\"http:\/\/www2.ufpel.edu.br\/faurb\/labcee\/site\/content\/tplmaster\/%C2%A0http:\/\/lattes.cnpq.br\/1620654387924487\">Raquel Ramos Silveira da Mota<\/a><\/p>\n","protected":false},"excerpt":{"rendered":"<p>Daniela da Rosa Curcio: Desempenho termo-energ\u00e9tico de habita\u00e7\u00f5es de interesse social produzidas pelo programa de arrendamento residencial \u2013 PAR na cidade de Pelotas \/ RS Defendido: Julho\/2011 Disserta\u00e7\u00e3o: link Curriculo Lattes: link Juliana Al-Alam Pouey: Projeto de Edifica\u00e7\u00e3o Residencial Unifamiliar para a Zona Bioclim\u00e1tica 2 com Avalia\u00e7\u00e3o por Simula\u00e7\u00e3o Computacional Defendido: Julho\/2011 Disserta\u00e7\u00e3o: link Curriculo [&hellip;]<\/p>\n","protected":false},"author":740,"featured_media":0,"parent":0,"menu_order":0,"comment_status":"closed","ping_status":"closed","template":"","meta":{"footnotes":""},"class_list":["post-18","page","type-page","status-publish","hentry"],"jetpack_sharing_enabled":true,"_links":{"self":[{"href":"https:\/\/wp.ufpel.edu.br\/labcee\/wp-json\/wp\/v2\/pages\/18","targetHints":{"allow":["GET"]}}],"collection":[{"href":"https:\/\/wp.ufpel.edu.br\/labcee\/wp-json\/wp\/v2\/pages"}],"about":[{"href":"https:\/\/wp.ufpel.edu.br\/labcee\/wp-json\/wp\/v2\/types\/page"}],"author":[{"embeddable":true,"href":"https:\/\/wp.ufpel.edu.br\/labcee\/wp-json\/wp\/v2\/users\/740"}],"replies":[{"embeddable":true,"href":"https:\/\/wp.ufpel.edu.br\/labcee\/wp-json\/wp\/v2\/comments?post=18"}],"version-history":[{"count":5,"href":"https:\/\/wp.ufpel.edu.br\/labcee\/wp-json\/wp\/v2\/pages\/18\/revisions"}],"predecessor-version":[{"id":63,"href":"https:\/\/wp.ufpel.edu.br\/labcee\/wp-json\/wp\/v2\/pages\/18\/revisions\/63"}],"wp:attachment":[{"href":"https:\/\/wp.ufpel.edu.br\/labcee\/wp-json\/wp\/v2\/media?parent=18"}],"curies":[{"name":"wp","href":"https:\/\/api.w.org\/{rel}","templated":true}]}}