{"id":155,"date":"2020-06-21T15:47:46","date_gmt":"2020-06-21T18:47:46","guid":{"rendered":"https:\/\/wp.ufpel.edu.br\/labcee\/?page_id=155"},"modified":"2020-06-21T15:48:55","modified_gmt":"2020-06-21T18:48:55","slug":"sobre","status":"publish","type":"page","link":"https:\/\/wp.ufpel.edu.br\/labcee\/sobre\/","title":{"rendered":"Sobre"},"content":{"rendered":"<p><b>Implanta\u00e7\u00e3o<\/b><\/p>\n<p>O Laborat\u00f3rio de Conforto e Efici\u00eancia Energ\u00e9tica da FAURB\/UFPEL foi criado a partir de conv\u00eanio firmado entre a UFPEL e a Eletrobr\u00e1s (ECV 937\/03), com o objetivo de instrumentar o estudante e o profissional de arquitetura com os conhecimentos b\u00e1sicos relativos \u00e0s diversas \u00e1reas do Conforto no Ambiente Constru\u00eddo, atrav\u00e9s de experimentos, estudos pr\u00e1ticos e pesquisas, envolvendo os diversos aspectos do conforto ambiental. Al\u00e9m destas atividades, mais ligadas ao ensino e pesquisa, o LabCEE tem desenvolvido atividades de extens\u00e3o, atrav\u00e9s de consultorias externas, bem como coordenado programas e projetos na \u00e1rea de efici\u00eancia energ\u00e9tica, no \u00e2mbito da UFPEL.<\/p>\n","protected":false},"excerpt":{"rendered":"<p>Implanta\u00e7\u00e3o O Laborat\u00f3rio de Conforto e Efici\u00eancia Energ\u00e9tica da FAURB\/UFPEL foi criado a partir de conv\u00eanio firmado entre a UFPEL e a Eletrobr\u00e1s (ECV 937\/03), com o objetivo de instrumentar o estudante e o profissional de arquitetura com os conhecimentos b\u00e1sicos relativos \u00e0s diversas \u00e1reas do Conforto no Ambiente Constru\u00eddo, atrav\u00e9s de experimentos, estudos pr\u00e1ticos [&hellip;]<\/p>\n","protected":false},"author":740,"featured_media":0,"parent":0,"menu_order":0,"comment_status":"closed","ping_status":"closed","template":"","meta":{"footnotes":""},"class_list":["post-155","page","type-page","status-publish","hentry"],"jetpack_sharing_enabled":true,"_links":{"self":[{"href":"https:\/\/wp.ufpel.edu.br\/labcee\/wp-json\/wp\/v2\/pages\/155","targetHints":{"allow":["GET"]}}],"collection":[{"href":"https:\/\/wp.ufpel.edu.br\/labcee\/wp-json\/wp\/v2\/pages"}],"about":[{"href":"https:\/\/wp.ufpel.edu.br\/labcee\/wp-json\/wp\/v2\/types\/page"}],"author":[{"embeddable":true,"href":"https:\/\/wp.ufpel.edu.br\/labcee\/wp-json\/wp\/v2\/users\/740"}],"replies":[{"embeddable":true,"href":"https:\/\/wp.ufpel.edu.br\/labcee\/wp-json\/wp\/v2\/comments?post=155"}],"version-history":[{"count":2,"href":"https:\/\/wp.ufpel.edu.br\/labcee\/wp-json\/wp\/v2\/pages\/155\/revisions"}],"predecessor-version":[{"id":158,"href":"https:\/\/wp.ufpel.edu.br\/labcee\/wp-json\/wp\/v2\/pages\/155\/revisions\/158"}],"wp:attachment":[{"href":"https:\/\/wp.ufpel.edu.br\/labcee\/wp-json\/wp\/v2\/media?parent=155"}],"curies":[{"name":"wp","href":"https:\/\/api.w.org\/{rel}","templated":true}]}}