{"id":997,"date":"2020-09-25T12:16:52","date_gmt":"2020-09-25T15:16:52","guid":{"rendered":"https:\/\/wp.ufpel.edu.br\/labanatoin\/?page_id=997"},"modified":"2024-02-28T14:12:39","modified_gmt":"2024-02-28T17:12:39","slug":"e-learning","status":"publish","type":"page","link":"https:\/\/wp.ufpel.edu.br\/labanatoin\/anatomoclinicos\/e-learning\/","title":{"rendered":"E-Learning"},"content":{"rendered":"<h2 id=\"tw-target-text\" class=\"tw-data-text tw-text-large XcVN5d tw-ta\" data-placeholder=\"Tradu\u00e7\u00e3o\"><a style=\"background-color: #ffffff; font-size: 16px;\" href=\"https:\/\/wp.ufpel.edu.br\/labanatoin\/files\/2021\/03\/dm10.jpg\"><img loading=\"lazy\" decoding=\"async\" data-attachment-id=\"1066\" data-permalink=\"https:\/\/wp.ufpel.edu.br\/labanatoin\/anatomoclinicos\/dm10\/\" data-orig-file=\"https:\/\/wp.ufpel.edu.br\/labanatoin\/files\/2021\/03\/dm10.jpg\" data-orig-size=\"414,98\" data-comments-opened=\"0\" data-image-meta=\"{&quot;aperture&quot;:&quot;0&quot;,&quot;credit&quot;:&quot;&quot;,&quot;camera&quot;:&quot;&quot;,&quot;caption&quot;:&quot;&quot;,&quot;created_timestamp&quot;:&quot;0&quot;,&quot;copyright&quot;:&quot;&quot;,&quot;focal_length&quot;:&quot;0&quot;,&quot;iso&quot;:&quot;0&quot;,&quot;shutter_speed&quot;:&quot;0&quot;,&quot;title&quot;:&quot;&quot;,&quot;orientation&quot;:&quot;0&quot;}\" data-image-title=\"dm10\" data-image-description=\"\" data-image-caption=\"&lt;p&gt;Interactive e-learning anatomy&lt;\/p&gt;\n\" data-medium-file=\"https:\/\/wp.ufpel.edu.br\/labanatoin\/files\/2021\/03\/dm10.jpg\" data-large-file=\"https:\/\/wp.ufpel.edu.br\/labanatoin\/files\/2021\/03\/dm10.jpg\" class=\"size-full wp-image-1066\" src=\"https:\/\/wp.ufpel.edu.br\/labanatoin\/files\/2021\/03\/dm10.jpg\" alt=\"\" width=\"414\" height=\"98\" srcset=\"https:\/\/wp.ufpel.edu.br\/labanatoin\/files\/2021\/03\/dm10.jpg 414w, https:\/\/wp.ufpel.edu.br\/labanatoin\/files\/2021\/03\/dm10-212x50.jpg 212w\" sizes=\"auto, (max-width: 414px) 100vw, 414px\" \/><\/a><\/h2>\n<p>Interactive e-learning anatomy<\/p>\n<p>Projeto de ensino: Desenvolvimento de recursos e-learning anatomocl\u00ednicos e em sa\u00fade (3636)<\/p>\n<p>Coordena\u00e7\u00e3o: Prof. Mateus\u00a0 <a href=\"https:\/\/t.me\/educational_design\"><img loading=\"lazy\" decoding=\"async\" data-attachment-id=\"1197\" data-permalink=\"https:\/\/wp.ufpel.edu.br\/labanatoin\/anatomoclinicos\/e-learning\/tel\/\" data-orig-file=\"https:\/\/wp.ufpel.edu.br\/labanatoin\/files\/2021\/08\/tel.jpg\" data-orig-size=\"31,31\" data-comments-opened=\"0\" data-image-meta=\"{&quot;aperture&quot;:&quot;0&quot;,&quot;credit&quot;:&quot;&quot;,&quot;camera&quot;:&quot;&quot;,&quot;caption&quot;:&quot;&quot;,&quot;created_timestamp&quot;:&quot;0&quot;,&quot;copyright&quot;:&quot;&quot;,&quot;focal_length&quot;:&quot;0&quot;,&quot;iso&quot;:&quot;0&quot;,&quot;shutter_speed&quot;:&quot;0&quot;,&quot;title&quot;:&quot;&quot;,&quot;orientation&quot;:&quot;1&quot;}\" data-image-title=\"tel\" data-image-description=\"\" data-image-caption=\"\" data-medium-file=\"https:\/\/wp.ufpel.edu.br\/labanatoin\/files\/2021\/08\/tel.jpg\" data-large-file=\"https:\/\/wp.ufpel.edu.br\/labanatoin\/files\/2021\/08\/tel.jpg\" class=\"alignnone size-full wp-image-1197\" src=\"https:\/\/wp.ufpel.edu.br\/labanatoin\/files\/2021\/08\/tel.jpg\" alt=\"\" width=\"31\" height=\"31\" \/><\/a><\/p>\n<p>Casos anatomocl\u00ednicos interativos<\/p>\n<p>Casos tocogineco-obst\u00e9tricos interativos<\/p>\n<p>Casos anestesiol\u00f3gicos interativos<\/p>\n","protected":false},"excerpt":{"rendered":"<p>Interactive e-learning anatomy Projeto de ensino: Desenvolvimento de recursos e-learning anatomocl\u00ednicos e em sa\u00fade (3636) Coordena\u00e7\u00e3o: Prof. Mateus\u00a0 Casos anatomocl\u00ednicos interativos Casos tocogineco-obst\u00e9tricos interativos Casos anestesiol\u00f3gicos interativos<\/p>\n","protected":false},"author":350,"featured_media":0,"parent":13,"menu_order":2,"comment_status":"closed","ping_status":"closed","template":"","meta":{"jetpack_post_was_ever_published":false,"footnotes":""},"class_list":["post-997","page","type-page","status-publish","hentry","nodate","item-wrap"],"jetpack_sharing_enabled":true,"_links":{"self":[{"href":"https:\/\/wp.ufpel.edu.br\/labanatoin\/wp-json\/wp\/v2\/pages\/997","targetHints":{"allow":["GET"]}}],"collection":[{"href":"https:\/\/wp.ufpel.edu.br\/labanatoin\/wp-json\/wp\/v2\/pages"}],"about":[{"href":"https:\/\/wp.ufpel.edu.br\/labanatoin\/wp-json\/wp\/v2\/types\/page"}],"author":[{"embeddable":true,"href":"https:\/\/wp.ufpel.edu.br\/labanatoin\/wp-json\/wp\/v2\/users\/350"}],"replies":[{"embeddable":true,"href":"https:\/\/wp.ufpel.edu.br\/labanatoin\/wp-json\/wp\/v2\/comments?post=997"}],"version-history":[{"count":17,"href":"https:\/\/wp.ufpel.edu.br\/labanatoin\/wp-json\/wp\/v2\/pages\/997\/revisions"}],"predecessor-version":[{"id":1488,"href":"https:\/\/wp.ufpel.edu.br\/labanatoin\/wp-json\/wp\/v2\/pages\/997\/revisions\/1488"}],"up":[{"embeddable":true,"href":"https:\/\/wp.ufpel.edu.br\/labanatoin\/wp-json\/wp\/v2\/pages\/13"}],"wp:attachment":[{"href":"https:\/\/wp.ufpel.edu.br\/labanatoin\/wp-json\/wp\/v2\/media?parent=997"}],"curies":[{"name":"wp","href":"https:\/\/api.w.org\/{rel}","templated":true}]}}