{"id":320,"date":"2014-11-28T07:54:58","date_gmt":"2014-11-28T09:54:58","guid":{"rendered":"https:\/\/wp.ufpel.edu.br\/labanatoin\/?page_id=320"},"modified":"2025-03-31T10:34:48","modified_gmt":"2025-03-31T13:34:48","slug":"mapanatoclin","status":"publish","type":"page","link":"https:\/\/wp.ufpel.edu.br\/labanatoin\/anatomoclinicos\/mapanatoclin\/","title":{"rendered":"Mapanatoclin"},"content":{"rendered":"<h2 id=\"tw-target-text\" class=\"tw-data-text tw-text-large XcVN5d tw-ta\" style=\"text-align: center;\" data-placeholder=\"Tradu\u00e7\u00e3o\"><span lang=\"en\">Design of educational experiences<\/span><\/h2>\n<p><a href=\"https:\/\/wp.ufpel.edu.br\/labanatoin\/files\/2014\/02\/Sem-t\u00edtulo1.jpg\"><img loading=\"lazy\" decoding=\"async\" data-attachment-id=\"300\" data-permalink=\"https:\/\/wp.ufpel.edu.br\/labanatoin\/anatomoclinicos\/sem-titulo-2\/\" data-orig-file=\"https:\/\/wp.ufpel.edu.br\/labanatoin\/files\/2014\/02\/Sem-t\u00edtulo1.jpg\" data-orig-size=\"228,70\" data-comments-opened=\"0\" data-image-meta=\"{&quot;aperture&quot;:&quot;0&quot;,&quot;credit&quot;:&quot;&quot;,&quot;camera&quot;:&quot;&quot;,&quot;caption&quot;:&quot;&quot;,&quot;created_timestamp&quot;:&quot;0&quot;,&quot;copyright&quot;:&quot;&quot;,&quot;focal_length&quot;:&quot;0&quot;,&quot;iso&quot;:&quot;0&quot;,&quot;shutter_speed&quot;:&quot;0&quot;,&quot;title&quot;:&quot;&quot;}\" data-image-title=\"Mapanatoclin\" data-image-description=\"\" data-image-caption=\"\" data-medium-file=\"https:\/\/wp.ufpel.edu.br\/labanatoin\/files\/2014\/02\/Sem-t\u00edtulo1.jpg\" data-large-file=\"https:\/\/wp.ufpel.edu.br\/labanatoin\/files\/2014\/02\/Sem-t\u00edtulo1.jpg\" class=\"size-full wp-image-300 aligncenter\" src=\"https:\/\/wp.ufpel.edu.br\/labanatoin\/files\/2014\/02\/Sem-t\u00edtulo1.jpg\" alt=\"Mapanatoclin\" width=\"228\" height=\"70\" srcset=\"https:\/\/wp.ufpel.edu.br\/labanatoin\/files\/2014\/02\/Sem-t\u00edtulo1.jpg 228w, https:\/\/wp.ufpel.edu.br\/labanatoin\/files\/2014\/02\/Sem-t\u00edtulo1-212x65.jpg 212w\" sizes=\"auto, (max-width: 228px) 100vw, 228px\" \/><\/a><\/p>\n<p><a href=\"http:\/\/ref.scielo.org\/39yfvf\">Mapas conceituais na educa\u00e7\u00e3o m\u00e9dica<\/a><\/p>\n<p><a href=\"https:\/\/labanatoin.ufpel.edu.br\/trabalho_fisiotanatomoclinico_2020_2_prof.mateus\/trabalhos.html\"><img loading=\"lazy\" decoding=\"async\" data-attachment-id=\"1206\" data-permalink=\"https:\/\/wp.ufpel.edu.br\/labanatoin\/anatomoclinicos\/mapanatoclin\/trab\/\" data-orig-file=\"https:\/\/wp.ufpel.edu.br\/labanatoin\/files\/2021\/08\/trab.jpg\" data-orig-size=\"524,331\" data-comments-opened=\"0\" data-image-meta=\"{&quot;aperture&quot;:&quot;0&quot;,&quot;credit&quot;:&quot;&quot;,&quot;camera&quot;:&quot;&quot;,&quot;caption&quot;:&quot;&quot;,&quot;created_timestamp&quot;:&quot;0&quot;,&quot;copyright&quot;:&quot;&quot;,&quot;focal_length&quot;:&quot;0&quot;,&quot;iso&quot;:&quot;0&quot;,&quot;shutter_speed&quot;:&quot;0&quot;,&quot;title&quot;:&quot;&quot;,&quot;orientation&quot;:&quot;0&quot;}\" data-image-title=\"trab\" data-image-description=\"\" data-image-caption=\"\" data-medium-file=\"https:\/\/wp.ufpel.edu.br\/labanatoin\/files\/2021\/08\/trab-424x268.jpg\" data-large-file=\"https:\/\/wp.ufpel.edu.br\/labanatoin\/files\/2021\/08\/trab-524x220.jpg\" class=\"alignnone wp-image-1206 size-medium\" src=\"https:\/\/wp.ufpel.edu.br\/labanatoin\/files\/2021\/08\/trab-424x268.jpg\" alt=\"\" width=\"424\" height=\"268\" srcset=\"https:\/\/wp.ufpel.edu.br\/labanatoin\/files\/2021\/08\/trab-424x268.jpg 424w, https:\/\/wp.ufpel.edu.br\/labanatoin\/files\/2021\/08\/trab-212x134.jpg 212w, https:\/\/wp.ufpel.edu.br\/labanatoin\/files\/2021\/08\/trab.jpg 524w\" sizes=\"auto, (max-width: 424px) 100vw, 424px\" \/><\/a><\/p>\n<p><em><strong>Mapanatoclin constru\u00eddos em <a href=\"https:\/\/wp.ufpel.edu.br\/labanatoin\/anatomoclinicos\/mapanatoclin\/mapanatoclin-20142\/\">2014 2<\/a>, <a href=\"https:\/\/wp.ufpel.edu.br\/labanatoin\/anatomoclinicos\/mapanatoclin\/mapanatoclin-20151\/\">2015 1<\/a> e <a href=\"https:\/\/wp.ufpel.edu.br\/labanatoin\/anatomoclinicos\/mapanatoclin\/mapanatoclin-20152\/\">2015 2<\/a><\/strong><\/em><\/p>\n\n<!-- iframe plugin v.6.0 wordpress.org\/plugins\/iframe\/ -->\n<iframe loading=\"lazy\" src=\"http:\/\/labanatoin.ufpel.edu.br\/enf20142\/mapa%20conceitual%201a.jpg\" width=\"1700\" height=\"900\" scrolling=\"auto\" class=\"iframe-class\" frameborder=\"0\"><\/iframe>\n\n\n<!-- iframe plugin v.6.0 wordpress.org\/plugins\/iframe\/ -->\n<iframe loading=\"lazy\" src=\"http:\/\/labanatoin.ufpel.edu.br\/enf20142\/mapa%20conceitual.jpg\" width=\"1700\" height=\"900\" scrolling=\"auto\" class=\"iframe-class\" frameborder=\"0\"><\/iframe>\n\n\n<!-- iframe plugin v.6.0 wordpress.org\/plugins\/iframe\/ -->\n<iframe loading=\"lazy\" src=\"http:\/\/labanatoin.ufpel.edu.br\/enf20142\/mapacaroline.jpg\" width=\"1700\" height=\"900\" scrolling=\"auto\" class=\"iframe-class\" frameborder=\"0\"><\/iframe>\n\n\n<!-- iframe plugin v.6.0 wordpress.org\/plugins\/iframe\/ -->\n<iframe loading=\"lazy\" src=\"http:\/\/labanatoin.ufpel.edu.br\/enf20142\/mapa%20nathalyaanelise.jpg\" width=\"1700\" height=\"900\" scrolling=\"auto\" class=\"iframe-class\" frameborder=\"0\"><\/iframe>\n\n\n<!-- iframe plugin v.6.0 wordpress.org\/plugins\/iframe\/ -->\n<iframe loading=\"lazy\" src=\"http:\/\/labanatoin.ufpel.edu.br\/enf20142\/cmapmaiara.jpg\" width=\"1700\" height=\"900\" scrolling=\"auto\" class=\"iframe-class\" frameborder=\"0\"><\/iframe>\n\n\n<!-- iframe plugin v.6.0 wordpress.org\/plugins\/iframe\/ -->\n<iframe loading=\"lazy\" src=\"http:\/\/labanatoin.ufpel.edu.br\/enf20142\/NAO%20SOU%20HIPERTENSAPDF%20(1).pdf\" width=\"1700\" height=\"900\" scrolling=\"auto\" class=\"iframe-class\" frameborder=\"0\"><\/iframe>\n\n\n<!-- iframe plugin v.6.0 wordpress.org\/plugins\/iframe\/ -->\n<iframe loading=\"lazy\" src=\"http:\/\/labanatoin.ufpel.edu.br\/enf20142\/trabalhosobrealcool.html\" width=\"3000\" height=\"2000\" scrolling=\"auto\" class=\"iframe-class\" frameborder=\"0\"><\/iframe>\n\n\n<!-- iframe plugin v.6.0 wordpress.org\/plugins\/iframe\/ -->\n<iframe loading=\"lazy\" src=\"http:\/\/labanatoin.ufpel.edu.br\/enf20142\/criancacomcrisedechoronoturno.html\" width=\"1700\" height=\"950\" scrolling=\"auto\" class=\"iframe-class\" frameborder=\"0\"><\/iframe>\n\n\n<!-- iframe plugin v.6.0 wordpress.org\/plugins\/iframe\/ -->\n<iframe loading=\"lazy\" src=\"http:\/\/labanatoin.ufpel.edu.br\/enf20142\/PROVA%20ANATOMIA%20(1).jpg\" width=\"2500\" height=\"2000\" scrolling=\"auto\" class=\"iframe-class\" frameborder=\"0\"><\/iframe>\n\n\n<!-- iframe plugin v.6.0 wordpress.org\/plugins\/iframe\/ -->\n<iframe loading=\"lazy\" src=\"http:\/\/labanatoin.ufpel.edu.br\/enf20142\/mapagabrielrafael.jpg\" width=\"1700\" height=\"900\" scrolling=\"auto\" class=\"iframe-class\" frameborder=\"0\"><\/iframe>\n\n\n<!-- iframe plugin v.6.0 wordpress.org\/plugins\/iframe\/ -->\n<iframe loading=\"lazy\" src=\"http:\/\/labanatoin.ufpel.edu.br\/enf20142\/mapajhonattan.jpg\" width=\"1700\" height=\"900\" scrolling=\"auto\" class=\"iframe-class\" frameborder=\"0\"><\/iframe>\n\n\n<!-- iframe plugin v.6.0 wordpress.org\/plugins\/iframe\/ -->\n<iframe loading=\"lazy\" src=\"http:\/\/labanatoin.ufpel.edu.br\/enf20142\/Sem%20titulo%201.jpg\" width=\"7000\" height=\"7000\" scrolling=\"auto\" class=\"iframe-class\" frameborder=\"0\"><\/iframe>\n\n<p><em><strong>Mapanatoclin constru\u00eddos em 2015 1<br \/>\n<\/strong><\/em><\/p>\n\n<!-- iframe plugin v.6.0 wordpress.org\/plugins\/iframe\/ -->\n<iframe loading=\"lazy\" src=\"http:\/\/labanatoin.ufpel.edu.br\/enf20151\/carlaepaola.jpg\" width=\"1700\" height=\"900\" scrolling=\"auto\" class=\"iframe-class\" frameborder=\"0\"><\/iframe>\n\n\n<!-- iframe plugin v.6.0 wordpress.org\/plugins\/iframe\/ -->\n<iframe loading=\"lazy\" src=\"http:\/\/labanatoin.ufpel.edu.br\/enf20151\/cairaegabriela.jpg\" width=\"1700\" height=\"900\" scrolling=\"auto\" class=\"iframe-class\" frameborder=\"0\"><\/iframe>\n\n\n<!-- iframe plugin v.6.0 wordpress.org\/plugins\/iframe\/ -->\n<iframe loading=\"lazy\" src=\"http:\/\/labanatoin.ufpel.edu.br\/enf20151\/tuberculose.jpg\" width=\"1700\" height=\"900\" scrolling=\"auto\" class=\"iframe-class\" frameborder=\"0\"><\/iframe>\n\n\n<!-- iframe plugin v.6.0 wordpress.org\/plugins\/iframe\/ -->\n<iframe loading=\"lazy\" src=\"http:\/\/labanatoin.ufpel.edu.br\/enf20151\/casodispneia.jpg\" width=\"1700\" height=\"900\" scrolling=\"auto\" class=\"iframe-class\" frameborder=\"0\"><\/iframe>\n\n\n<!-- iframe plugin v.6.0 wordpress.org\/plugins\/iframe\/ -->\n<iframe loading=\"lazy\" src=\"http:\/\/labanatoin.ufpel.edu.br\/enf20151\/mapacefaleiapronto.jpg\" width=\"1700\" height=\"900\" scrolling=\"auto\" class=\"iframe-class\" frameborder=\"0\"><\/iframe>\n\n\n<!-- iframe plugin v.6.0 wordpress.org\/plugins\/iframe\/ -->\n<iframe loading=\"lazy\" src=\"http:\/\/labanatoin.ufpel.edu.br\/enf20151\/Anatomia20151.jpg\" width=\"1700\" height=\"900\" scrolling=\"auto\" class=\"iframe-class\" frameborder=\"0\"><\/iframe>\n\n\n<!-- iframe plugin v.6.0 wordpress.org\/plugins\/iframe\/ -->\n<iframe loading=\"lazy\" src=\"http:\/\/labanatoin.ufpel.edu.br\/enf20151\/sistemacardiovascular.jpg\" width=\"1700\" height=\"900\" scrolling=\"auto\" class=\"iframe-class\" frameborder=\"0\"><\/iframe>\n\n\n<!-- iframe plugin v.6.0 wordpress.org\/plugins\/iframe\/ -->\n<iframe loading=\"lazy\" src=\"http:\/\/labanatoin.ufpel.edu.br\/enf20151\/hipertensao20151.jpg\" width=\"1700\" height=\"900\" scrolling=\"auto\" class=\"iframe-class\" frameborder=\"0\"><\/iframe>\n\n\n<!-- iframe plugin v.6.0 wordpress.org\/plugins\/iframe\/ -->\n<iframe loading=\"lazy\" src=\"http:\/\/labanatoin.ufpel.edu.br\/enf20151\/daiane.cmap2.jpg\" width=\"1700\" height=\"900\" scrolling=\"auto\" class=\"iframe-class\" frameborder=\"0\"><\/iframe>\n\n\n<!-- iframe plugin v.6.0 wordpress.org\/plugins\/iframe\/ -->\n<iframe loading=\"lazy\" src=\"http:\/\/labanatoin.ufpel.edu.br\/enf20151\/anatomiamapaconceitual.jpg\" width=\"1700\" height=\"900\" scrolling=\"auto\" class=\"iframe-class\" frameborder=\"0\"><\/iframe>\n\n\n<!-- iframe plugin v.6.0 wordpress.org\/plugins\/iframe\/ -->\n<iframe loading=\"lazy\" src=\"http:\/\/labanatoin.ufpel.edu.br\/enf20151\/mapaflavia.jpg\" width=\"1700\" height=\"900\" scrolling=\"auto\" class=\"iframe-class\" frameborder=\"0\"><\/iframe>\n\n","protected":false},"excerpt":{"rendered":"<p>Design of educational experiences Mapas conceituais na educa\u00e7\u00e3o m\u00e9dica Mapanatoclin constru\u00eddos em 2014 2, 2015 1 e 2015 2 Mapanatoclin constru\u00eddos em 2015 1<\/p>\n","protected":false},"author":350,"featured_media":0,"parent":13,"menu_order":0,"comment_status":"closed","ping_status":"closed","template":"","meta":{"jetpack_post_was_ever_published":false,"footnotes":""},"class_list":["post-320","page","type-page","status-publish","hentry","nodate","item-wrap"],"jetpack_sharing_enabled":true,"_links":{"self":[{"href":"https:\/\/wp.ufpel.edu.br\/labanatoin\/wp-json\/wp\/v2\/pages\/320","targetHints":{"allow":["GET"]}}],"collection":[{"href":"https:\/\/wp.ufpel.edu.br\/labanatoin\/wp-json\/wp\/v2\/pages"}],"about":[{"href":"https:\/\/wp.ufpel.edu.br\/labanatoin\/wp-json\/wp\/v2\/types\/page"}],"author":[{"embeddable":true,"href":"https:\/\/wp.ufpel.edu.br\/labanatoin\/wp-json\/wp\/v2\/users\/350"}],"replies":[{"embeddable":true,"href":"https:\/\/wp.ufpel.edu.br\/labanatoin\/wp-json\/wp\/v2\/comments?post=320"}],"version-history":[{"count":42,"href":"https:\/\/wp.ufpel.edu.br\/labanatoin\/wp-json\/wp\/v2\/pages\/320\/revisions"}],"predecessor-version":[{"id":1658,"href":"https:\/\/wp.ufpel.edu.br\/labanatoin\/wp-json\/wp\/v2\/pages\/320\/revisions\/1658"}],"up":[{"embeddable":true,"href":"https:\/\/wp.ufpel.edu.br\/labanatoin\/wp-json\/wp\/v2\/pages\/13"}],"wp:attachment":[{"href":"https:\/\/wp.ufpel.edu.br\/labanatoin\/wp-json\/wp\/v2\/media?parent=320"}],"curies":[{"name":"wp","href":"https:\/\/api.w.org\/{rel}","templated":true}]}}