{"id":258,"date":"2014-07-21T09:10:23","date_gmt":"2014-07-21T12:10:23","guid":{"rendered":"https:\/\/wp.ufpel.edu.br\/labanatoin\/?page_id=258"},"modified":"2021-03-13T15:00:21","modified_gmt":"2021-03-13T18:00:21","slug":"perspectiva-curricular-interdisciplinar","status":"publish","type":"page","link":"https:\/\/wp.ufpel.edu.br\/labanatoin\/perspectiva-curricular-interdisciplinar\/","title":{"rendered":"Perspectiva curricular"},"content":{"rendered":"<p><a href=\"https:\/\/wp.ufpel.edu.br\/labanatoin\/files\/2014\/07\/Quadril-3D.jpg\"><img loading=\"lazy\" decoding=\"async\" data-attachment-id=\"255\" data-permalink=\"https:\/\/wp.ufpel.edu.br\/labanatoin\/2014\/07\/20\/254\/quadril-3d\/\" data-orig-file=\"https:\/\/wp.ufpel.edu.br\/labanatoin\/files\/2014\/07\/Quadril-3D.jpg\" data-orig-size=\"1487,699\" data-comments-opened=\"0\" data-image-meta=\"{&quot;aperture&quot;:&quot;0&quot;,&quot;credit&quot;:&quot;&quot;,&quot;camera&quot;:&quot;&quot;,&quot;caption&quot;:&quot;&quot;,&quot;created_timestamp&quot;:&quot;0&quot;,&quot;copyright&quot;:&quot;&quot;,&quot;focal_length&quot;:&quot;0&quot;,&quot;iso&quot;:&quot;0&quot;,&quot;shutter_speed&quot;:&quot;0&quot;,&quot;title&quot;:&quot;&quot;}\" data-image-title=\"Quadril 3D\" data-image-description=\"\" data-image-caption=\"\" data-medium-file=\"https:\/\/wp.ufpel.edu.br\/labanatoin\/files\/2014\/07\/Quadril-3D-424x199.jpg\" data-large-file=\"https:\/\/wp.ufpel.edu.br\/labanatoin\/files\/2014\/07\/Quadril-3D-984x220.jpg\" class=\"alignnone size-medium wp-image-255\" src=\"https:\/\/wp.ufpel.edu.br\/labanatoin\/files\/2014\/07\/Quadril-3D-424x199.jpg\" alt=\"Quadril 3D\" width=\"424\" height=\"199\" srcset=\"https:\/\/wp.ufpel.edu.br\/labanatoin\/files\/2014\/07\/Quadril-3D-424x199.jpg 424w, https:\/\/wp.ufpel.edu.br\/labanatoin\/files\/2014\/07\/Quadril-3D-212x99.jpg 212w, https:\/\/wp.ufpel.edu.br\/labanatoin\/files\/2014\/07\/Quadril-3D.jpg 1487w\" sizes=\"auto, (max-width: 424px) 100vw, 424px\" \/><\/a><\/p>\n<p style=\"text-align: left\">\u00a0<strong>Prezado(s)<\/strong><\/p>\n<p>\u00a0<strong>Venho comunicar o interesse e a disponibilidade do Laborat\u00f3rio de Anatomia Humana Interativa e Cl\u00ednica \u2013 <\/strong><a href=\"https:\/\/wp.ufpel.edu.br\/labanatoin\/\"><strong>Labanatoin<\/strong><\/a><strong>(https:\/\/wp.ufpel.edu.br\/labanatoin\/) desenvolver atividades dirigidas de anatomia humana aproximando da especialidade, inclusive das revis\u00f5es anat\u00f4micas espec\u00edficas orientadas e dialogadas com a interface did\u00e1tica da(s) disciplina(s), potencializando os recursos tridimensionais em anatomia humana. Assim, a Anatomia Humana Interativa, Cl\u00ednica e Tridimensional (AHICT) emerge como possibilidade para contribuir com a forma\u00e7\u00e3o em sa\u00fade.<br \/>\n<\/strong><\/p>\n<p><strong>A atividade est\u00e1 relacionada ao projeto de ensino e permite potencializar espa\u00e7o particular de revis\u00e3o anat\u00f4mica e funcional orientada para a aprendizagem personalizada que envolve os interesses disciplinares espec\u00edficos.<\/strong><\/p>\n<p><strong>Caso haja interesse em dialogar uma experi\u00eancia com os seus alunos na disciplina e ou da forma\u00e7\u00e3o especializada, desenvolveremos em conjunto uma ou mais atividades orientadas utilizando o recurso tridimensional em anatomia humana com di\u00e1logo personalizado aos interesses do professor regente. <\/strong><\/p>\n<p><strong>Voc\u00ea pode visitar o <em>website<\/em> do Labanatoin e escrever mensagem no link Contato. Dessa forma, entramos em contato com voc\u00ea para conversar sobre essas possibilidades de ensino tridimensional real\u00edstico que motivam o estudante para o aprendizado e serve de grande interesse na forma\u00e7\u00e3o de profissionais da \u00e1rea de sa\u00fade.<\/strong><\/p>\n<p><strong>Atenciosamente, Prof. Mateus Casanova<\/strong><\/p>\n<p>21 Jul 2014<\/p>\n<p>Design of educational experiences<\/p>\n<div id=\"attachment_1066\" style=\"width: 414px\" class=\"wp-caption alignnone\"><a href=\"https:\/\/wp.ufpel.edu.br\/labanatoin\/files\/2021\/03\/dm10.jpg\"><img loading=\"lazy\" decoding=\"async\" aria-describedby=\"caption-attachment-1066\" data-attachment-id=\"1066\" data-permalink=\"https:\/\/wp.ufpel.edu.br\/labanatoin\/anatomoclinicos\/dm10\/\" data-orig-file=\"https:\/\/wp.ufpel.edu.br\/labanatoin\/files\/2021\/03\/dm10.jpg\" data-orig-size=\"414,98\" data-comments-opened=\"0\" data-image-meta=\"{&quot;aperture&quot;:&quot;0&quot;,&quot;credit&quot;:&quot;&quot;,&quot;camera&quot;:&quot;&quot;,&quot;caption&quot;:&quot;&quot;,&quot;created_timestamp&quot;:&quot;0&quot;,&quot;copyright&quot;:&quot;&quot;,&quot;focal_length&quot;:&quot;0&quot;,&quot;iso&quot;:&quot;0&quot;,&quot;shutter_speed&quot;:&quot;0&quot;,&quot;title&quot;:&quot;&quot;,&quot;orientation&quot;:&quot;0&quot;}\" data-image-title=\"dm10\" data-image-description=\"\" data-image-caption=\"&lt;p&gt;Interactive e-learning anatomy&lt;\/p&gt;\n\" data-medium-file=\"https:\/\/wp.ufpel.edu.br\/labanatoin\/files\/2021\/03\/dm10.jpg\" data-large-file=\"https:\/\/wp.ufpel.edu.br\/labanatoin\/files\/2021\/03\/dm10.jpg\" class=\"size-full wp-image-1066\" src=\"https:\/\/wp.ufpel.edu.br\/labanatoin\/files\/2021\/03\/dm10.jpg\" alt=\"\" width=\"414\" height=\"98\" srcset=\"https:\/\/wp.ufpel.edu.br\/labanatoin\/files\/2021\/03\/dm10.jpg 414w, https:\/\/wp.ufpel.edu.br\/labanatoin\/files\/2021\/03\/dm10-212x50.jpg 212w\" sizes=\"auto, (max-width: 414px) 100vw, 414px\" \/><\/a><p id=\"caption-attachment-1066\" class=\"wp-caption-text\">Interactive e-learning anatomy<\/p><\/div>\n<p><a href=\"https:\/\/wp.ufpel.edu.br\/labanatoin\/files\/2015\/11\/apoiadoreslabanatoin.jpg\"><img loading=\"lazy\" decoding=\"async\" data-attachment-id=\"437\" data-permalink=\"https:\/\/wp.ufpel.edu.br\/labanatoin\/anatomoclinicos\/pbl\/apoiadoreslabanatoin\/\" data-orig-file=\"https:\/\/wp.ufpel.edu.br\/labanatoin\/files\/2015\/11\/apoiadoreslabanatoin.jpg\" data-orig-size=\"978,89\" data-comments-opened=\"0\" data-image-meta=\"{&quot;aperture&quot;:&quot;0&quot;,&quot;credit&quot;:&quot;&quot;,&quot;camera&quot;:&quot;&quot;,&quot;caption&quot;:&quot;&quot;,&quot;created_timestamp&quot;:&quot;0&quot;,&quot;copyright&quot;:&quot;&quot;,&quot;focal_length&quot;:&quot;0&quot;,&quot;iso&quot;:&quot;0&quot;,&quot;shutter_speed&quot;:&quot;0&quot;,&quot;title&quot;:&quot;&quot;,&quot;orientation&quot;:&quot;0&quot;}\" data-image-title=\"apoiadoreslabanatoin\" data-image-description=\"\" data-image-caption=\"\" data-medium-file=\"https:\/\/wp.ufpel.edu.br\/labanatoin\/files\/2015\/11\/apoiadoreslabanatoin-424x39.jpg\" data-large-file=\"https:\/\/wp.ufpel.edu.br\/labanatoin\/files\/2015\/11\/apoiadoreslabanatoin.jpg\" class=\"alignnone size-medium wp-image-437\" src=\"https:\/\/wp.ufpel.edu.br\/labanatoin\/files\/2015\/11\/apoiadoreslabanatoin-424x39.jpg\" alt=\"apoiadoreslabanatoin\" width=\"424\" height=\"39\" srcset=\"https:\/\/wp.ufpel.edu.br\/labanatoin\/files\/2015\/11\/apoiadoreslabanatoin-424x39.jpg 424w, https:\/\/wp.ufpel.edu.br\/labanatoin\/files\/2015\/11\/apoiadoreslabanatoin-212x19.jpg 212w, https:\/\/wp.ufpel.edu.br\/labanatoin\/files\/2015\/11\/apoiadoreslabanatoin-960x89.jpg 960w, https:\/\/wp.ufpel.edu.br\/labanatoin\/files\/2015\/11\/apoiadoreslabanatoin.jpg 978w\" sizes=\"auto, (max-width: 424px) 100vw, 424px\" \/><\/a><\/p>\n<p><a href=\"https:\/\/wp.ufpel.edu.br\/labanatoin\/files\/2020\/12\/atividades.jpg\"><img loading=\"lazy\" decoding=\"async\" data-attachment-id=\"1020\" data-permalink=\"https:\/\/wp.ufpel.edu.br\/labanatoin\/perspectiva-curricular-interdisciplinar\/atividades\/\" data-orig-file=\"https:\/\/wp.ufpel.edu.br\/labanatoin\/files\/2020\/12\/atividades.jpg\" data-orig-size=\"759,215\" data-comments-opened=\"0\" data-image-meta=\"{&quot;aperture&quot;:&quot;0&quot;,&quot;credit&quot;:&quot;&quot;,&quot;camera&quot;:&quot;&quot;,&quot;caption&quot;:&quot;&quot;,&quot;created_timestamp&quot;:&quot;0&quot;,&quot;copyright&quot;:&quot;&quot;,&quot;focal_length&quot;:&quot;0&quot;,&quot;iso&quot;:&quot;0&quot;,&quot;shutter_speed&quot;:&quot;0&quot;,&quot;title&quot;:&quot;&quot;,&quot;orientation&quot;:&quot;0&quot;}\" data-image-title=\"atividades\" data-image-description=\"\" data-image-caption=\"\" data-medium-file=\"https:\/\/wp.ufpel.edu.br\/labanatoin\/files\/2020\/12\/atividades-424x120.jpg\" data-large-file=\"https:\/\/wp.ufpel.edu.br\/labanatoin\/files\/2020\/12\/atividades.jpg\" class=\"alignnone size-medium wp-image-1020\" src=\"https:\/\/wp.ufpel.edu.br\/labanatoin\/files\/2020\/12\/atividades-424x120.jpg\" alt=\"\" width=\"424\" height=\"120\" srcset=\"https:\/\/wp.ufpel.edu.br\/labanatoin\/files\/2020\/12\/atividades-424x120.jpg 424w, https:\/\/wp.ufpel.edu.br\/labanatoin\/files\/2020\/12\/atividades-212x60.jpg 212w, https:\/\/wp.ufpel.edu.br\/labanatoin\/files\/2020\/12\/atividades-750x212.jpg 750w, https:\/\/wp.ufpel.edu.br\/labanatoin\/files\/2020\/12\/atividades.jpg 759w\" sizes=\"auto, (max-width: 424px) 100vw, 424px\" \/><\/a><\/p>\n","protected":false},"excerpt":{"rendered":"<p>\u00a0Prezado(s) \u00a0Venho comunicar o interesse e a disponibilidade do Laborat\u00f3rio de Anatomia Humana Interativa e Cl\u00ednica \u2013 Labanatoin(https:\/\/wp.ufpel.edu.br\/labanatoin\/) desenvolver atividades dirigidas de anatomia humana aproximando da especialidade, inclusive das revis\u00f5es anat\u00f4micas espec\u00edficas orientadas e dialogadas com a interface did\u00e1tica da(s) disciplina(s), potencializando os recursos tridimensionais em anatomia humana. Assim, a Anatomia Humana Interativa, Cl\u00ednica e &hellip; <\/p>\n<p><a class=\"more-link btn\" href=\"https:\/\/wp.ufpel.edu.br\/labanatoin\/perspectiva-curricular-interdisciplinar\/\">Continue lendo<\/a><\/p>\n","protected":false},"author":350,"featured_media":0,"parent":0,"menu_order":0,"comment_status":"closed","ping_status":"closed","template":"","meta":{"jetpack_post_was_ever_published":false,"footnotes":""},"class_list":["post-258","page","type-page","status-publish","hentry","nodate","item-wrap"],"jetpack_sharing_enabled":true,"_links":{"self":[{"href":"https:\/\/wp.ufpel.edu.br\/labanatoin\/wp-json\/wp\/v2\/pages\/258","targetHints":{"allow":["GET"]}}],"collection":[{"href":"https:\/\/wp.ufpel.edu.br\/labanatoin\/wp-json\/wp\/v2\/pages"}],"about":[{"href":"https:\/\/wp.ufpel.edu.br\/labanatoin\/wp-json\/wp\/v2\/types\/page"}],"author":[{"embeddable":true,"href":"https:\/\/wp.ufpel.edu.br\/labanatoin\/wp-json\/wp\/v2\/users\/350"}],"replies":[{"embeddable":true,"href":"https:\/\/wp.ufpel.edu.br\/labanatoin\/wp-json\/wp\/v2\/comments?post=258"}],"version-history":[{"count":10,"href":"https:\/\/wp.ufpel.edu.br\/labanatoin\/wp-json\/wp\/v2\/pages\/258\/revisions"}],"predecessor-version":[{"id":1071,"href":"https:\/\/wp.ufpel.edu.br\/labanatoin\/wp-json\/wp\/v2\/pages\/258\/revisions\/1071"}],"wp:attachment":[{"href":"https:\/\/wp.ufpel.edu.br\/labanatoin\/wp-json\/wp\/v2\/media?parent=258"}],"curies":[{"name":"wp","href":"https:\/\/api.w.org\/{rel}","templated":true}]}}