{"id":1211,"date":"2021-08-28T14:13:13","date_gmt":"2021-08-28T17:13:13","guid":{"rendered":"https:\/\/wp.ufpel.edu.br\/labanatoin\/?page_id=1211"},"modified":"2021-09-14T08:13:08","modified_gmt":"2021-09-14T11:13:08","slug":"mcm","status":"publish","type":"page","link":"https:\/\/wp.ufpel.edu.br\/labanatoin\/mcm\/","title":{"rendered":"MCM"},"content":{"rendered":"<h6><a href=\"https:\/\/sites.google.com\/view\/museucm\/in%C3%ADcio\"><img loading=\"lazy\" decoding=\"async\" data-attachment-id=\"1209\" data-permalink=\"https:\/\/wp.ufpel.edu.br\/labanatoin\/eletronic_portfolio\/museu_ciencias\/\" data-orig-file=\"https:\/\/wp.ufpel.edu.br\/labanatoin\/files\/2021\/08\/museu_ciencias.jpg\" data-orig-size=\"375,171\" data-comments-opened=\"0\" data-image-meta=\"{&quot;aperture&quot;:&quot;0&quot;,&quot;credit&quot;:&quot;&quot;,&quot;camera&quot;:&quot;&quot;,&quot;caption&quot;:&quot;&quot;,&quot;created_timestamp&quot;:&quot;0&quot;,&quot;copyright&quot;:&quot;&quot;,&quot;focal_length&quot;:&quot;0&quot;,&quot;iso&quot;:&quot;0&quot;,&quot;shutter_speed&quot;:&quot;0&quot;,&quot;title&quot;:&quot;&quot;,&quot;orientation&quot;:&quot;0&quot;}\" data-image-title=\"museu_ciencias\" data-image-description=\"\" data-image-caption=\"\" data-medium-file=\"https:\/\/wp.ufpel.edu.br\/labanatoin\/files\/2021\/08\/museu_ciencias.jpg\" data-large-file=\"https:\/\/wp.ufpel.edu.br\/labanatoin\/files\/2021\/08\/museu_ciencias.jpg\" class=\"size-full wp-image-1209 alignleft\" src=\"https:\/\/wp.ufpel.edu.br\/labanatoin\/files\/2021\/08\/museu_ciencias.jpg\" alt=\"\" width=\"375\" height=\"171\" srcset=\"https:\/\/wp.ufpel.edu.br\/labanatoin\/files\/2021\/08\/museu_ciencias.jpg 375w, https:\/\/wp.ufpel.edu.br\/labanatoin\/files\/2021\/08\/museu_ciencias-212x97.jpg 212w\" sizes=\"auto, (max-width: 375px) 100vw, 375px\" \/><\/a><\/h6>\n<div id=\"attachment_1066\" style=\"width: 414px\" class=\"wp-caption alignnone\"><a href=\"https:\/\/wp.ufpel.edu.br\/labanatoin\/files\/2021\/03\/dm10.jpg\"><img loading=\"lazy\" decoding=\"async\" aria-describedby=\"caption-attachment-1066\" data-attachment-id=\"1066\" data-permalink=\"https:\/\/wp.ufpel.edu.br\/labanatoin\/anatomoclinicos\/dm10\/\" data-orig-file=\"https:\/\/wp.ufpel.edu.br\/labanatoin\/files\/2021\/03\/dm10.jpg\" data-orig-size=\"414,98\" data-comments-opened=\"0\" data-image-meta=\"{&quot;aperture&quot;:&quot;0&quot;,&quot;credit&quot;:&quot;&quot;,&quot;camera&quot;:&quot;&quot;,&quot;caption&quot;:&quot;&quot;,&quot;created_timestamp&quot;:&quot;0&quot;,&quot;copyright&quot;:&quot;&quot;,&quot;focal_length&quot;:&quot;0&quot;,&quot;iso&quot;:&quot;0&quot;,&quot;shutter_speed&quot;:&quot;0&quot;,&quot;title&quot;:&quot;&quot;,&quot;orientation&quot;:&quot;0&quot;}\" data-image-title=\"dm10\" data-image-description=\"\" data-image-caption=\"&lt;p&gt;Interactive e-learning anatomy&lt;\/p&gt;\n\" data-medium-file=\"https:\/\/wp.ufpel.edu.br\/labanatoin\/files\/2021\/03\/dm10.jpg\" data-large-file=\"https:\/\/wp.ufpel.edu.br\/labanatoin\/files\/2021\/03\/dm10.jpg\" class=\"size-full wp-image-1066\" src=\"https:\/\/wp.ufpel.edu.br\/labanatoin\/files\/2021\/03\/dm10.jpg\" alt=\"\" width=\"414\" height=\"98\" srcset=\"https:\/\/wp.ufpel.edu.br\/labanatoin\/files\/2021\/03\/dm10.jpg 414w, https:\/\/wp.ufpel.edu.br\/labanatoin\/files\/2021\/03\/dm10-212x50.jpg 212w\" sizes=\"auto, (max-width: 414px) 100vw, 414px\" \/><\/a><p id=\"caption-attachment-1066\" class=\"wp-caption-text\">Interactive e-learning anatomy<\/p><\/div>\n<h6>Desenvolvimento de recursos e-learning interativos para o Projeto Museu de Ci\u00eancias Morfol\u00f3gicas (MCM) da Profa. Ros\u00e2ngela Ferreira Rodrigues.<\/h6>\n<h6>Ao clicar na imagem abaixo, voc\u00ea entra nos recursos de audiodescri\u00e7\u00e3o e visuais para explorar o modelo renal de impress\u00e3o 3D que o Projeto Museu de Ci\u00eancias Morfol\u00f3gicas desenvolveu e qualificar ainda mais a experi\u00eancia de aprendizado em Anatomia Humana.<\/h6>\n<h6>Desenvolvido para o aux\u00edlio e suporte do Projeto MCM.<\/h6>\n<h6><a href=\"http:\/\/labanatoin.ufpel.edu.br\/mcm\/rim_modelo_3D\/rim_coronal_anatomia.html\"><img loading=\"lazy\" decoding=\"async\" data-attachment-id=\"1217\" data-permalink=\"https:\/\/wp.ufpel.edu.br\/labanatoin\/mcm\/rim_modelo\/\" data-orig-file=\"https:\/\/wp.ufpel.edu.br\/labanatoin\/files\/2021\/08\/rim_modelo.jpg\" data-orig-size=\"122,204\" data-comments-opened=\"0\" data-image-meta=\"{&quot;aperture&quot;:&quot;0&quot;,&quot;credit&quot;:&quot;&quot;,&quot;camera&quot;:&quot;&quot;,&quot;caption&quot;:&quot;&quot;,&quot;created_timestamp&quot;:&quot;0&quot;,&quot;copyright&quot;:&quot;&quot;,&quot;focal_length&quot;:&quot;0&quot;,&quot;iso&quot;:&quot;0&quot;,&quot;shutter_speed&quot;:&quot;0&quot;,&quot;title&quot;:&quot;&quot;,&quot;orientation&quot;:&quot;0&quot;}\" data-image-title=\"rim_modelo\" data-image-description=\"\" data-image-caption=\"\" data-medium-file=\"https:\/\/wp.ufpel.edu.br\/labanatoin\/files\/2021\/08\/rim_modelo.jpg\" data-large-file=\"https:\/\/wp.ufpel.edu.br\/labanatoin\/files\/2021\/08\/rim_modelo.jpg\" class=\"size-full wp-image-1217 alignleft\" src=\"https:\/\/wp.ufpel.edu.br\/labanatoin\/files\/2021\/08\/rim_modelo.jpg\" alt=\"\" width=\"122\" height=\"204\" srcset=\"https:\/\/wp.ufpel.edu.br\/labanatoin\/files\/2021\/08\/rim_modelo.jpg 122w, https:\/\/wp.ufpel.edu.br\/labanatoin\/files\/2021\/08\/rim_modelo-95x159.jpg 95w\" sizes=\"auto, (max-width: 122px) 100vw, 122px\" \/><\/a><\/h6>\n<h6><\/h6>\n<p>&nbsp;<\/p>\n<p>&nbsp;<\/p>\n<h6><\/h6>\n<h6><\/h6>\n<h6><a href=\"http:\/\/labanatoin.ufpel.edu.br\/mcm\/rim_modelo_3D\/rim_coronal_anatomia.html\">28Mai2021<\/a><\/h6>\n<p>&nbsp;<\/p>\n","protected":false},"excerpt":{"rendered":"<p>Desenvolvimento de recursos e-learning interativos para o Projeto Museu de Ci\u00eancias Morfol\u00f3gicas (MCM) da Profa. Ros\u00e2ngela Ferreira Rodrigues. Ao clicar na imagem abaixo, voc\u00ea entra nos recursos de audiodescri\u00e7\u00e3o e visuais para explorar o modelo renal de impress\u00e3o 3D que o Projeto Museu de Ci\u00eancias Morfol\u00f3gicas desenvolveu e qualificar ainda mais a experi\u00eancia de aprendizado &hellip; <\/p>\n<p><a class=\"more-link btn\" href=\"https:\/\/wp.ufpel.edu.br\/labanatoin\/mcm\/\">Continue lendo<\/a><\/p>\n","protected":false},"author":350,"featured_media":1217,"parent":0,"menu_order":0,"comment_status":"closed","ping_status":"closed","template":"","meta":{"jetpack_post_was_ever_published":false,"footnotes":""},"class_list":["post-1211","page","type-page","status-publish","has-post-thumbnail","hentry","nodate","item-wrap"],"jetpack_sharing_enabled":true,"_links":{"self":[{"href":"https:\/\/wp.ufpel.edu.br\/labanatoin\/wp-json\/wp\/v2\/pages\/1211","targetHints":{"allow":["GET"]}}],"collection":[{"href":"https:\/\/wp.ufpel.edu.br\/labanatoin\/wp-json\/wp\/v2\/pages"}],"about":[{"href":"https:\/\/wp.ufpel.edu.br\/labanatoin\/wp-json\/wp\/v2\/types\/page"}],"author":[{"embeddable":true,"href":"https:\/\/wp.ufpel.edu.br\/labanatoin\/wp-json\/wp\/v2\/users\/350"}],"replies":[{"embeddable":true,"href":"https:\/\/wp.ufpel.edu.br\/labanatoin\/wp-json\/wp\/v2\/comments?post=1211"}],"version-history":[{"count":9,"href":"https:\/\/wp.ufpel.edu.br\/labanatoin\/wp-json\/wp\/v2\/pages\/1211\/revisions"}],"predecessor-version":[{"id":1230,"href":"https:\/\/wp.ufpel.edu.br\/labanatoin\/wp-json\/wp\/v2\/pages\/1211\/revisions\/1230"}],"wp:featuredmedia":[{"embeddable":true,"href":"https:\/\/wp.ufpel.edu.br\/labanatoin\/wp-json\/wp\/v2\/media\/1217"}],"wp:attachment":[{"href":"https:\/\/wp.ufpel.edu.br\/labanatoin\/wp-json\/wp\/v2\/media?parent=1211"}],"curies":[{"name":"wp","href":"https:\/\/api.w.org\/{rel}","templated":true}]}}