{"id":1091,"date":"2021-03-21T20:16:33","date_gmt":"2021-03-21T23:16:33","guid":{"rendered":"https:\/\/wp.ufpel.edu.br\/labanatoin\/?page_id=1091"},"modified":"2026-04-01T16:29:05","modified_gmt":"2026-04-01T19:29:05","slug":"anatomoclinicos2","status":"publish","type":"page","link":"https:\/\/wp.ufpel.edu.br\/labanatoin\/anatomoclinicos\/anatomoclinicos2\/","title":{"rendered":"Mapanatomocl\u00ednicos"},"content":{"rendered":"<h2 id=\"tw-target-text\" class=\"tw-data-text tw-text-large XcVN5d tw-ta\" data-placeholder=\"Tradu\u00e7\u00e3o\"><span lang=\"en\">Design of educational experiences<\/span><\/h2>\n<p><a href=\"https:\/\/wp.ufpel.edu.br\/labanatoin\/files\/2021\/03\/dm10.jpg\"><img loading=\"lazy\" decoding=\"async\" data-attachment-id=\"1066\" data-permalink=\"https:\/\/wp.ufpel.edu.br\/labanatoin\/anatomoclinicos\/dm10\/\" data-orig-file=\"https:\/\/wp.ufpel.edu.br\/labanatoin\/files\/2021\/03\/dm10.jpg\" data-orig-size=\"414,98\" data-comments-opened=\"0\" data-image-meta=\"{&quot;aperture&quot;:&quot;0&quot;,&quot;credit&quot;:&quot;&quot;,&quot;camera&quot;:&quot;&quot;,&quot;caption&quot;:&quot;&quot;,&quot;created_timestamp&quot;:&quot;0&quot;,&quot;copyright&quot;:&quot;&quot;,&quot;focal_length&quot;:&quot;0&quot;,&quot;iso&quot;:&quot;0&quot;,&quot;shutter_speed&quot;:&quot;0&quot;,&quot;title&quot;:&quot;&quot;,&quot;orientation&quot;:&quot;0&quot;}\" data-image-title=\"dm10\" data-image-description=\"\" data-image-caption=\"&lt;p&gt;Interactive e-learning anatomy&lt;\/p&gt;\n\" data-medium-file=\"https:\/\/wp.ufpel.edu.br\/labanatoin\/files\/2021\/03\/dm10.jpg\" data-large-file=\"https:\/\/wp.ufpel.edu.br\/labanatoin\/files\/2021\/03\/dm10.jpg\" class=\"size-full wp-image-1066\" src=\"https:\/\/wp.ufpel.edu.br\/labanatoin\/files\/2021\/03\/dm10.jpg\" alt=\"\" width=\"414\" height=\"98\" srcset=\"https:\/\/wp.ufpel.edu.br\/labanatoin\/files\/2021\/03\/dm10.jpg 414w, https:\/\/wp.ufpel.edu.br\/labanatoin\/files\/2021\/03\/dm10-212x50.jpg 212w\" sizes=\"auto, (max-width: 414px) 100vw, 414px\" \/><\/a><img loading=\"lazy\" decoding=\"async\" data-attachment-id=\"300\" data-permalink=\"https:\/\/wp.ufpel.edu.br\/labanatoin\/anatomoclinicos\/sem-titulo-2\/\" data-orig-file=\"https:\/\/wp.ufpel.edu.br\/labanatoin\/files\/2014\/02\/Sem-t\u00edtulo1.jpg\" data-orig-size=\"228,70\" data-comments-opened=\"0\" data-image-meta=\"{&quot;aperture&quot;:&quot;0&quot;,&quot;credit&quot;:&quot;&quot;,&quot;camera&quot;:&quot;&quot;,&quot;caption&quot;:&quot;&quot;,&quot;created_timestamp&quot;:&quot;0&quot;,&quot;copyright&quot;:&quot;&quot;,&quot;focal_length&quot;:&quot;0&quot;,&quot;iso&quot;:&quot;0&quot;,&quot;shutter_speed&quot;:&quot;0&quot;,&quot;title&quot;:&quot;&quot;}\" data-image-title=\"Mapanatoclin\" data-image-description=\"\" data-image-caption=\"\" data-medium-file=\"https:\/\/wp.ufpel.edu.br\/labanatoin\/files\/2014\/02\/Sem-t\u00edtulo1.jpg\" data-large-file=\"https:\/\/wp.ufpel.edu.br\/labanatoin\/files\/2014\/02\/Sem-t\u00edtulo1.jpg\" class=\"alignnone size-full wp-image-300\" src=\"https:\/\/wp.ufpel.edu.br\/labanatoin\/files\/2014\/02\/Sem-t\u00edtulo1.jpg\" alt=\"Mapanatoclin\" width=\"228\" height=\"70\" srcset=\"https:\/\/wp.ufpel.edu.br\/labanatoin\/files\/2014\/02\/Sem-t\u00edtulo1.jpg 228w, https:\/\/wp.ufpel.edu.br\/labanatoin\/files\/2014\/02\/Sem-t\u00edtulo1-212x65.jpg 212w\" sizes=\"auto, (max-width: 228px) 100vw, 228px\" \/><\/p>\n<p><strong><em>Mapas conceituais e <a href=\"https:\/\/wp.ufpel.edu.br\/labanatoin\/mapanatoclin\/\">I<\/a>nfogr\u00e1f<\/em><\/strong><strong><em>icos anatomocl\u00ednicos<\/em><\/strong><\/p>\n<p><a href=\"https:\/\/labanatoin.ufpel.edu.br\/neurocranio\/neurocranio.html\">neurocranio.html<\/a><\/p>\n<p><a href=\"https:\/\/labanatoin.ufpel.edu.br\/esplancnocranio\/esplanc_mateus.html\">escplancnocranio.html<\/a><\/p>\n<p><a href=\"https:\/\/labanatoin.ufpel.edu.br\/plexo_braquial\/plexo_interactive.html\">Plexo Braquial.html<\/a><\/p>\n<p><a href=\"https:\/\/labanatoin.ufpel.edu.br\/Plexo_lombossacro\/Plexo_lombossacral.html\">Plexo lombossacral.html<\/a><\/p>\n<p><a href=\"https:\/\/labanatoin.ufpel.edu.br\/Tronco_cerebral\/Tronco_nervos_cranianos.html\">Tronco encefalico e nervos cranianos.cmap.html<\/a><\/p>\n<p><a href=\"https:\/\/labanatoin.ufpel.edu.br\/circulacaofetal\/circulacaofetal.html\">Circulacao fetal.html<\/a><\/p>\n<p>C\u00edngulo escapular<\/p>\n<p>Regi\u00e3o gl\u00fatea<\/p>\n<p>Perna<\/p>\n<p><a href=\"https:\/\/labanatoin.ufpel.edu.br\/pe_diabetico_veno\/pe_diabetico_veno.html\">pe_diabetico_veno.html<\/a><\/p>\n<p><a href=\"https:\/\/labanatoin.ufpel.edu.br\/sustentacao_vaginal\/sustentacao_vaginal.html\">sustentacao_vaginal.html<\/a><\/p>\n<p><a href=\"https:\/\/labanatoin.ufpel.edu.br\/materiais_anatomoclinicos_prof.mateus_2021\/materiais_interativos_prof.mateus.html\">materiais_interativos_prof.mateus.html<\/a><\/p>\n<p><a href=\"https:\/\/labanatoin.ufpel.edu.br\/medula_espinhal\/medula_espinhal_tratos.html\">medula_espinhal_tratos.html<\/a><\/p>\n<p><a href=\"https:\/\/labanatoin.ufpel.edu.br\/nervo_facial_paralisias\/nervo_facial_paralisia.html\">nervo_facial_paralisia.html<\/a><\/p>\n<p><a href=\"https:\/\/labanatoin.ufpel.edu.br\/articulacao_coxofemoral\/articulacao_coxo_femoral.html\">articulacao_coxo_femoral.html<\/a><\/p>\n<p><a href=\"https:\/\/labanatoin.ufpel.edu.br\/anatomia_sono_normal\/anatomia_sono_normal.html\">anatomia_sono_normal.html<\/a><\/p>\n<p><a href=\"https:\/\/labanatoin.ufpel.edu.br\/hipersensibilidade_reacoes_AA\/hipersensibilidade_anafilaxia_choque.html\">hipersensibilidade_anafilaxia_choque.html<\/a><\/p>\n<p><a href=\"https:\/\/labanatoin.ufpel.edu.br\/notas_em_laringoscopia\/notas_em_laringoscopia1.html\">notas_em_larigoscopia1.html<\/a><\/p>\n<p><a href=\"https:\/\/labanatoin.ufpel.edu.br\/Pelve\/pelve_perineo_prof.mateus_morfologia.html\">pelve_perineo_prof.mateus_morfologia.html<\/a><\/p>\n<p><a href=\"https:\/\/labanatoin.ufpel.edu.br\/Pelve_caso_1\/dor_pelvica.html\">Desconforto e dor pelvica 2006.html<\/a><\/p>\n<p><a href=\"https:\/\/labanatoin.ufpel.edu.br\/cd_interativo_do_esqueleto_encefalico_ufpel\/viscerocranio_neurocranio.html\">esqueleto_encefalico.html<\/a><\/p>\n<p><a href=\"https:\/\/labanatoin.ufpel.edu.br\/espaco_pararretal\/espaco_pararretal.html\">espaco_pararretal.html<\/a><\/p>\n<p><a href=\"https:\/\/labanatoin.ufpel.edu.br\/recursos_odont_cabeca_pescoco\/recursos_odonto_cabeca_pescoco_ufpel\/recursos_odonto1.html\">recursos_odonto1.html<\/a><\/p>\n<p><a href=\"https:\/\/labanatoin.ufpel.edu.br\/cavidade_nasal_parede_lateral\/prof.mateus_laboratorio_tridimensao.html\">cavidade_nasal_parede_lateral_prof.mateus.html<\/a><\/p>\n","protected":false},"excerpt":{"rendered":"<p>Design of educational experiences Mapas conceituais e Infogr\u00e1ficos anatomocl\u00ednicos neurocranio.html escplancnocranio.html Plexo Braquial.html Plexo lombossacral.html Tronco encefalico e nervos cranianos.cmap.html Circulacao fetal.html C\u00edngulo escapular Regi\u00e3o gl\u00fatea Perna pe_diabetico_veno.html sustentacao_vaginal.html materiais_interativos_prof.mateus.html medula_espinhal_tratos.html nervo_facial_paralisia.html articulacao_coxo_femoral.html anatomia_sono_normal.html hipersensibilidade_anafilaxia_choque.html notas_em_larigoscopia1.html pelve_perineo_prof.mateus_morfologia.html Desconforto e dor pelvica 2006.html esqueleto_encefalico.html espaco_pararretal.html recursos_odonto1.html cavidade_nasal_parede_lateral_prof.mateus.html<\/p>\n","protected":false},"author":350,"featured_media":0,"parent":13,"menu_order":0,"comment_status":"closed","ping_status":"closed","template":"","meta":{"jetpack_post_was_ever_published":false,"footnotes":""},"class_list":["post-1091","page","type-page","status-publish","hentry","nodate","item-wrap"],"jetpack_sharing_enabled":true,"_links":{"self":[{"href":"https:\/\/wp.ufpel.edu.br\/labanatoin\/wp-json\/wp\/v2\/pages\/1091","targetHints":{"allow":["GET"]}}],"collection":[{"href":"https:\/\/wp.ufpel.edu.br\/labanatoin\/wp-json\/wp\/v2\/pages"}],"about":[{"href":"https:\/\/wp.ufpel.edu.br\/labanatoin\/wp-json\/wp\/v2\/types\/page"}],"author":[{"embeddable":true,"href":"https:\/\/wp.ufpel.edu.br\/labanatoin\/wp-json\/wp\/v2\/users\/350"}],"replies":[{"embeddable":true,"href":"https:\/\/wp.ufpel.edu.br\/labanatoin\/wp-json\/wp\/v2\/comments?post=1091"}],"version-history":[{"count":3,"href":"https:\/\/wp.ufpel.edu.br\/labanatoin\/wp-json\/wp\/v2\/pages\/1091\/revisions"}],"predecessor-version":[{"id":1930,"href":"https:\/\/wp.ufpel.edu.br\/labanatoin\/wp-json\/wp\/v2\/pages\/1091\/revisions\/1930"}],"up":[{"embeddable":true,"href":"https:\/\/wp.ufpel.edu.br\/labanatoin\/wp-json\/wp\/v2\/pages\/13"}],"wp:attachment":[{"href":"https:\/\/wp.ufpel.edu.br\/labanatoin\/wp-json\/wp\/v2\/media?parent=1091"}],"curies":[{"name":"wp","href":"https:\/\/api.w.org\/{rel}","templated":true}]}}