{"id":20,"date":"2020-05-22T17:58:08","date_gmt":"2020-05-22T20:58:08","guid":{"rendered":"https:\/\/wp.ufpel.edu.br\/labagrotec\/?page_id=20"},"modified":"2024-04-17T15:03:10","modified_gmt":"2024-04-17T18:03:10","slug":"discentes","status":"publish","type":"page","link":"https:\/\/wp.ufpel.edu.br\/labagrotec\/discentes\/","title":{"rendered":"Equipe"},"content":{"rendered":"<p><strong>Docentes<\/strong><\/p>\n<p><a href=\"https:\/\/institucional.ufpel.edu.br\/servidores\/id\/39524\">Profa. Gizele Ingrid Gadotti\u00a0<\/a><\/p>\n<p>&nbsp;<\/p>\n<p><strong>Discentes<\/strong><\/p>\n<p><em>Especializa\u00e7\u00e3o<\/em><\/p>\n<p>&nbsp;<\/p>\n<p>&nbsp;<\/p>\n<p>&nbsp;<\/p>\n<p><em>Mestrado<\/em><\/p>\n<p>&nbsp;<\/p>\n<p>Alana Viana (profissional)<\/p>\n<p>Marina Buchain ( profissional)<\/p>\n<p>Eduardo Nunes<\/p>\n<p>Andrigo Xavier<\/p>\n<p>Graciela Buck<\/p>\n<p>Thalia Strelov<\/p>\n<p>&nbsp;<\/p>\n<p><em>Doutorado<\/em><\/p>\n<p>Amanda Martins Silva http:\/\/lattes.cnpq.br\/4435808743830744<\/p>\n<p>Rita de C\u00e1ssia Monteiro <a href=\"http:\/\/lattes.cnpq.br\/2857338284308524\">http:\/\/lattes.cnpq.br\/2857338284308524<\/a><\/p>\n<p>Karine Von Ahn Pinto <a href=\"http:\/\/lattes.cnpq.br\/9108136213078834\">http:\/\/lattes.cnpq.br\/9108136213078834<\/a><\/p>\n<p>&nbsp;<\/p>\n<p><em>Inicia\u00e7\u00e3o Cient\u00edfica<\/em><\/p>\n<p>Jo\u00e3o Luiz Gon\u00e7alves Lopes <a href=\"http:\/\/lattes.cnpq.br\/6062546483018498\">http:\/\/lattes.cnpq.br\/6062546483018498<\/a> (inicia\u00e7\u00e3o cient\u00edfica)<\/p>\n<p>&nbsp;<\/p>\n<p><em>Monitoria<\/em><\/p>\n<p>&nbsp;<\/p>\n<p>&nbsp;<\/p>\n<p><strong>Egressos<\/strong><\/p>\n<p>Raimunda Nonata <a href=\"http:\/\/lattes.cnpq.br\/9043372493443847\">http:\/\/lattes.cnpq.br\/9043372493443847\u00a0<\/a>\u00a0 (doutorado)<\/p>\n<p>Rafael Vergara <a href=\"http:\/\/lattes.cnpq.br\/9159947747436137\">http:\/\/lattes.cnpq.br\/9159947747436137<\/a>\u00a0 \u00a0 \u00a0(inicia\u00e7\u00e3o cient\u00edfica e doutorado)<\/p>\n<p>Renan Navroski <a href=\"http:\/\/lattes.cnpq.br\/8245151603581193\">http:\/\/lattes.cnpq.br\/8245151603581193<\/a>.\u00a0 (inicia\u00e7\u00e3o cient\u00edfica)<\/p>\n<p>Nicacia Moraes <a href=\"http:\/\/lattes.cnpq.br\/3328315918000832\">http:\/\/lattes.cnpq.br\/3328315918000832<\/a>.\u00a0 \u00a0(mestrado prof)<\/p>\n<p>Pedro Brisolara <a href=\"http:\/\/lattes.cnpq.br\/5585609381540689\">http:\/\/lattes.cnpq.br\/5585609381540689<\/a>\u00a0 (inicia\u00e7\u00e3o cient\u00edfica)<\/p>\n<p>Marciabela Fernandes Correa <a href=\"http:\/\/lattes.cnpq.br\/0543803551039181\">http:\/\/lattes.cnpq.br\/0543803551039181<\/a>. (doutorado)<\/p>\n<p>Danilo Franchini <a href=\"http:\/\/lattes.cnpq.br\/2528036766987304\">http:\/\/lattes.cnpq.br\/2528036766987304<\/a> (doutorado)<\/p>\n<p>Rafael Griep <a href=\"http:\/\/lattes.cnpq.br\/3928460464699840\">http:\/\/lattes.cnpq.br\/3928460464699840<\/a> (mestrado)<\/p>\n<p>Isabela Moreira <a href=\"http:\/\/lattes.cnpq.br\/8752052543298781\">http:\/\/lattes.cnpq.br\/8752052543298781<\/a> (inicia\u00e7\u00e3o cient\u00edfica e monitoria)<\/p>\n<p>Vin\u00edcius Brodt <a href=\"http:\/\/lattes.cnpq.br\/1127417545952856\">http:\/\/lattes.cnpq.br\/1127417545952856<\/a> (inicia\u00e7\u00e3o cient\u00edfica)<\/p>\n<p>Marcos Daniel <a href=\"http:\/\/lattes.cnpq.br\/8062467753371904\">http:\/\/lattes.cnpq.br\/8062467753371904 <\/a>(inicia\u00e7\u00e3o cient\u00edfica e monitoria)<\/p>\n<p>Aline Duarte Gomes\u00a0<a href=\"http:\/\/lattes.cnpq.br\/9320090646439658\">http:\/\/lattes.cnpq.br\/9320090646439658<\/a> (inicia\u00e7\u00e3o cient\u00edfica e extens\u00e3o)<\/p>\n<p>Augusto Henrique Maciel Silva <a href=\"http:\/\/lattes.cnpq.br\/8517529289134318\">http:\/\/lattes.cnpq.br\/8517529289134318<\/a> inicia\u00e7\u00e3o cient\u00edfica e extens\u00e3o)<\/p>\n<p>Jaqueline Voigt Weiser\u00a0<a href=\"http:\/\/lattes.cnpq.br\/4714988078653646\">http:\/\/lattes.cnpq.br\/4714988078653646<\/a> (inicia\u00e7\u00e3o cient\u00edfica)<\/p>\n<p>Nander Hornke <a href=\"http:\/\/lattes.cnpq.br\/8842862876711220\">http:\/\/lattes.cnpq.br\/8842862876711220<\/a>\u00a0 (mestrado)<\/p>\n<p>Walter Magalh\u00e3es Neto <a href=\"http:\/\/lattes.cnpq.br\/4120929065106490\">http:\/\/lattes.cnpq.br\/4120929065106490<\/a> (especializa\u00e7\u00e3o)<\/p>\n<p>Alessandra Karin Johann\u00a0<a href=\"http:\/\/lattes.cnpq.br\/8763270653196063\">http:\/\/lattes.cnpq.br\/8763270653196063<\/a> (especializa\u00e7\u00e3o)<\/p>\n<p>Victor Mateus Gallon\u00a0<a href=\"http:\/\/lattes.cnpq.br\/3712411399557607\">http:\/\/lattes.cnpq.br\/3712411399557607<\/a> (especializa\u00e7\u00e3o)<\/p>\n<p>Magda Fonseca Chagas\u00a0<a href=\"http:\/\/lattes.cnpq.br\/0606908136818712\">http:\/\/lattes.cnpq.br\/0606908136818712<\/a> (especiliza\u00e7\u00e3o)<\/p>\n<p>Elson J\u00fanior Souza da Silva <a href=\"http:\/\/lattes.cnpq.br\/9635820644380732\">http:\/\/lattes.cnpq.br\/9635820644380732<\/a> (mestrado)<\/p>\n<p>Lilian Queiroz <a href=\"http:\/\/lattes.cnpq.br\/6018151776912255\">http:\/\/lattes.cnpq.br\/6018151776912255<\/a> (mestrado)<\/p>\n<p>Carla Aparecida Ascoli <a href=\"http:\/\/lattes.cnpq.br\/2064695197759842\">http:\/\/lattes.cnpq.br\/2064695197759842<\/a> (Especializa\u00e7\u00e3o)<\/p>\n<p>Andr\u00e9 Capilheira <a href=\"http:\/\/lattes.cnpq.br\/2745730491775193\">http:\/\/lattes.cnpq.br\/2745730491775193<\/a> (doutorado)<\/p>\n<p>Jerffeson Ara\u00fajo <a href=\"http:\/\/lattes.cnpq.br\/3469569265194546\">http:\/\/lattes.cnpq.br\/3469569265194546<\/a> (doutorado)<\/p>\n<p>Ariele Nadal\u00a0<a href=\"http:\/\/lattes.cnpq.br\/1566276757336411\">http:\/\/lattes.cnpq.br\/1566276757336411<\/a> (inicia\u00e7\u00e3o cient\u00edfica)<\/p>\n<p>Rafael Ricco Timm\u00a0<a href=\"http:\/\/lattes.cnpq.br\/9475593202792475\">http:\/\/lattes.cnpq.br\/9475593202792475<\/a> (inicia\u00e7\u00e3o cient\u00edfica)<\/p>\n<p>Adriel Nadal <a href=\"http:\/\/lattes.cnpq.br\/7060546121539117\">http:\/\/lattes.cnpq.br\/7060546121539117<\/a> (inicia\u00e7\u00e3o cient\u00edfica)<\/p>\n<p>Rom\u00e1rio Pinheiro <a href=\"http:\/\/lattes.cnpq.br\/3522836335385738\">http:\/\/lattes.cnpq.br\/3522836335385738<\/a> (doutorado)<\/p>\n<p>Ana Paula Rozado\u00a0<a href=\"http:\/\/lattes.cnpq.br\/6504640835496109\">http:\/\/lattes.cnpq.br\/6504640835496109<\/a> (mestrado)<\/p>\n<p>Ruan Bernardy <a href=\"http:\/\/lattes.cnpq.br\/4011160563175226\">http:\/\/lattes.cnpq.br\/4011160563175226<\/a> (mestrado)<\/p>\n<p>Raquel Soares (mestrado prof)<\/p>\n<p>Luciana Rocha (mestrado prof)<\/p>\n<p>Maria Emilia Lopez Acosta (especializa\u00e7\u00e3o)<\/p>\n<p>Patricia Gomm (especializa\u00e7\u00e3o)<\/p>\n<p>Marcos Daniel Rocha de Oliveira (inicia\u00e7\u00e3o cient\u00edfica e monitoria)<\/p>\n<p>&nbsp;<\/p>\n","protected":false},"excerpt":{"rendered":"<p>Docentes Profa. Gizele Ingrid Gadotti\u00a0 &nbsp; Discentes Especializa\u00e7\u00e3o &nbsp; &nbsp; &nbsp; Mestrado &nbsp; Alana Viana (profissional) Marina Buchain ( profissional) Eduardo Nunes Andrigo Xavier Graciela Buck Thalia Strelov &nbsp; Doutorado Amanda Martins Silva http:\/\/lattes.cnpq.br\/4435808743830744 Rita de C\u00e1ssia Monteiro http:\/\/lattes.cnpq.br\/2857338284308524 Karine Von Ahn Pinto http:\/\/lattes.cnpq.br\/9108136213078834 &nbsp; Inicia\u00e7\u00e3o Cient\u00edfica Jo\u00e3o Luiz Gon\u00e7alves Lopes http:\/\/lattes.cnpq.br\/6062546483018498 (inicia\u00e7\u00e3o cient\u00edfica) &nbsp; [&hellip;]<\/p>\n","protected":false},"author":661,"featured_media":0,"parent":0,"menu_order":0,"comment_status":"closed","ping_status":"closed","template":"","meta":{"footnotes":""},"class_list":["post-20","page","type-page","status-publish","hentry"],"_links":{"self":[{"href":"https:\/\/wp.ufpel.edu.br\/labagrotec\/wp-json\/wp\/v2\/pages\/20","targetHints":{"allow":["GET"]}}],"collection":[{"href":"https:\/\/wp.ufpel.edu.br\/labagrotec\/wp-json\/wp\/v2\/pages"}],"about":[{"href":"https:\/\/wp.ufpel.edu.br\/labagrotec\/wp-json\/wp\/v2\/types\/page"}],"author":[{"embeddable":true,"href":"https:\/\/wp.ufpel.edu.br\/labagrotec\/wp-json\/wp\/v2\/users\/661"}],"replies":[{"embeddable":true,"href":"https:\/\/wp.ufpel.edu.br\/labagrotec\/wp-json\/wp\/v2\/comments?post=20"}],"version-history":[{"count":20,"href":"https:\/\/wp.ufpel.edu.br\/labagrotec\/wp-json\/wp\/v2\/pages\/20\/revisions"}],"predecessor-version":[{"id":90,"href":"https:\/\/wp.ufpel.edu.br\/labagrotec\/wp-json\/wp\/v2\/pages\/20\/revisions\/90"}],"wp:attachment":[{"href":"https:\/\/wp.ufpel.edu.br\/labagrotec\/wp-json\/wp\/v2\/media?parent=20"}],"curies":[{"name":"wp","href":"https:\/\/api.w.org\/{rel}","templated":true}]}}