{"id":2,"date":"2020-05-21T20:43:42","date_gmt":"2020-05-21T23:43:42","guid":{"rendered":"https:\/\/wp.ufpel.edu.br\/labagrotec\/?page_id=2"},"modified":"2021-09-07T17:26:37","modified_gmt":"2021-09-07T20:26:37","slug":"principal","status":"publish","type":"page","link":"https:\/\/wp.ufpel.edu.br\/labagrotec\/principal\/","title":{"rendered":"Laborat\u00f3rio de Agrotecnologia"},"content":{"rendered":"\r\n<div class=\"page\" title=\"Page 1\">\r\n<div class=\"section\">\r\n<div class=\"layoutArea\">\r\n<div class=\"column\">\r\n<p><img class=\"alignnone  wp-image-11 aligncenter\" src=\"https:\/\/wp.ufpel.edu.br\/labagrotec\/files\/2020\/05\/Lab_agrotec-400x400.jpg\" alt=\"\" width=\"172\" height=\"172\" srcset=\"https:\/\/wp.ufpel.edu.br\/labagrotec\/files\/2020\/05\/Lab_agrotec-400x400.jpg 400w, https:\/\/wp.ufpel.edu.br\/labagrotec\/files\/2020\/05\/Lab_agrotec-200x200.jpg 200w, https:\/\/wp.ufpel.edu.br\/labagrotec\/files\/2020\/05\/Lab_agrotec.jpg 640w\" sizes=\"(max-width: 172px) 100vw, 172px\" \/><\/p>\r\n<p>&nbsp;<\/p>\r\n<p>O\u00a0 Lab_Agrotec iniciou suas atividades em abril de 2018 a partir de \u00a0pesquisas e parcerias da Profa. Gizele Ingrid Gadotti.<\/p>\r\n<p>\u00a0 \u00a0 \u00a0Localizado no Pr\u00e9dio 33 \u00a0do Centro de Engenharias \u2013 CEng da Universidade Federal de Pelotas \u2013 UFPel no Campus Cap\u00e3o do Le\u00e3o,\u00a0 o Lab_Agrotec \u00e9 composto por alunos de inicia\u00e7\u00e3o cient\u00edfica, mestrado e doutorado, al\u00e9m de volunt\u00e1rios que participam das pesquisas e dos projetos de extens\u00e3o e de ensino.\u00a0No Lab_Agrotec s\u00e3o desenvolvidas pesquisas nas \u00e1reas de Engenharia de Processamento Agroindustrial.<\/p>\r\n<p>\u00a0 \u00a0Atuamos como membros do colegiado do curso de gradua\u00e7\u00e3o em Engenharia Agr\u00edcola e do Programa de P\u00f3s-gradua\u00e7\u00e3o em Ci\u00eancias Ambientais do CEng, bem como no Programa de P\u00f3s-gradua\u00e7\u00e3o em Ci\u00eancias e Tecnologia de Sementes da FAEM ambos da Universidade Federal de Pelotas.<\/p>\r\n<\/div>\r\n<p>Lab_Agrotec na <a href=\"https:\/\/pnipe.mctic.gov.br\/laboratory\/5797\">Plataforma Nacional de Infraestrutura de Pesquisa MCTI<\/a><\/p>\r\n<p>&nbsp;<\/p>\r\n<\/div>\r\n<\/div>\r\n<\/div>\r\n","protected":false},"excerpt":{"rendered":"<p>&nbsp; O\u00a0 Lab_Agrotec iniciou suas atividades em abril de 2018 a partir de \u00a0pesquisas e parcerias da Profa. Gizele Ingrid Gadotti. \u00a0 \u00a0 \u00a0Localizado no Pr\u00e9dio 33 \u00a0do Centro de Engenharias \u2013 CEng da Universidade Federal de Pelotas \u2013 UFPel no Campus Cap\u00e3o do Le\u00e3o,\u00a0 o Lab_Agrotec \u00e9 composto por alunos de inicia\u00e7\u00e3o cient\u00edfica, mestrado [&hellip;]<\/p>\n","protected":false},"author":661,"featured_media":0,"parent":0,"menu_order":0,"comment_status":"closed","ping_status":"closed","template":"","meta":{"footnotes":""},"class_list":["post-2","page","type-page","status-publish","hentry"],"_links":{"self":[{"href":"https:\/\/wp.ufpel.edu.br\/labagrotec\/wp-json\/wp\/v2\/pages\/2","targetHints":{"allow":["GET"]}}],"collection":[{"href":"https:\/\/wp.ufpel.edu.br\/labagrotec\/wp-json\/wp\/v2\/pages"}],"about":[{"href":"https:\/\/wp.ufpel.edu.br\/labagrotec\/wp-json\/wp\/v2\/types\/page"}],"author":[{"embeddable":true,"href":"https:\/\/wp.ufpel.edu.br\/labagrotec\/wp-json\/wp\/v2\/users\/661"}],"replies":[{"embeddable":true,"href":"https:\/\/wp.ufpel.edu.br\/labagrotec\/wp-json\/wp\/v2\/comments?post=2"}],"version-history":[{"count":12,"href":"https:\/\/wp.ufpel.edu.br\/labagrotec\/wp-json\/wp\/v2\/pages\/2\/revisions"}],"predecessor-version":[{"id":72,"href":"https:\/\/wp.ufpel.edu.br\/labagrotec\/wp-json\/wp\/v2\/pages\/2\/revisions\/72"}],"wp:attachment":[{"href":"https:\/\/wp.ufpel.edu.br\/labagrotec\/wp-json\/wp\/v2\/media?parent=2"}],"curies":[{"name":"wp","href":"https:\/\/api.w.org\/{rel}","templated":true}]}}