{"id":62,"date":"2013-12-16T16:36:39","date_gmt":"2013-12-16T18:36:39","guid":{"rendered":"https:\/\/wp.ufpel.edu.br\/karinsimonato\/?page_id=62"},"modified":"2017-11-28T15:45:01","modified_gmt":"2017-11-28T17:45:01","slug":"apresentacoes-2","status":"publish","type":"page","link":"https:\/\/wp.ufpel.edu.br\/karinsimonato\/calculo-3\/material-de-apoio\/apresentacoes-2\/","title":{"rendered":"Apresenta\u00e7\u00f5es"},"content":{"rendered":"<p>&nbsp;<\/p>\n<p><a href=\"https:\/\/www.dropbox.com\/s\/qejl69ym9g6ep1m\/Aula%201.1%20sequ%C3%AAncias.pdf?dl=0\">Aula 1.1 &#8211; Sequ\u00eancias<\/a><\/p>\n<p><a href=\"https:\/\/www.dropbox.com\/s\/yykb30hl5aq60l0\/Aula%202%20s%C3%A9ries.pdf?dl=0\">Aula 2 &#8211; S\u00e9ries<\/a><\/p>\n<p><a href=\"https:\/\/www.dropbox.com\/s\/qlz87k0evx58zdx\/Aula%202.1%20Testes%20de%20converg%C3%AAncia.pptx?dl=0\">Aula 2.1 &#8211; Testes de converg\u00eancia<\/a><\/p>\n<p><a href=\"https:\/\/www.dropbox.com\/s\/6n347uxd34j4z45\/Aula%202.2%20Testes%20de%20converg%C3%AAncia%202.pdf?dl=0\">Aula 2.2 &#8211; Testes de converg\u00eancia<\/a><\/p>\n<p><a href=\"https:\/\/www.dropbox.com\/s\/yfocvrmwr0r1ado\/Aula%203%20Coordenadas.pdf?dl=0\">Aula 3 &#8211; Coordenadas<\/a><\/p>\n<p><a href=\"https:\/\/www.dropbox.com\/s\/ubeqyt3shgb3exj\/Aula%204%20-%20Vetores.pdf?dl=0\">Aula 4 &#8211; Vetores<\/a><\/p>\n<p><a href=\"https:\/\/www.dropbox.com\/s\/gocycojig71fh2n\/M%C3%A1x%20e%20M%C3%ADn%20e%20Mult%20de%20Lagrange.pdf?dl=0\">M\u00e1ximos e m\u00ednimos e multiplicadores de Lagrange<\/a><\/p>\n","protected":false},"excerpt":{"rendered":"<p>&nbsp; Aula 1.1 &#8211; Sequ\u00eancias Aula 2 &#8211; S\u00e9ries Aula 2.1 &#8211; Testes de converg\u00eancia Aula 2.2 &#8211; Testes de converg\u00eancia Aula 3 &#8211; Coordenadas Aula 4 &#8211; Vetores M\u00e1ximos e m\u00ednimos e multiplicadores de Lagrange<\/p>\n","protected":false},"author":317,"featured_media":0,"parent":15,"menu_order":0,"comment_status":"closed","ping_status":"closed","template":"","meta":{"footnotes":""},"class_list":["post-62","page","type-page","status-publish","hentry"],"_links":{"self":[{"href":"https:\/\/wp.ufpel.edu.br\/karinsimonato\/wp-json\/wp\/v2\/pages\/62","targetHints":{"allow":["GET"]}}],"collection":[{"href":"https:\/\/wp.ufpel.edu.br\/karinsimonato\/wp-json\/wp\/v2\/pages"}],"about":[{"href":"https:\/\/wp.ufpel.edu.br\/karinsimonato\/wp-json\/wp\/v2\/types\/page"}],"author":[{"embeddable":true,"href":"https:\/\/wp.ufpel.edu.br\/karinsimonato\/wp-json\/wp\/v2\/users\/317"}],"replies":[{"embeddable":true,"href":"https:\/\/wp.ufpel.edu.br\/karinsimonato\/wp-json\/wp\/v2\/comments?post=62"}],"version-history":[{"count":16,"href":"https:\/\/wp.ufpel.edu.br\/karinsimonato\/wp-json\/wp\/v2\/pages\/62\/revisions"}],"predecessor-version":[{"id":300,"href":"https:\/\/wp.ufpel.edu.br\/karinsimonato\/wp-json\/wp\/v2\/pages\/62\/revisions\/300"}],"up":[{"embeddable":true,"href":"https:\/\/wp.ufpel.edu.br\/karinsimonato\/wp-json\/wp\/v2\/pages\/15"}],"wp:attachment":[{"href":"https:\/\/wp.ufpel.edu.br\/karinsimonato\/wp-json\/wp\/v2\/media?parent=62"}],"curies":[{"name":"wp","href":"https:\/\/api.w.org\/{rel}","templated":true}]}}