{"id":43,"date":"2013-10-25T11:14:00","date_gmt":"2013-10-25T13:14:00","guid":{"rendered":"https:\/\/wp.ufpel.edu.br\/karinsimonato\/?page_id=43"},"modified":"2017-10-03T10:47:49","modified_gmt":"2017-10-03T13:47:49","slug":"livros","status":"publish","type":"page","link":"https:\/\/wp.ufpel.edu.br\/karinsimonato\/calculo-3\/material-de-apoio\/livros\/","title":{"rendered":"Livros"},"content":{"rendered":"<p>Material de apoio utilizado nas aulas de c\u00e1lculo 3, retirado do livro:<\/p>\n<ul>\n<li>Anton, H. et. al. C\u00e1lculo, vol. 2. 8\u00aa ed. Bookman. 2007.<\/li>\n<\/ul>\n<p><a href=\"https:\/\/www.dropbox.com\/s\/pt3cxofif7r2nvv\/Cap%C3%ADtulo%2010%20-%20C%C3%A1lculo%20Volume%202%20-%20Howard%20Anton.pdf?dl=0\">Cap\u00edtulo 10<\/a><\/p>\n<p><a href=\"https:\/\/www.dropbox.com\/s\/icdjbe2i7gm6lv3\/Cap%C3%ADtulo%2011%20-%20C%C3%A1lculo%20Volume%202%20-%20Howard%20Anton.pdf?dl=0\">Cap\u00edtulo 11<\/a><\/p>\n<p><a href=\"https:\/\/www.dropbox.com\/s\/bx6l7xxqkmn39vx\/Cap%C3%ADtulo%2012%20-%20C%C3%A1lculo%20Volume%202%20-%20Howard%20Anton%20-%208a%20Edi%C3%A7%C3%A3o.pdf?dl=0\">Cap\u00edtulo 12<\/a><\/p>\n<p><a href=\"https:\/\/www.dropbox.com\/s\/cspl4tbph2b7r9e\/Cap%C3%ADtulo%2013%20-%20C%C3%A1lculo%20Volume%202%20-%20Howard%20Anton.pdf?dl=0\">Cap\u00edtulo 13<\/a><\/p>\n<p><a href=\"https:\/\/www.dropbox.com\/s\/82ddv7v4osnp7l1\/Cap%C3%ADtulo%2014%20-%20C%C3%A1lculo%20Volume%202%20-%20Howard%20Anton.pdf?dl=0\">Cap\u00edtulo 14<\/a><\/p>\n<p><a href=\"https:\/\/www.dropbox.com\/s\/nnqyeatoczmn6zu\/Cap%C3%ADtulo%2015%20-%20C%C3%A1lculo%20Volume%202%20-%20Howard%20Anton.pdf?dl=0\">Cap\u00edtulo 15<\/a><\/p>\n<p><a href=\"https:\/\/www.dropbox.com\/s\/j46ne8o96x2rv2f\/Respostas%20Cap%C3%ADtulo%2016.pdf?dl=0\">Cap\u00edtulo 16<\/a><\/p>\n<ul>\n<li>\u00a0<a href=\"https:\/\/www.dropbox.com\/s\/1i7ooa4yjpdvss8\/C%C3%A1lculo%202%20-%20George%20B.%20Thomas%20-%2011a%20Edi%C3%A7%C3%A3o.pdf?dl=0\">C\u00e1lculo 2. George B. Thomas<\/a><\/li>\n<\/ul>\n","protected":false},"excerpt":{"rendered":"<p>Material de apoio utilizado nas aulas de c\u00e1lculo 3, retirado do livro: Anton, H. et. al. C\u00e1lculo, vol. 2. 8\u00aa ed. Bookman. 2007. Cap\u00edtulo 10 Cap\u00edtulo 11 Cap\u00edtulo 12 Cap\u00edtulo 13 Cap\u00edtulo 14 Cap\u00edtulo 15 Cap\u00edtulo 16 \u00a0C\u00e1lculo 2. George B. Thomas<\/p>\n","protected":false},"author":317,"featured_media":0,"parent":15,"menu_order":0,"comment_status":"closed","ping_status":"closed","template":"","meta":{"footnotes":""},"class_list":["post-43","page","type-page","status-publish","hentry"],"_links":{"self":[{"href":"https:\/\/wp.ufpel.edu.br\/karinsimonato\/wp-json\/wp\/v2\/pages\/43","targetHints":{"allow":["GET"]}}],"collection":[{"href":"https:\/\/wp.ufpel.edu.br\/karinsimonato\/wp-json\/wp\/v2\/pages"}],"about":[{"href":"https:\/\/wp.ufpel.edu.br\/karinsimonato\/wp-json\/wp\/v2\/types\/page"}],"author":[{"embeddable":true,"href":"https:\/\/wp.ufpel.edu.br\/karinsimonato\/wp-json\/wp\/v2\/users\/317"}],"replies":[{"embeddable":true,"href":"https:\/\/wp.ufpel.edu.br\/karinsimonato\/wp-json\/wp\/v2\/comments?post=43"}],"version-history":[{"count":9,"href":"https:\/\/wp.ufpel.edu.br\/karinsimonato\/wp-json\/wp\/v2\/pages\/43\/revisions"}],"predecessor-version":[{"id":279,"href":"https:\/\/wp.ufpel.edu.br\/karinsimonato\/wp-json\/wp\/v2\/pages\/43\/revisions\/279"}],"up":[{"embeddable":true,"href":"https:\/\/wp.ufpel.edu.br\/karinsimonato\/wp-json\/wp\/v2\/pages\/15"}],"wp:attachment":[{"href":"https:\/\/wp.ufpel.edu.br\/karinsimonato\/wp-json\/wp\/v2\/media?parent=43"}],"curies":[{"name":"wp","href":"https:\/\/api.w.org\/{rel}","templated":true}]}}