{"id":39,"date":"2013-10-25T11:02:44","date_gmt":"2013-10-25T13:02:44","guid":{"rendered":"https:\/\/wp.ufpel.edu.br\/karinsimonato\/?page_id=39"},"modified":"2017-09-18T15:42:06","modified_gmt":"2017-09-18T18:42:06","slug":"links-uteis","status":"publish","type":"page","link":"https:\/\/wp.ufpel.edu.br\/karinsimonato\/links-uteis\/","title":{"rendered":"Links \u00fateis"},"content":{"rendered":"<p>Links para sites e softwares \u00fateis nas disciplinas de c\u00e1lculo, \u00e1lgebra linear e geometria anal\u00edtica.<\/p>\n<ul>\n<li><a href=\"http:\/\/www.baixaki.com.br\/download\/winplot.htm\">Winplot<\/a><\/li>\n<\/ul>\n<p>Software que resolve equa\u00e7\u00f5es matem\u00e1ticas e gera gr\u00e1ficos 2D e 3D.<\/p>\n<ul>\n<li><a href=\"http:\/\/www.wolframalpha.com\/\">Wolfram Alpha<\/a><\/li>\n<\/ul>\n<p>Site para calcular integrais, derivadas, logaritmos, limites.<\/p>\n<ul>\n<li><a href=\"https:\/\/www.desmos.com\/calculator\">Desmos<\/a><\/li>\n<\/ul>\n<p>Calculadora gr\u00e1fica online.<\/p>\n<ul>\n<li><a href=\"https:\/\/es.symbolab.com\/\">Symbolab<\/a><\/li>\n<\/ul>\n<p>Site para calcular integrais, derivadas, logaritmos, limites&#8230; e o que mais quiser calcular.<\/p>\n","protected":false},"excerpt":{"rendered":"<p>Links para sites e softwares \u00fateis nas disciplinas de c\u00e1lculo, \u00e1lgebra linear e geometria anal\u00edtica. Winplot Software que resolve equa\u00e7\u00f5es matem\u00e1ticas e gera gr\u00e1ficos 2D e 3D. Wolfram Alpha Site para calcular integrais, derivadas, logaritmos, limites. Desmos Calculadora gr\u00e1fica online. Symbolab Site para calcular integrais, derivadas, logaritmos, limites&#8230; e o que mais quiser calcular.<\/p>\n","protected":false},"author":317,"featured_media":0,"parent":0,"menu_order":0,"comment_status":"closed","ping_status":"closed","template":"","meta":{"footnotes":""},"class_list":["post-39","page","type-page","status-publish","hentry"],"_links":{"self":[{"href":"https:\/\/wp.ufpel.edu.br\/karinsimonato\/wp-json\/wp\/v2\/pages\/39","targetHints":{"allow":["GET"]}}],"collection":[{"href":"https:\/\/wp.ufpel.edu.br\/karinsimonato\/wp-json\/wp\/v2\/pages"}],"about":[{"href":"https:\/\/wp.ufpel.edu.br\/karinsimonato\/wp-json\/wp\/v2\/types\/page"}],"author":[{"embeddable":true,"href":"https:\/\/wp.ufpel.edu.br\/karinsimonato\/wp-json\/wp\/v2\/users\/317"}],"replies":[{"embeddable":true,"href":"https:\/\/wp.ufpel.edu.br\/karinsimonato\/wp-json\/wp\/v2\/comments?post=39"}],"version-history":[{"count":3,"href":"https:\/\/wp.ufpel.edu.br\/karinsimonato\/wp-json\/wp\/v2\/pages\/39\/revisions"}],"predecessor-version":[{"id":231,"href":"https:\/\/wp.ufpel.edu.br\/karinsimonato\/wp-json\/wp\/v2\/pages\/39\/revisions\/231"}],"wp:attachment":[{"href":"https:\/\/wp.ufpel.edu.br\/karinsimonato\/wp-json\/wp\/v2\/media?parent=39"}],"curies":[{"name":"wp","href":"https:\/\/api.w.org\/{rel}","templated":true}]}}