{"id":37,"date":"2013-10-25T10:57:44","date_gmt":"2013-10-25T12:57:44","guid":{"rendered":"https:\/\/wp.ufpel.edu.br\/karinsimonato\/?page_id=37"},"modified":"2013-12-16T16:15:05","modified_gmt":"2013-12-16T18:15:05","slug":"exercicios-recomendados","status":"publish","type":"page","link":"https:\/\/wp.ufpel.edu.br\/karinsimonato\/pagina-exemplo\/exercicios-recomendados\/","title":{"rendered":"Exerc\u00edcios Recomendados"},"content":{"rendered":"<p>Exerc\u00edcios recomendados do livro: STEINBRUCH, Alfredo &amp; WINTERLE, Paulo. \u00c1lgebra Linear. 2\u00aa edi\u00e7\u00e3o S\u00e3o Paulo, McGraw-Hill, 1987.<\/p>\n<ul>\n<li>Cap\u00edtulo 1: todos.<\/li>\n<li>Ap\u00eandice: A1 at\u00e9 A37.<\/li>\n<\/ul>\n<p>Lembrando que h\u00e1 v\u00e1rios exerc\u00edcios resolvidos que podem ser feitos por voc\u00eas tamb\u00e9m.<\/p>\n<p>Listas de exerc\u00edcios:<\/p>\n<p><a href=\"https:\/\/www.dropbox.com\/s\/51r6cg67x84fyv7\/C%C3%B3pia%20de%20Lista%20de%20Matrizes.docx\">Lista 1<\/a><\/p>\n<p><a href=\"https:\/\/www.dropbox.com\/s\/ewew5whyoarhuch\/C%C3%B3pia%20de%20Lista%20de%20sistemas%20de%20equa%C3%A7%C3%B5es%20lineares.docx\">Lista 2<\/a><\/p>\n<p><a href=\"https:\/\/www.dropbox.com\/s\/3dgsx98b2rgdqu2\/Lista%20de%20vetores.docx?m\">Lista 3<\/a><\/p>\n<p>Exerc\u00edcios recomendados da \u00c1rea de Geometria Anal\u00edtica (Livro Fundamentos da Matem\u00e1tica Elementar):<\/p>\n<p>G1, 2, 3, 4, 5, 7, 33, 34, 36, 38, 39, 40, 41, 43, 45, 52, 55, 57, 62, 63, 64, 97, 98, 99, 100, 101, 102, 106, 107, 110, 111, 113, 114, 115, 116, 141, 142, 143, 146, 152, 153, 154, 155, 157, 158, 160, 161, 162, 163, 165, 166, 170, 171, 203, 204, 205, 206, 207, 208, 210, 211, 212, 219, 220, 228, 229, 230, 231, 232, 292, 293, 295, 296, 299 (os dois), 301, 302, 303, 305, 306, 308, 309, 310, 313.<\/p>\n","protected":false},"excerpt":{"rendered":"<p>Exerc\u00edcios recomendados do livro: STEINBRUCH, Alfredo &amp; WINTERLE, Paulo. \u00c1lgebra Linear. 2\u00aa edi\u00e7\u00e3o S\u00e3o Paulo, McGraw-Hill, 1987. Cap\u00edtulo 1: todos. Ap\u00eandice: A1 at\u00e9 A37. Lembrando que h\u00e1 v\u00e1rios exerc\u00edcios resolvidos que podem ser feitos por voc\u00eas tamb\u00e9m. Listas de exerc\u00edcios: Lista 1 Lista 2 Lista 3 Exerc\u00edcios recomendados da \u00c1rea de Geometria Anal\u00edtica (Livro Fundamentos &hellip; <a href=\"https:\/\/wp.ufpel.edu.br\/karinsimonato\/pagina-exemplo\/exercicios-recomendados\/\" class=\"more-link\">Continue lendo <span class=\"screen-reader-text\">Exerc\u00edcios Recomendados<\/span> <span class=\"meta-nav\">&rarr;<\/span><\/a><\/p>\n","protected":false},"author":317,"featured_media":0,"parent":2,"menu_order":0,"comment_status":"closed","ping_status":"closed","template":"","meta":{"footnotes":""},"class_list":["post-37","page","type-page","status-publish","hentry"],"_links":{"self":[{"href":"https:\/\/wp.ufpel.edu.br\/karinsimonato\/wp-json\/wp\/v2\/pages\/37","targetHints":{"allow":["GET"]}}],"collection":[{"href":"https:\/\/wp.ufpel.edu.br\/karinsimonato\/wp-json\/wp\/v2\/pages"}],"about":[{"href":"https:\/\/wp.ufpel.edu.br\/karinsimonato\/wp-json\/wp\/v2\/types\/page"}],"author":[{"embeddable":true,"href":"https:\/\/wp.ufpel.edu.br\/karinsimonato\/wp-json\/wp\/v2\/users\/317"}],"replies":[{"embeddable":true,"href":"https:\/\/wp.ufpel.edu.br\/karinsimonato\/wp-json\/wp\/v2\/comments?post=37"}],"version-history":[{"count":8,"href":"https:\/\/wp.ufpel.edu.br\/karinsimonato\/wp-json\/wp\/v2\/pages\/37\/revisions"}],"predecessor-version":[{"id":67,"href":"https:\/\/wp.ufpel.edu.br\/karinsimonato\/wp-json\/wp\/v2\/pages\/37\/revisions\/67"}],"up":[{"embeddable":true,"href":"https:\/\/wp.ufpel.edu.br\/karinsimonato\/wp-json\/wp\/v2\/pages\/2"}],"wp:attachment":[{"href":"https:\/\/wp.ufpel.edu.br\/karinsimonato\/wp-json\/wp\/v2\/media?parent=37"}],"curies":[{"name":"wp","href":"https:\/\/api.w.org\/{rel}","templated":true}]}}