{"id":35,"date":"2013-10-25T10:54:10","date_gmt":"2013-10-25T12:54:10","guid":{"rendered":"https:\/\/wp.ufpel.edu.br\/karinsimonato\/?page_id=35"},"modified":"2014-10-10T19:40:41","modified_gmt":"2014-10-10T22:40:41","slug":"livros","status":"publish","type":"page","link":"https:\/\/wp.ufpel.edu.br\/karinsimonato\/pagina-exemplo\/material-de-apoio\/livros\/","title":{"rendered":"Livros"},"content":{"rendered":"<p><a href=\"https:\/\/www.dropbox.com\/s\/n2hsqg2odqhendj\/Livro%20%C3%81lgebra%20Linear%20-%20Alfredo%20Steinbruch%20em%20PDF.pdf?dl=0\">STEINBRUCH, Alfredo &amp; WINTERLE, Paulo. \u00c1lgebra Linear. 2\u00aa edi\u00e7\u00e3o S\u00e3o Paulo, McGraw-Hill, 1987.<\/a><\/p>\n<p><a href=\"https:\/\/www.dropbox.com\/s\/6pks49h0j7pbk3r\/Fundamentos.de.Matematica.Elementar.Vol.07.Geometria.Analitica.pdf?dl=0\">IEZZI, Gelson. Fundamentos da Matem\u00e1tica Elementar &#8211; Vol 7<\/a><\/p>\n","protected":false},"excerpt":{"rendered":"<p>STEINBRUCH, Alfredo &amp; WINTERLE, Paulo. \u00c1lgebra Linear. 2\u00aa edi\u00e7\u00e3o S\u00e3o Paulo, McGraw-Hill, 1987. IEZZI, Gelson. Fundamentos da Matem\u00e1tica Elementar &#8211; Vol 7<\/p>\n","protected":false},"author":317,"featured_media":0,"parent":23,"menu_order":0,"comment_status":"closed","ping_status":"closed","template":"","meta":{"_crdt_document":"","footnotes":""},"class_list":["post-35","page","type-page","status-publish","hentry"],"_links":{"self":[{"href":"https:\/\/wp.ufpel.edu.br\/karinsimonato\/wp-json\/wp\/v2\/pages\/35","targetHints":{"allow":["GET"]}}],"collection":[{"href":"https:\/\/wp.ufpel.edu.br\/karinsimonato\/wp-json\/wp\/v2\/pages"}],"about":[{"href":"https:\/\/wp.ufpel.edu.br\/karinsimonato\/wp-json\/wp\/v2\/types\/page"}],"author":[{"embeddable":true,"href":"https:\/\/wp.ufpel.edu.br\/karinsimonato\/wp-json\/wp\/v2\/users\/317"}],"replies":[{"embeddable":true,"href":"https:\/\/wp.ufpel.edu.br\/karinsimonato\/wp-json\/wp\/v2\/comments?post=35"}],"version-history":[{"count":4,"href":"https:\/\/wp.ufpel.edu.br\/karinsimonato\/wp-json\/wp\/v2\/pages\/35\/revisions"}],"predecessor-version":[{"id":125,"href":"https:\/\/wp.ufpel.edu.br\/karinsimonato\/wp-json\/wp\/v2\/pages\/35\/revisions\/125"}],"up":[{"embeddable":true,"href":"https:\/\/wp.ufpel.edu.br\/karinsimonato\/wp-json\/wp\/v2\/pages\/23"}],"wp:attachment":[{"href":"https:\/\/wp.ufpel.edu.br\/karinsimonato\/wp-json\/wp\/v2\/media?parent=35"}],"curies":[{"name":"wp","href":"https:\/\/api.w.org\/{rel}","templated":true}]}}