{"id":30,"date":"2013-10-25T10:50:07","date_gmt":"2013-10-25T12:50:07","guid":{"rendered":"https:\/\/wp.ufpel.edu.br\/karinsimonato\/?page_id=30"},"modified":"2017-09-26T10:52:53","modified_gmt":"2017-09-26T13:52:53","slug":"videos","status":"publish","type":"page","link":"https:\/\/wp.ufpel.edu.br\/karinsimonato\/pagina-exemplo\/material-de-apoio\/videos\/","title":{"rendered":"V\u00eddeos"},"content":{"rendered":"<p>V\u00eddeos de apoio aos conte\u00fados b\u00e1sicos da disciplina.<\/p>\n<p><a href=\"http:\/\/www.mesalva.com\/#\/curso\/24\">Matrizes<\/a><\/p>\n<p><a href=\"http:\/\/www.descomplica.com.br\/fisica\/vetores\/vetores-1-introducao\">Vetores<\/a><\/p>\n","protected":false},"excerpt":{"rendered":"<p>V\u00eddeos de apoio aos conte\u00fados b\u00e1sicos da disciplina. Matrizes Vetores<\/p>\n","protected":false},"author":317,"featured_media":0,"parent":23,"menu_order":0,"comment_status":"closed","ping_status":"closed","template":"","meta":{"footnotes":""},"class_list":["post-30","page","type-page","status-publish","hentry"],"_links":{"self":[{"href":"https:\/\/wp.ufpel.edu.br\/karinsimonato\/wp-json\/wp\/v2\/pages\/30","targetHints":{"allow":["GET"]}}],"collection":[{"href":"https:\/\/wp.ufpel.edu.br\/karinsimonato\/wp-json\/wp\/v2\/pages"}],"about":[{"href":"https:\/\/wp.ufpel.edu.br\/karinsimonato\/wp-json\/wp\/v2\/types\/page"}],"author":[{"embeddable":true,"href":"https:\/\/wp.ufpel.edu.br\/karinsimonato\/wp-json\/wp\/v2\/users\/317"}],"replies":[{"embeddable":true,"href":"https:\/\/wp.ufpel.edu.br\/karinsimonato\/wp-json\/wp\/v2\/comments?post=30"}],"version-history":[{"count":3,"href":"https:\/\/wp.ufpel.edu.br\/karinsimonato\/wp-json\/wp\/v2\/pages\/30\/revisions"}],"predecessor-version":[{"id":260,"href":"https:\/\/wp.ufpel.edu.br\/karinsimonato\/wp-json\/wp\/v2\/pages\/30\/revisions\/260"}],"up":[{"embeddable":true,"href":"https:\/\/wp.ufpel.edu.br\/karinsimonato\/wp-json\/wp\/v2\/pages\/23"}],"wp:attachment":[{"href":"https:\/\/wp.ufpel.edu.br\/karinsimonato\/wp-json\/wp\/v2\/media?parent=30"}],"curies":[{"name":"wp","href":"https:\/\/api.w.org\/{rel}","templated":true}]}}