{"id":270,"date":"2017-10-02T16:21:00","date_gmt":"2017-10-02T19:21:00","guid":{"rendered":"https:\/\/wp.ufpel.edu.br\/karinsimonato\/?page_id=270"},"modified":"2017-10-23T09:19:01","modified_gmt":"2017-10-23T11:19:01","slug":"exercicios-recomendados","status":"publish","type":"page","link":"https:\/\/wp.ufpel.edu.br\/karinsimonato\/estatistica\/exercicios-recomendados\/","title":{"rendered":"Exerc\u00edcios recomendados"},"content":{"rendered":"<p><a href=\"https:\/\/www.dropbox.com\/s\/47z4mdfztlrx0dh\/Exerc%C3%ADcios%201.pdf?dl=0\">Exerc\u00edcios 1<\/a><\/p>\n<p><a href=\"https:\/\/www.dropbox.com\/s\/v9orw83a4kjbxwd\/Exerc%C3%ADcios%202.pdf?dl=0\">Exerc\u00edcios 2<\/a><\/p>\n<p><a href=\"https:\/\/www.dropbox.com\/s\/e3obu6w9vfua1hl\/Exerc%C3%ADcios%203.pdf?dl=0\">Exerc\u00edcios 3<\/a><\/p>\n<p><a href=\"https:\/\/www.dropbox.com\/s\/hn0128sqpck20b2\/Exerc%C3%ADcios%204.pdf?dl=0\">Exerc\u00edcios 4<\/a><\/p>\n<p><a href=\"https:\/\/www.dropbox.com\/s\/xf6v995s7694nsm\/Exerc%C3%ADcios%205.pdf?dl=0\">Exerc\u00edcios 5<\/a><\/p>\n","protected":false},"excerpt":{"rendered":"<p>Exerc\u00edcios 1 Exerc\u00edcios 2 Exerc\u00edcios 3 Exerc\u00edcios 4 Exerc\u00edcios 5<\/p>\n","protected":false},"author":317,"featured_media":0,"parent":206,"menu_order":0,"comment_status":"closed","ping_status":"closed","template":"","meta":{"footnotes":""},"class_list":["post-270","page","type-page","status-publish","hentry"],"_links":{"self":[{"href":"https:\/\/wp.ufpel.edu.br\/karinsimonato\/wp-json\/wp\/v2\/pages\/270","targetHints":{"allow":["GET"]}}],"collection":[{"href":"https:\/\/wp.ufpel.edu.br\/karinsimonato\/wp-json\/wp\/v2\/pages"}],"about":[{"href":"https:\/\/wp.ufpel.edu.br\/karinsimonato\/wp-json\/wp\/v2\/types\/page"}],"author":[{"embeddable":true,"href":"https:\/\/wp.ufpel.edu.br\/karinsimonato\/wp-json\/wp\/v2\/users\/317"}],"replies":[{"embeddable":true,"href":"https:\/\/wp.ufpel.edu.br\/karinsimonato\/wp-json\/wp\/v2\/comments?post=270"}],"version-history":[{"count":5,"href":"https:\/\/wp.ufpel.edu.br\/karinsimonato\/wp-json\/wp\/v2\/pages\/270\/revisions"}],"predecessor-version":[{"id":293,"href":"https:\/\/wp.ufpel.edu.br\/karinsimonato\/wp-json\/wp\/v2\/pages\/270\/revisions\/293"}],"up":[{"embeddable":true,"href":"https:\/\/wp.ufpel.edu.br\/karinsimonato\/wp-json\/wp\/v2\/pages\/206"}],"wp:attachment":[{"href":"https:\/\/wp.ufpel.edu.br\/karinsimonato\/wp-json\/wp\/v2\/media?parent=270"}],"curies":[{"name":"wp","href":"https:\/\/api.w.org\/{rel}","templated":true}]}}