{"id":176,"date":"2017-05-17T13:48:44","date_gmt":"2017-05-17T16:48:44","guid":{"rendered":"https:\/\/wp.ufpel.edu.br\/karinsimonato\/?page_id=176"},"modified":"2018-03-28T16:29:18","modified_gmt":"2018-03-28T19:29:18","slug":"revisoes-do-ensino-medio","status":"publish","type":"page","link":"https:\/\/wp.ufpel.edu.br\/karinsimonato\/calculo-2\/material-de-apoio\/revisoes-do-ensino-medio\/","title":{"rendered":"Revis\u00f5es do ensino m\u00e9dio"},"content":{"rendered":"<p><a href=\"https:\/\/www.dropbox.com\/s\/36d56ex2z0o7le5\/Notas%20de%20aula%20sobre%20fun%C3%A7%C3%B5es.pdf?dl=0\">Notas de aula sobre fun\u00e7\u00f5es<\/a><\/p>\n<p><a href=\"https:\/\/www.youtube.com\/watch?v=ODL2gz4njXI\">Produtos not\u00e1veis<\/a><\/p>\n<p><a href=\"https:\/\/www.youtube.com\/watch?v=KQ4Nx58MzUM\">Como encontrar ra\u00edzes de polin\u00f4mios<\/a><\/p>\n<p><a href=\"https:\/\/www.youtube.com\/watch?v=35zuZcPH3J8\">Exemplo de como encontrar ra\u00edzes de polin\u00f4mios<\/a><\/p>\n<p><a href=\"https:\/\/www.youtube.com\/watch?v=nZ6wTYKCP6E\">Algoritmo de Briot-Ruffini<\/a><\/p>\n<p><a href=\"https:\/\/www.youtube.com\/watch?v=I11VcxwOCm0\">Coeficiente angular<\/a><\/p>\n<p><a href=\"https:\/\/www.youtube.com\/watch?v=w8tofUVHxNU\">Bin\u00f4mio de Newton<\/a><\/p>\n<p>&nbsp;<\/p>\n","protected":false},"excerpt":{"rendered":"<p>Notas de aula sobre fun\u00e7\u00f5es Produtos not\u00e1veis Como encontrar ra\u00edzes de polin\u00f4mios Exemplo de como encontrar ra\u00edzes de polin\u00f4mios Algoritmo de Briot-Ruffini Coeficiente angular Bin\u00f4mio de Newton &nbsp;<\/p>\n","protected":false},"author":317,"featured_media":0,"parent":107,"menu_order":0,"comment_status":"closed","ping_status":"closed","template":"","meta":{"footnotes":""},"class_list":["post-176","page","type-page","status-publish","hentry"],"_links":{"self":[{"href":"https:\/\/wp.ufpel.edu.br\/karinsimonato\/wp-json\/wp\/v2\/pages\/176","targetHints":{"allow":["GET"]}}],"collection":[{"href":"https:\/\/wp.ufpel.edu.br\/karinsimonato\/wp-json\/wp\/v2\/pages"}],"about":[{"href":"https:\/\/wp.ufpel.edu.br\/karinsimonato\/wp-json\/wp\/v2\/types\/page"}],"author":[{"embeddable":true,"href":"https:\/\/wp.ufpel.edu.br\/karinsimonato\/wp-json\/wp\/v2\/users\/317"}],"replies":[{"embeddable":true,"href":"https:\/\/wp.ufpel.edu.br\/karinsimonato\/wp-json\/wp\/v2\/comments?post=176"}],"version-history":[{"count":5,"href":"https:\/\/wp.ufpel.edu.br\/karinsimonato\/wp-json\/wp\/v2\/pages\/176\/revisions"}],"predecessor-version":[{"id":313,"href":"https:\/\/wp.ufpel.edu.br\/karinsimonato\/wp-json\/wp\/v2\/pages\/176\/revisions\/313"}],"up":[{"embeddable":true,"href":"https:\/\/wp.ufpel.edu.br\/karinsimonato\/wp-json\/wp\/v2\/pages\/107"}],"wp:attachment":[{"href":"https:\/\/wp.ufpel.edu.br\/karinsimonato\/wp-json\/wp\/v2\/media?parent=176"}],"curies":[{"name":"wp","href":"https:\/\/api.w.org\/{rel}","templated":true}]}}