{"id":110,"date":"2014-09-01T18:09:01","date_gmt":"2014-09-01T21:09:01","guid":{"rendered":"https:\/\/wp.ufpel.edu.br\/karinsimonato\/?page_id=110"},"modified":"2018-07-09T15:20:46","modified_gmt":"2018-07-09T18:20:46","slug":"exercicios-recomendados","status":"publish","type":"page","link":"https:\/\/wp.ufpel.edu.br\/karinsimonato\/calculo-2\/exercicios-recomendados\/","title":{"rendered":"Exerc\u00edcios recomendados"},"content":{"rendered":"<p>Os exerc\u00edcios recomendados s\u00e3o do livro:<\/p>\n<ul>\n<li>Anton, H. et. al C\u00e1<span id=\"m2v2v923pn52_1\" class=\"m2v2v923pn52\" style=\"height: 16px\">lculo<\/span> , vol. 1. 8\u00aa ed. Bookman. 2007.<\/li>\n<\/ul>\n<p>Cap\u00edtulo 1:<\/p>\n<p><strong>1.1) 1, 2, 3, 5, 6, 19, 20.<\/strong><\/p>\n<p><strong>1.3) 35, 39.<\/strong><\/p>\n<p><strong>1.6) 1, 2, 5, 6, 16, 17, 18, 19, 20, 21, 22, 23, 26, 27, 29.<\/strong><\/p>\n<p><a href=\"https:\/\/www.dropbox.com\/s\/njss3uxgf0hlu32\/sm_ch01.pdf?dl=0\">Respostas<\/a><\/p>\n<p>Cap\u00edtulo 2:<\/p>\n<p><strong>2.1) 1, 3, 4, 5, 6.<\/strong><\/p>\n<p><strong>2.2) 1, 2, 3, 4, 5, 6, 7, 8, 9, 10, 11, 12, 13, 14, 15, 16, 17, 18, 19, 20, 29, 30.<\/strong><\/p>\n<p><strong>2.3) 7, 8, 9, 10, 11, 12, 13, 14, 15, 16, 17, 18, 19, 20, 21, 22, 23, 24, 25, 26, 27, 28, 33, 34, 47, 48, 49, 50, 57.<\/strong><\/p>\n<p><strong>2.4) 21, 22, 47, 57.<\/strong><\/p>\n<p><strong>2.5) 11, 12, 13, 14, 15, 16, 17, 18, 19, 20, 21, 22.<\/strong><\/p>\n<p><a href=\"https:\/\/www.dropbox.com\/s\/ichg7uss6x06xvy\/sm_ch02.pdf?dl=0\">Respostas<\/a><\/p>\n<p>Cap\u00edtulo 3:<\/p>\n<p><strong>3.1) 9, 10, 11, 12 (do 9 ao 12 somente letras a e b), 13, 14, 15, 16, 22, 23.<\/strong><\/p>\n<p><strong>3.2) 7, 8, 9, 10, 11, 12, 13, 14, 15, 16, 17, 18, 19, 20, 21, 22, 35.<\/strong><\/p>\n<p><strong>3.3) 1, 2, 3, 4, 5, 6, 7, 8, 9, 10, 11, 12, 13, 14, 15, 16, 17, 18, 19, 20, 21, 22, 23, 24, 29, 30, 31, 32, 33, 37, 38, 39, 40, 41, 42, 43.<\/strong><\/p>\n<p><strong>3.4) 1, 2, 3, 4, 5, 6, 7, 8, 9, 10, 11, 12, 13, 14, 15, 16, 23, 24, 25.<\/strong><\/p>\n<p><strong>3.5) 1, 2, 3, 4, 5, 6, 7, 8, 9, 10, 11, 12, 13, 14, 15, 16, 17, 18, 19, 20, 21, 22, 23, 24, 25, 26, 27.<\/strong><\/p>\n<p><strong>3.6) 7, 8, 9, 10, 11, 12, 13, 14, 15, 16, 17, 18, 19, 20, 21, 22, 23, 24, 25, 26, 27, 28, 29, 30, 31, 32, 33, 34, 35, 36, 37, 38, 39, 40, 51, 52, 53, 54.<\/strong><\/p>\n<p><strong>3.8) 37, 38, 39, 40.<\/strong><\/p>\n<p><a href=\"https:\/\/www.dropbox.com\/s\/f66xrmwhrryq448\/sm_ch03.pdf?dl=0\">Respostas<\/a><\/p>\n<p><strong>4.1) 11, 12, 13, 14, 15, 16, 17, 18, 19, 20, 21, 22, 23, 24, 25, 26, 29, 30, 31, 32.<\/strong><\/p>\n<p><strong>4.2) 1, 2, 3, 4, 5, 6, 7, 8, 9, 10, 11, 12, 13, 14, 15, 16, 17, 18, 19, 20, 21, 22, 23, 24, 25, 26, 31, 32, 33.<\/strong><\/p>\n<p><strong>4.3) 11, 12, 13, 14, 15, 16, 17, 18, 19, 23, 24, 25, 26, 27, 28, 29, 30, 33, 34, 35, 36, 37, 38, 39, 40, 41, 42, 43, 44, 45, 46, 47.<\/strong><\/p>\n<p><strong>4.4) 5, 6, 7, 8, 9, 10,11, 12, 13, 14, 15, 16, 17, 18, 19, 20, 21, 22, 23, 24.<\/strong><\/p>\n<p><a href=\"https:\/\/www.dropbox.com\/s\/2cdn0ublkz1kji4\/Sm_ch04.pdf?dl=0\">Respostas<\/a><\/p>\n<p><strong>5.1) 11, 12, 13, 14, 15, 16, 17, 18, 19, 20, 21, 22.<\/strong><\/p>\n<p><strong>5.2) 19, 20, 21, 22, 23, 24, 25, 26, 27, 28, 29, 30, 31, 32, 33, 34, 35, 36, 37, 38.<\/strong><\/p>\n<p><strong>5.4)\u00a07, 8, 9, 10, 11, 12, 13, 14, 15, 16, 17, 18, 19, 20, 21, 22, 23, 24.<\/strong><\/p>\n<p><a href=\"https:\/\/www.dropbox.com\/s\/luj83dzxwujdwwh\/Sm_ch05.pdf?dl=0\">Respostas<\/a><\/p>\n<p><strong>6.2) 9, 10, 11, 12, 13, 14, 15, 16, 17, 18, 19, 20, 21, 22, 23, 24, 25, 26, 27, 28, 29, 30, 31, 32, 33, 34.<\/strong><\/p>\n<p><strong>6.3) 1, 2, 3, 4, 5, 6, 9, 10, 11, 12, 13, 14, 15, 16, 17, 18,\u00a019, 20, 21, 22, 23, 24, 25, 26, 27, 28, 29, 30, 31, 32, 33, 34, 35, 36, 37, 38, 39, 40, 41, 42, 43, 44, 45, 46, 47, 48, 49.<\/strong><\/p>\n<p><strong>6.4) 1, 2, 3, 4, 5, 6, 7, 8.<\/strong><\/p>\n<p><strong>6.6) 2, 3, 4, 5, 6, 7, 8, 9, 10, 11, 12, 13, 14, 15, 16, 17, 18, 19, 20, 21, 22, 23, 24, 25, 26.<\/strong><\/p>\n<p><strong>6.8)\u00a05, 6, 9, 10, 11, 12, 13, 14, 15, 16, 17, 18,\u00a029, 30, 31, 32, 33, 34, 35, 36, 37, 38, 39, 40, 41, 42, 43, 44, 45, 46, 47, 48.<\/strong><\/p>\n<p><a href=\"https:\/\/www.dropbox.com\/s\/m71yihrj5dp8dcc\/Sm_ch06.pdf?dl=0\">Respostas<\/a><\/p>\n<p><strong>7.1) 1, 2, 3, 4, 5, 6, 7, 8, 12.<\/strong><\/p>\n<p><strong>7.4) 3, 4, 5, 6, 7, 8.<\/strong><\/p>\n<p><a href=\"https:\/\/www.dropbox.com\/s\/5f5xpstbvrzvy8a\/Sm_ch07.pdf?dl=0\">Respostas<\/a><\/p>\n<p><strong>8.2)\u00a01, 2, 3, 4, 5, 6, 7, 8, 9, 10, 19, 20, 29, 30, 37.<\/strong><\/p>\n<p><strong>8.3) 1, 2, 3, 4, 8, 9, 10, 11, 12, 19.<\/strong><\/p>\n<p><strong>8.4) 1, 2, 3, 4, 8, 11, 12, 15.<\/strong><\/p>\n<p><a href=\"https:\/\/www.dropbox.com\/s\/ur37unsvkpeteuy\/Sm_ch08.pdf?dl=0\">Respostas<\/a><\/p>\n","protected":false},"excerpt":{"rendered":"<p>Os exerc\u00edcios recomendados s\u00e3o do livro: Anton, H. et. al C\u00e1lculo , vol. 1. 8\u00aa ed. Bookman. 2007. Cap\u00edtulo 1: 1.1) 1, 2, 3, 5, 6, 19, 20. 1.3) 35, 39. 1.6) 1, 2, 5, 6, 16, 17, 18, 19, 20, 21, 22, 23, 26, 27, 29. Respostas Cap\u00edtulo 2: 2.1) 1, 3, 4, 5, &hellip; <a href=\"https:\/\/wp.ufpel.edu.br\/karinsimonato\/calculo-2\/exercicios-recomendados\/\" class=\"more-link\">Continue lendo <span class=\"screen-reader-text\">Exerc\u00edcios recomendados<\/span> <span class=\"meta-nav\">&rarr;<\/span><\/a><\/p>\n","protected":false},"author":317,"featured_media":0,"parent":96,"menu_order":0,"comment_status":"closed","ping_status":"closed","template":"","meta":{"footnotes":""},"class_list":["post-110","page","type-page","status-publish","hentry"],"_links":{"self":[{"href":"https:\/\/wp.ufpel.edu.br\/karinsimonato\/wp-json\/wp\/v2\/pages\/110","targetHints":{"allow":["GET"]}}],"collection":[{"href":"https:\/\/wp.ufpel.edu.br\/karinsimonato\/wp-json\/wp\/v2\/pages"}],"about":[{"href":"https:\/\/wp.ufpel.edu.br\/karinsimonato\/wp-json\/wp\/v2\/types\/page"}],"author":[{"embeddable":true,"href":"https:\/\/wp.ufpel.edu.br\/karinsimonato\/wp-json\/wp\/v2\/users\/317"}],"replies":[{"embeddable":true,"href":"https:\/\/wp.ufpel.edu.br\/karinsimonato\/wp-json\/wp\/v2\/comments?post=110"}],"version-history":[{"count":32,"href":"https:\/\/wp.ufpel.edu.br\/karinsimonato\/wp-json\/wp\/v2\/pages\/110\/revisions"}],"predecessor-version":[{"id":328,"href":"https:\/\/wp.ufpel.edu.br\/karinsimonato\/wp-json\/wp\/v2\/pages\/110\/revisions\/328"}],"up":[{"embeddable":true,"href":"https:\/\/wp.ufpel.edu.br\/karinsimonato\/wp-json\/wp\/v2\/pages\/96"}],"wp:attachment":[{"href":"https:\/\/wp.ufpel.edu.br\/karinsimonato\/wp-json\/wp\/v2\/media?parent=110"}],"curies":[{"name":"wp","href":"https:\/\/api.w.org\/{rel}","templated":true}]}}