{"id":3,"date":"2020-08-24T13:32:03","date_gmt":"2020-08-24T16:32:03","guid":{"rendered":"https:\/\/wp.ufpel.edu.br\/juntadaconsultainformal\/?page_id=3"},"modified":"2020-08-27T12:08:49","modified_gmt":"2020-08-27T15:08:49","slug":"membros","status":"publish","type":"page","link":"https:\/\/wp.ufpel.edu.br\/juntadaconsultainformal\/membros\/","title":{"rendered":"Composi\u00e7\u00e3o"},"content":{"rendered":"<h3>MEMBROS<\/h3>\n<p>Representantes Discentes:<\/p>\n<ul>\n<li>Alice Morales dos Santos<\/li>\n<li>Barbara W\u00f6tter Dutra<\/li>\n<li>Lucas Ferreira Santos Melo<\/li>\n<li>Rubens Marques Obelar<\/li>\n<\/ul>\n<p>Representantes Docentes:<\/p>\n<ul>\n<li>Adhemar Louren\u00e7o da Silva Junior<\/li>\n<li>Anderson Priebe Ferrugem<\/li>\n<li>Antonio Carlos Martins da Cruz<\/li>\n<li>Flavia Carvalho Chagas<\/li>\n<li>Luiz Filipe Dam\u00e9 Schuch<\/li>\n<li>Renato Fabricio de Andrade Waldemarin<\/li>\n<\/ul>\n<p>Representantes T\u00e9cnicos Administrativos:<\/p>\n<ul>\n<li>Aline Nunes da Cunha de Medeiros<\/li>\n<li>Gabriel Afonso Martins<\/li>\n<li>Mara Beatriz Nunes Gomes<\/li>\n<li>Solange Machado Tonietto<\/li>\n<li>Thomas de Aguiar de Oliveira<\/li>\n<li>Vitor Hugo Silva dos Santos<\/li>\n<\/ul>\n<p>&nbsp;<\/p>\n<h3>GRUPOS DE TRABALHO<\/h3>\n<h4>Grupo de Trabalho &#8211; Processo de campanha e \u00e9tica<\/h4>\n<p>Pautas:<\/p>\n<ul>\n<li>Regramento da campanha e consulta;<\/li>\n<li>\u00c9tica e seguran\u00e7a;<\/li>\n<li>Protocolo de a\u00e7\u00e3o &#8211; ataques as campanhas<\/li>\n<\/ul>\n<p>Membros:<\/p>\n<ul>\n<li>Adhemar Louren\u00e7o da Silva Junior<\/li>\n<li>Anderson Priebe Ferrugem<\/li>\n<li>Barbara W\u00f6tter Dutra<\/li>\n<li>Flavia Carvalho Chagas<\/li>\n<li>Gabriel Afonso Martins<\/li>\n<li>Lucas Ferreira Santos Melo<\/li>\n<li>Mara Beatriz Nunes Gomes<\/li>\n<li>Renato Fabricio de Andrade Waldemarin<\/li>\n<\/ul>\n<h4>Grupo de Trabalho &#8211;\u00a0Comunica\u00e7\u00e3o\/Mobiliza\u00e7\u00e3o<\/h4>\n<p>Pautas:<\/p>\n<ul>\n<li>&#8230;<\/li>\n<\/ul>\n<p>Membros:<\/p>\n<ul>\n<li>Adhemar Louren\u00e7o da Silva Junior<\/li>\n<li>Barbara W\u00f6tter Dutra<\/li>\n<li>Flavia Carvalho Chagas<\/li>\n<li>Luiz Filipe Dam\u00e9 Schuch<\/li>\n<li>Thomas de Aguiar de Oliveira<\/li>\n<\/ul>\n<h4>Grupo de Trabalho &#8211; Debates<\/h4>\n<p>Pautas:<\/p>\n<ul>\n<li>&#8230;<\/li>\n<\/ul>\n<p>Membros:<\/p>\n<ul>\n<li>Antonio Carlos Martins da Cruz<\/li>\n<li>Alice Morales dos Santos<\/li>\n<li>Aline Nunes da Cunha de Medeiros<\/li>\n<li>Lucas Ferreira Santos Melo<\/li>\n<li>Renato Fabricio de Andrade Waldemarin<\/li>\n<li>Rubens Marques Obelar<\/li>\n<\/ul>\n<h4>Grupo de Trabalho &#8211; Operaliza\u00e7\u00e3o da consulta<\/h4>\n<p>Pautas:<\/p>\n<ul>\n<li>Viabilizar processo de consulta on-line;<\/li>\n<li>Elei\u00e7\u00e3o presencial e comit\u00ea COVID;<\/li>\n<li>Apura\u00e7\u00e3o;<\/li>\n<\/ul>\n<p>Membros:<\/p>\n<ul>\n<li>Alice Morales dos Santos<\/li>\n<li>Aline Nunes da Cunha de Medeiros<\/li>\n<li>Anderson Priebe Ferrugem<\/li>\n<li>Mara Beatriz Nunes Gomes<\/li>\n<li>Rubens Marques Obelar<\/li>\n<li>Vitor Hugo Silva dos Santos<\/li>\n<\/ul>\n<p>&nbsp;<\/p>\n","protected":false},"excerpt":{"rendered":"<p>MEMBROS Representantes Discentes: Alice Morales dos Santos Barbara W\u00f6tter Dutra Lucas Ferreira Santos Melo Rubens Marques Obelar Representantes Docentes: Adhemar Louren\u00e7o da Silva Junior Anderson Priebe Ferrugem Antonio Carlos Martins da Cruz Flavia Carvalho Chagas Luiz Filipe Dam\u00e9 Schuch Renato Fabricio de Andrade Waldemarin Representantes T\u00e9cnicos Administrativos: Aline Nunes da Cunha de Medeiros Gabriel Afonso [&hellip;]<\/p>\n","protected":false},"author":667,"featured_media":0,"parent":0,"menu_order":0,"comment_status":"closed","ping_status":"closed","template":"","meta":{"jetpack_post_was_ever_published":false,"footnotes":""},"class_list":["post-3","page","type-page","status-publish","hentry"],"jetpack_sharing_enabled":true,"_links":{"self":[{"href":"https:\/\/wp.ufpel.edu.br\/juntadaconsultainformal\/wp-json\/wp\/v2\/pages\/3","targetHints":{"allow":["GET"]}}],"collection":[{"href":"https:\/\/wp.ufpel.edu.br\/juntadaconsultainformal\/wp-json\/wp\/v2\/pages"}],"about":[{"href":"https:\/\/wp.ufpel.edu.br\/juntadaconsultainformal\/wp-json\/wp\/v2\/types\/page"}],"author":[{"embeddable":true,"href":"https:\/\/wp.ufpel.edu.br\/juntadaconsultainformal\/wp-json\/wp\/v2\/users\/667"}],"replies":[{"embeddable":true,"href":"https:\/\/wp.ufpel.edu.br\/juntadaconsultainformal\/wp-json\/wp\/v2\/comments?post=3"}],"version-history":[{"count":12,"href":"https:\/\/wp.ufpel.edu.br\/juntadaconsultainformal\/wp-json\/wp\/v2\/pages\/3\/revisions"}],"predecessor-version":[{"id":115,"href":"https:\/\/wp.ufpel.edu.br\/juntadaconsultainformal\/wp-json\/wp\/v2\/pages\/3\/revisions\/115"}],"wp:attachment":[{"href":"https:\/\/wp.ufpel.edu.br\/juntadaconsultainformal\/wp-json\/wp\/v2\/media?parent=3"}],"curies":[{"name":"wp","href":"https:\/\/api.w.org\/{rel}","templated":true}]}}