{"id":28,"date":"2020-08-25T16:48:43","date_gmt":"2020-08-25T19:48:43","guid":{"rendered":"https:\/\/wp.ufpel.edu.br\/juntadaconsultainformal\/?page_id=28"},"modified":"2020-08-27T11:22:10","modified_gmt":"2020-08-27T14:22:10","slug":"chapas-homologadas","status":"publish","type":"page","link":"https:\/\/wp.ufpel.edu.br\/juntadaconsultainformal\/chapas-homologadas\/","title":{"rendered":"Chapas Homologadas"},"content":{"rendered":"<h3>Chapa 1: UFPel Diversa<\/h3>\n<p><a href=\"http:\/\/www.ufpeldiversa.com\/programa_de_gestao.pdf\">Programa de Gest\u00e3o<\/a><\/p>\n<p>&nbsp;<\/p>\n<h3>Chapa 2: UFPel Mais<\/h3>\n<p><a href=\"https:\/\/drive.google.com\/file\/d\/1-Q7i_EPSQaISeQxG-MMsKWc9w0YjuA-f\/view?fbclid=IwAR2zJnEvT4lWUaBJk6MUZ1cz5n-6yHNRaX53UZQj5YW3t7_xwEVEFOTW6NA\">Programa de Gest\u00e3o<\/a><\/p>\n<p>&nbsp;<\/p>\n<h3>Chapa 3: UFPel #tocontigo<\/h3>\n<p><a href=\"https:\/\/docs.google.com\/document\/d\/1Wa_2fMCAeF_cUJgVN0isMVYvJw4rqQ9ZaB6WB0wEtIo\/edit\">Programa de Gest\u00e3o<\/a><\/p>\n<p>&nbsp;<\/p>\n<h3>Chapa 4: UFPel Raiz<\/h3>\n<p><a href=\"https:\/\/drive.google.com\/drive\/u\/0\/folders\/1LczVwzEIM4EJi-8BeuSn2EEJ5IMkuIl-?fbclid=IwAR0DUfEc16y-NtZ-uf2xOHgu6fx-ZM_Tv28Bp5vKBTxgueVc9DeMe73LGFc\">Programa de Gest\u00e3o<\/a><\/p>\n<p>&nbsp;<\/p>\n<p>&nbsp;<\/p>\n<p>&nbsp;<\/p>\n<p>&nbsp;<\/p>\n","protected":false},"excerpt":{"rendered":"<p>Chapa 1: UFPel Diversa Programa de Gest\u00e3o &nbsp; Chapa 2: UFPel Mais Programa de Gest\u00e3o &nbsp; Chapa 3: UFPel #tocontigo Programa de Gest\u00e3o &nbsp; Chapa 4: UFPel Raiz Programa de Gest\u00e3o &nbsp; &nbsp; &nbsp; &nbsp;<\/p>\n","protected":false},"author":667,"featured_media":0,"parent":0,"menu_order":0,"comment_status":"closed","ping_status":"closed","template":"","meta":{"jetpack_post_was_ever_published":false,"footnotes":""},"class_list":["post-28","page","type-page","status-publish","hentry"],"jetpack_sharing_enabled":true,"_links":{"self":[{"href":"https:\/\/wp.ufpel.edu.br\/juntadaconsultainformal\/wp-json\/wp\/v2\/pages\/28","targetHints":{"allow":["GET"]}}],"collection":[{"href":"https:\/\/wp.ufpel.edu.br\/juntadaconsultainformal\/wp-json\/wp\/v2\/pages"}],"about":[{"href":"https:\/\/wp.ufpel.edu.br\/juntadaconsultainformal\/wp-json\/wp\/v2\/types\/page"}],"author":[{"embeddable":true,"href":"https:\/\/wp.ufpel.edu.br\/juntadaconsultainformal\/wp-json\/wp\/v2\/users\/667"}],"replies":[{"embeddable":true,"href":"https:\/\/wp.ufpel.edu.br\/juntadaconsultainformal\/wp-json\/wp\/v2\/comments?post=28"}],"version-history":[{"count":3,"href":"https:\/\/wp.ufpel.edu.br\/juntadaconsultainformal\/wp-json\/wp\/v2\/pages\/28\/revisions"}],"predecessor-version":[{"id":110,"href":"https:\/\/wp.ufpel.edu.br\/juntadaconsultainformal\/wp-json\/wp\/v2\/pages\/28\/revisions\/110"}],"wp:attachment":[{"href":"https:\/\/wp.ufpel.edu.br\/juntadaconsultainformal\/wp-json\/wp\/v2\/media?parent=28"}],"curies":[{"name":"wp","href":"https:\/\/api.w.org\/{rel}","templated":true}]}}