{"id":122,"date":"2020-09-01T23:27:22","date_gmt":"2020-09-02T02:27:22","guid":{"rendered":"https:\/\/wp.ufpel.edu.br\/juntadaconsultainformal\/?page_id=122"},"modified":"2020-09-04T19:24:03","modified_gmt":"2020-09-04T22:24:03","slug":"debates","status":"publish","type":"page","link":"https:\/\/wp.ufpel.edu.br\/juntadaconsultainformal\/debates\/","title":{"rendered":"Debates"},"content":{"rendered":"\n<ul class=\"wp-block-list\"><li>Regras do debate 2 (em breve) <\/li><li><a rel=\"noreferrer noopener\" href=\"https:\/\/docs.google.com\/forms\/d\/e\/1FAIpQLScjJdiMIC34q3LZdPhSiUQRAUNeYIPx1RHeU4Eh_5_OPTcaJw\/viewform\" target=\"_blank\">Formul\u00e1rio para envio de Perguntas<\/a><\/li><\/ul>\n\n\n\n<p><a href=\"https:\/\/www.youtube.com\/watch?v=v8Mj3klfRYo\">Link para o Debate 2 &#8211; Gest\u00e3o de pessoas, sa\u00fade e biosseguran\u00e7a: desafios da universidade frente a pandemia.<\/a><\/p>\n\n\n\n<p><\/p>\n\n\n\n<figure class=\"wp-block-image size-large\"><img width=\"773\" height=\"1024\" src=\"https:\/\/wp.ufpel.edu.br\/juntadaconsultainformal\/files\/2020\/09\/debate_agenda_v2-773x1024.png\" alt=\"\" class=\"wp-image-124\" srcset=\"https:\/\/wp.ufpel.edu.br\/juntadaconsultainformal\/files\/2020\/09\/debate_agenda_v2-773x1024.png 773w, https:\/\/wp.ufpel.edu.br\/juntadaconsultainformal\/files\/2020\/09\/debate_agenda_v2-302x400.png 302w, https:\/\/wp.ufpel.edu.br\/juntadaconsultainformal\/files\/2020\/09\/debate_agenda_v2-768x1018.png 768w, https:\/\/wp.ufpel.edu.br\/juntadaconsultainformal\/files\/2020\/09\/debate_agenda_v2-1159x1536.png 1159w, https:\/\/wp.ufpel.edu.br\/juntadaconsultainformal\/files\/2020\/09\/debate_agenda_v2.png 1440w\" sizes=\"(max-width: 773px) 100vw, 773px\" \/><\/figure>\n","protected":false},"excerpt":{"rendered":"<p>Regras do debate 2 (em breve) Formul\u00e1rio para envio de Perguntas Link para o Debate 2 &#8211; Gest\u00e3o de pessoas, sa\u00fade e biosseguran\u00e7a: desafios da universidade frente a pandemia.<\/p>\n","protected":false},"author":667,"featured_media":0,"parent":0,"menu_order":0,"comment_status":"closed","ping_status":"closed","template":"","meta":{"jetpack_post_was_ever_published":false,"footnotes":""},"class_list":["post-122","page","type-page","status-publish","hentry"],"jetpack_sharing_enabled":true,"_links":{"self":[{"href":"https:\/\/wp.ufpel.edu.br\/juntadaconsultainformal\/wp-json\/wp\/v2\/pages\/122","targetHints":{"allow":["GET"]}}],"collection":[{"href":"https:\/\/wp.ufpel.edu.br\/juntadaconsultainformal\/wp-json\/wp\/v2\/pages"}],"about":[{"href":"https:\/\/wp.ufpel.edu.br\/juntadaconsultainformal\/wp-json\/wp\/v2\/types\/page"}],"author":[{"embeddable":true,"href":"https:\/\/wp.ufpel.edu.br\/juntadaconsultainformal\/wp-json\/wp\/v2\/users\/667"}],"replies":[{"embeddable":true,"href":"https:\/\/wp.ufpel.edu.br\/juntadaconsultainformal\/wp-json\/wp\/v2\/comments?post=122"}],"version-history":[{"count":9,"href":"https:\/\/wp.ufpel.edu.br\/juntadaconsultainformal\/wp-json\/wp\/v2\/pages\/122\/revisions"}],"predecessor-version":[{"id":159,"href":"https:\/\/wp.ufpel.edu.br\/juntadaconsultainformal\/wp-json\/wp\/v2\/pages\/122\/revisions\/159"}],"wp:attachment":[{"href":"https:\/\/wp.ufpel.edu.br\/juntadaconsultainformal\/wp-json\/wp\/v2\/media?parent=122"}],"curies":[{"name":"wp","href":"https:\/\/api.w.org\/{rel}","templated":true}]}}