{"id":487,"date":"2013-10-07T13:45:33","date_gmt":"2013-10-07T16:45:33","guid":{"rendered":"https:\/\/wp.ufpel.edu.br\/jtamaral\/?page_id=487"},"modified":"2014-07-21T16:27:58","modified_gmt":"2014-07-21T19:27:58","slug":"mecanica-geral-i-t1","status":"publish","type":"page","link":"https:\/\/wp.ufpel.edu.br\/jtamaral\/disciplinas\/semestre-201302\/mecanica-geral-i-t1\/","title":{"rendered":"Mec\u00e2nica Geral I &#8211; T1"},"content":{"rendered":"<p>Plano de Ensino: <a href=\"https:\/\/wp.ufpel.edu.br\/jtamaral\/files\/2013\/10\/plano_MGI_2014_01.pdf\">plano<\/a><\/p>\n<p>Notas (atualizadas em 21\/07\/2014): <a href=\"https:\/\/wp.ufpel.edu.br\/jtamaral\/files\/2013\/10\/T1_notas_mg1_sn1.pdf\">T1_notas_mg1_sn<\/a><\/p>\n<p><strong>Listas de Exerc\u00edcios:<\/strong><\/p>\n<p><strong><span style=\"color: #ff0000\">\u00c1rea 1<\/span><\/strong><\/p>\n<p><strong><span style=\"color: #0000ff\">Lista 1: <\/span><\/strong><a href=\"https:\/\/wp.ufpel.edu.br\/jtamaral\/files\/2013\/10\/lista-dinamica-particula.pdf\">Din\u00e2mica de uma part\u00edcula<\/a><\/p>\n<p><strong><span style=\"color: #0000ff\">Lista 2: <\/span><\/strong><span style=\"color: #0000ff\"><a href=\"https:\/\/wp.ufpel.edu.br\/jtamaral\/files\/2013\/10\/lista_sistema_particulas.pdf\">Sistema de Part\u00edculas<\/a><\/span><strong><span style=\"color: #0000ff\"><br \/>\n<\/span><\/strong><\/p>\n<p><span style=\"color: #ff0000\"><strong>\u00c1rea 2<br \/>\n<\/strong><\/span><\/p>\n<p><strong><span style=\"color: #0000ff\">Lista 3:<\/span><\/strong> <a href=\"https:\/\/wp.ufpel.edu.br\/jtamaral\/files\/2013\/10\/lista_oscilacoes.pdf\">Oscila\u00e7\u00f5es Lineares<\/a><\/p>\n<p><span style=\"color: #0000ff\"><strong>Lista 4:<\/strong><\/span> <a href=\"https:\/\/wp.ufpel.edu.br\/jtamaral\/files\/2013\/10\/lista_forcas_centrais.pdf\">Forcas_centrais<\/a><\/p>\n<p><strong>\u00c1rea 3<\/strong><\/p>\n<p><strong><span style=\"color: #0000ff\">Lista 5: <\/span><\/strong><span style=\"color: #0000ff\"><a href=\"https:\/\/wp.ufpel.edu.br\/jtamaral\/files\/2013\/10\/gravitacao.pdf\">Gravita\u00e7\u00e3o<\/a><\/span><\/p>\n<p><span style=\"color: #ff0000\"><strong>Lista 6: <a href=\"https:\/\/wp.ufpel.edu.br\/jtamaral\/files\/2013\/10\/lista-nao-inerciais.pdf\">Referenciais n\u00e3o inerciais<\/a><br \/>\n<\/strong><\/span><\/p>\n<p><strong>NOTAS: <\/strong><\/p>\n","protected":false},"excerpt":{"rendered":"<p>Plano de Ensino: plano Notas (atualizadas em 21\/07\/2014): T1_notas_mg1_sn Listas de Exerc\u00edcios: \u00c1rea 1 Lista 1: Din\u00e2mica de uma part\u00edcula Lista 2: Sistema de Part\u00edculas \u00c1rea 2 Lista 3: Oscila\u00e7\u00f5es Lineares Lista 4: Forcas_centrais \u00c1rea 3 Lista 5: Gravita\u00e7\u00e3o Lista &hellip; <a href=\"https:\/\/wp.ufpel.edu.br\/jtamaral\/disciplinas\/semestre-201302\/mecanica-geral-i-t1\/\">Continue lendo <span class=\"meta-nav\">&rarr;<\/span><\/a><\/p>\n","protected":false},"author":109,"featured_media":0,"parent":479,"menu_order":0,"comment_status":"closed","ping_status":"open","template":"","meta":{"footnotes":""},"class_list":["post-487","page","type-page","status-publish","hentry"],"_links":{"self":[{"href":"https:\/\/wp.ufpel.edu.br\/jtamaral\/wp-json\/wp\/v2\/pages\/487","targetHints":{"allow":["GET"]}}],"collection":[{"href":"https:\/\/wp.ufpel.edu.br\/jtamaral\/wp-json\/wp\/v2\/pages"}],"about":[{"href":"https:\/\/wp.ufpel.edu.br\/jtamaral\/wp-json\/wp\/v2\/types\/page"}],"author":[{"embeddable":true,"href":"https:\/\/wp.ufpel.edu.br\/jtamaral\/wp-json\/wp\/v2\/users\/109"}],"replies":[{"embeddable":true,"href":"https:\/\/wp.ufpel.edu.br\/jtamaral\/wp-json\/wp\/v2\/comments?post=487"}],"version-history":[{"count":43,"href":"https:\/\/wp.ufpel.edu.br\/jtamaral\/wp-json\/wp\/v2\/pages\/487\/revisions"}],"predecessor-version":[{"id":671,"href":"https:\/\/wp.ufpel.edu.br\/jtamaral\/wp-json\/wp\/v2\/pages\/487\/revisions\/671"}],"up":[{"embeddable":true,"href":"https:\/\/wp.ufpel.edu.br\/jtamaral\/wp-json\/wp\/v2\/pages\/479"}],"wp:attachment":[{"href":"https:\/\/wp.ufpel.edu.br\/jtamaral\/wp-json\/wp\/v2\/media?parent=487"}],"curies":[{"name":"wp","href":"https:\/\/api.w.org\/{rel}","templated":true}]}}