{"id":650,"date":"2019-11-16T20:42:54","date_gmt":"2019-11-16T23:42:54","guid":{"rendered":"https:\/\/wp.ufpel.edu.br\/jornalismo\/?page_id=650"},"modified":"2025-07-01T20:43:48","modified_gmt":"2025-07-01T23:43:48","slug":"atletica","status":"publish","type":"page","link":"https:\/\/wp.ufpel.edu.br\/jornalismo\/atletica\/","title":{"rendered":"Atl\u00e9tica"},"content":{"rendered":"<div><\/div>\n<p>FUNDA\u00c7\u00c3O:<\/p>\n<p>A Associa\u00e7\u00e3o Atl\u00e9tica Acad\u00eamica do Jornalismo UFPel (AAAJ UFPEL) \u00e9 uma organiza\u00e7\u00e3o do curso de Jornalismo da Universidade Federal de Pelotas com fins recreativos, fundada no ano de 2014 e retomada em 2018, ap\u00f3s hiato.<\/p>\n<p>Nos anos de 2019 e 2022, a Atl\u00e9tica teve a identidade visual reformulada, sendo utilizada at\u00e9 os dias atuais a identidade mais recente.<\/p>\n<p>SOBRE A ATL\u00c9TICA:<\/p>\n<p>A Atl\u00e9tica tem como mascote a Raposa, que tamb\u00e9m \u00e9 o animal atribu\u00eddo ao curso de Jornalismo. A Raposa \u00e9 o primeiro mascote feminino entre as associa\u00e7\u00f5es da UFPel, e \u00e9 utilizada em raz\u00e3o das suas principais caracter\u00edsticas serem virtudes indispens\u00e1veis para um jornalista; agilidade, aud\u00e1cia, aten\u00e7\u00e3o e perspic\u00e1cia.<\/p>\n<p>Em 2018, a equipe de Futsal foi vice-campe\u00e3 dos Jogos UFPel. A organiza\u00e7\u00e3o realiza eventos, confecciona materiais (como vestu\u00e1rio) e d\u00e1 suporte em geral \u00e0s<br \/>\nnovas turmas, al\u00e9m de claro, representar o curso nos campeonatos esportivos.<\/p>\n<p>Recentemente, em maio de 2025, a Atl\u00e9tica passou por uma reformula\u00e7\u00e3o completa, ap\u00f3s um per\u00edodo de baixa atividade. Com a reformula\u00e7\u00e3o, novos diretores assumiram a gest\u00e3o da organiza\u00e7\u00e3o.<\/p>\n<p>A DIRE\u00c7\u00c3O: A atual Diretoria est\u00e1 organizada da seguinte forma:<\/p>\n<p>DIRE\u00c7\u00c3O GERAL:<br \/>\nNikolas Sousa (Presidente)<br \/>\nCau\u00e3 Farias (Vice-Presidente)<\/p>\n<p>DIRETORIA EXECUTIVA E DIRETORIA FINANCEIRA:<br \/>\nVinicius Heidemann (Diretor Excutivo e Financeiro)<\/p>\n<p>DIRETORIA DE ESPORTES:<br \/>\nAdryel Zdradek (Diretor)<br \/>\nJ\u00falia B\u00fcndchen (Diretora)<\/p>\n<p>DIRETORIA DE MATERIAIS:<br \/>\nMatheus Goularte (Diretor)<br \/>\nOt\u00e1vio Mattos (Vice-diretor)<\/p>\n<p>DIRETORIA DE EVENTOS:<br \/>\nAriel Mota (Diretor)<br \/>\nPedro Campos (Vice-diretor)<\/p>\n<p>DIRETORIA DE COMUNICA\u00c7\u00c3O:<br \/>\nEmily do Amaral (Diretora)<br \/>\nLucas Fabi\u00e3o (Vice-diretor)<\/p>\n<p>DIRETORIA DE TORCIDA:<br \/>\nLucas Maciel (Diretor)<\/p>\n<p>DIRETORIA DE FILANTROPIA:<br \/>\nLaurena Tavares (Diretora)<\/p>\n<p>Al\u00e9m das Diretorias, a gest\u00e3o implantou um conselho deliberativo, visando mais participa\u00e7\u00e3o, transpar\u00eancia e defesa dos interesses da maioria. A nova gest\u00e3o tem como objetivo principal elevar o n\u00edvel da Atl\u00e9tica, e trabalha para tornar a<br \/>\norganiza\u00e7\u00e3o mais competitiva nos esportes e mais participativa em atividades recreativas, como os eventos, al\u00e9m do lan\u00e7amento regular de materiais.<\/p>\n<p>CONTATO:<br \/>\nGERAL: (53) 99213-0636 &#8211; Nikolas<br \/>\nEVENTOS: (53) 99132-4007 &#8211; Ariel<br \/>\nESPORTES: (51) 99177-9400 &#8211; Adryel<br \/>\nCOMUNICA\u00c7\u00c3O: (53) 99706-9617 &#8211; Emily<br \/>\nINSTAGRAM: @aaajufpel<\/p>\n","protected":false},"excerpt":{"rendered":"<p>FUNDA\u00c7\u00c3O: A Associa\u00e7\u00e3o Atl\u00e9tica Acad\u00eamica do Jornalismo UFPel (AAAJ UFPEL) \u00e9 uma organiza\u00e7\u00e3o do curso de Jornalismo da Universidade Federal de Pelotas com fins recreativos, fundada no ano de 2014 e retomada em 2018, ap\u00f3s hiato. Nos anos de 2019 e 2022, a Atl\u00e9tica teve a identidade visual reformulada, sendo utilizada at\u00e9 os dias atuais [&hellip;]<\/p>\n","protected":false},"author":911,"featured_media":0,"parent":0,"menu_order":4,"comment_status":"closed","ping_status":"closed","template":"","meta":{"jetpack_post_was_ever_published":false,"footnotes":""},"class_list":["post-650","page","type-page","status-publish","hentry"],"jetpack_sharing_enabled":true,"jetpack_shortlink":"https:\/\/wp.me\/P8UsaE-au","_links":{"self":[{"href":"https:\/\/wp.ufpel.edu.br\/jornalismo\/wp-json\/wp\/v2\/pages\/650","targetHints":{"allow":["GET"]}}],"collection":[{"href":"https:\/\/wp.ufpel.edu.br\/jornalismo\/wp-json\/wp\/v2\/pages"}],"about":[{"href":"https:\/\/wp.ufpel.edu.br\/jornalismo\/wp-json\/wp\/v2\/types\/page"}],"author":[{"embeddable":true,"href":"https:\/\/wp.ufpel.edu.br\/jornalismo\/wp-json\/wp\/v2\/users\/911"}],"replies":[{"embeddable":true,"href":"https:\/\/wp.ufpel.edu.br\/jornalismo\/wp-json\/wp\/v2\/comments?post=650"}],"version-history":[{"count":6,"href":"https:\/\/wp.ufpel.edu.br\/jornalismo\/wp-json\/wp\/v2\/pages\/650\/revisions"}],"predecessor-version":[{"id":979,"href":"https:\/\/wp.ufpel.edu.br\/jornalismo\/wp-json\/wp\/v2\/pages\/650\/revisions\/979"}],"wp:attachment":[{"href":"https:\/\/wp.ufpel.edu.br\/jornalismo\/wp-json\/wp\/v2\/media?parent=650"}],"curies":[{"name":"wp","href":"https:\/\/api.w.org\/{rel}","templated":true}]}}