{"id":575,"date":"2019-11-12T17:10:45","date_gmt":"2019-11-12T20:10:45","guid":{"rendered":"https:\/\/wp.ufpel.edu.br\/jornalismo\/?page_id=575"},"modified":"2021-06-28T01:46:18","modified_gmt":"2021-06-28T04:46:18","slug":"extensao","status":"publish","type":"page","link":"https:\/\/wp.ufpel.edu.br\/jornalismo\/curso\/extensao\/","title":{"rendered":"Extens\u00e3o"},"content":{"rendered":"<ul>\n<li>\n<h5><strong>Projetos de extens\u00e3o<\/strong><\/h5>\n<\/li>\n<\/ul>\n<h5>Coordenador: Prof\u00ba Carlos Andr\u00e9 Dominguez<\/h5>\n<p>EmPauta Web &#8211; Ag\u00eancia de Not\u00edcias Online do Curso de Jornalismo da UFPel<\/p>\n<p><a href=\"https:\/\/wp.ufpel.edu.br\/empauta\/\">Site<\/a><\/p>\n<h5>Coordenador: Prof. Eduardo Ritter<\/h5>\n<p>Literatura, r\u00e1dio e jornalismo: produ\u00e7\u00e3o e apresenta\u00e7\u00e3o do programa Caf\u00e9 Liter\u00e1rio na R\u00e1dio Federal FM.<\/p>\n<h5>Coordenador: Prof\u00aa Michele Negrini<\/h5>\n<p>EmPauta TV\u00a0 Drops- Ag\u00eancia de Not\u00edcias do Curso de Jornalismo da UFPel<\/p>\n<p><a href=\"https:\/\/www.youtube.com\/channel\/UCOcPMxTbotX0UVdPNTbGxJQ\">YouTube<\/a><\/p>\n<h5>Coordenador: Prof\u00aaMarislei da Silveira Ribeiro<\/h5>\n<p>Inclus\u00e3o Digital e Promo\u00e7\u00e3o dos Direitos Sociais &#8211; Utiliza\u00e7\u00e3o da WebR\u00e1dio e WebTV<\/p>\n<p>Marte Ag\u00eancia de Conte\u00fado &#8211; laborat\u00f3rio experimental em assessoria de imprensa<\/p>\n<p><a href=\"https:\/\/wp.ufpel.edu.br\/marteagencia\/\">Site<\/a><\/p>\n<p>A Educomunica\u00e7\u00e3o no Desenvolvimento de Podcasts<\/p>\n<p><a href=\"https:\/\/www.instagram.com\/educomunicfoco\/?utm_medium=copy_link\">Instagram<\/a><\/p>\n<h5>Coordenador: Prof\u00ba Ricardo Zimmermann Fiegenbaum<\/h5>\n<p>Federal em Campo<\/p>\n<p>Ci\u00eancia em Si- Divulga\u00e7\u00e3o Cient\u00edfica<\/p>\n<h5>Coordenador: Prof\u00aa Silvia Porto Meirelles Leite<\/h5>\n<p>VeriFato:\u00a0 Educa\u00e7\u00e3o midi\u00e1tica e combate \u00e0 desinforma\u00e7\u00e3o na Educa\u00e7\u00e3o B\u00e1sica<\/p>\n<p><a href=\"https:\/\/www.instagram.com\/veri.fato\/?utm_medium=copy_link\">Instagram<\/a><\/p>\n<p>Guia de Fontes de Informa\u00e7\u00e3o Jornal\u00edsca Antirracista<\/p>\n","protected":false},"excerpt":{"rendered":"<p>Projetos de extens\u00e3o Coordenador: Prof\u00ba Carlos Andr\u00e9 Dominguez EmPauta Web &#8211; Ag\u00eancia de Not\u00edcias Online do Curso de Jornalismo da UFPel Site Coordenador: Prof. Eduardo Ritter Literatura, r\u00e1dio e jornalismo: produ\u00e7\u00e3o e apresenta\u00e7\u00e3o do programa Caf\u00e9 Liter\u00e1rio na R\u00e1dio Federal FM. Coordenador: Prof\u00aa Michele Negrini EmPauta TV\u00a0 Drops- Ag\u00eancia de Not\u00edcias do Curso de Jornalismo [&hellip;]<\/p>\n","protected":false},"author":911,"featured_media":0,"parent":470,"menu_order":3,"comment_status":"closed","ping_status":"closed","template":"","meta":{"jetpack_post_was_ever_published":false,"footnotes":""},"class_list":["post-575","page","type-page","status-publish","hentry"],"jetpack_sharing_enabled":true,"jetpack_shortlink":"https:\/\/wp.me\/P8UsaE-9h","_links":{"self":[{"href":"https:\/\/wp.ufpel.edu.br\/jornalismo\/wp-json\/wp\/v2\/pages\/575","targetHints":{"allow":["GET"]}}],"collection":[{"href":"https:\/\/wp.ufpel.edu.br\/jornalismo\/wp-json\/wp\/v2\/pages"}],"about":[{"href":"https:\/\/wp.ufpel.edu.br\/jornalismo\/wp-json\/wp\/v2\/types\/page"}],"author":[{"embeddable":true,"href":"https:\/\/wp.ufpel.edu.br\/jornalismo\/wp-json\/wp\/v2\/users\/911"}],"replies":[{"embeddable":true,"href":"https:\/\/wp.ufpel.edu.br\/jornalismo\/wp-json\/wp\/v2\/comments?post=575"}],"version-history":[{"count":5,"href":"https:\/\/wp.ufpel.edu.br\/jornalismo\/wp-json\/wp\/v2\/pages\/575\/revisions"}],"predecessor-version":[{"id":734,"href":"https:\/\/wp.ufpel.edu.br\/jornalismo\/wp-json\/wp\/v2\/pages\/575\/revisions\/734"}],"up":[{"embeddable":true,"href":"https:\/\/wp.ufpel.edu.br\/jornalismo\/wp-json\/wp\/v2\/pages\/470"}],"wp:attachment":[{"href":"https:\/\/wp.ufpel.edu.br\/jornalismo\/wp-json\/wp\/v2\/media?parent=575"}],"curies":[{"name":"wp","href":"https:\/\/api.w.org\/{rel}","templated":true}]}}