{"id":573,"date":"2019-11-12T17:10:24","date_gmt":"2019-11-12T20:10:24","guid":{"rendered":"https:\/\/wp.ufpel.edu.br\/jornalismo\/?page_id=573"},"modified":"2021-06-28T13:48:35","modified_gmt":"2021-06-28T16:48:35","slug":"pesquisa","status":"publish","type":"page","link":"https:\/\/wp.ufpel.edu.br\/jornalismo\/curso\/pesquisa\/","title":{"rendered":"Pesquisa"},"content":{"rendered":"<p>No \u00e2mbito da pesquisa, o corpo docente do curso elaborou a linha de pesquisa intitulada Estudos em Jornalismo, que foi aprovada e registrada na C\u00e2mara de Pesquisa do Centro de Letras e Comunica\u00e7\u00e3o. A linha de pesquisa Estudos em Jornalismo \u00e9 voltada para a reflex\u00e3o epistemol\u00f3gica acerca das pr\u00e1ticas jornal\u00edsticas, no contexto dos sistemas de produ\u00e7\u00e3o, de recep\u00e7\u00e3o e de circula\u00e7\u00e3o de informa\u00e7\u00f5es. Essa linha comporta estudos que abarcam rotinas produtivas; processos de produ\u00e7\u00e3o jornal\u00edstica; configura\u00e7\u00e3o do discurso jornal\u00edstico; g\u00eaneros e formatos; linguagens; usos e apropria\u00e7\u00f5es de produtos midi\u00e1ticos. Al\u00e9m disso, engloba discuss\u00f5es relacionadas ao jornalismo em suas diferentes interfaces e nas suas diversas formas de express\u00e3o.<\/p>\n<p>Saiba mais acessando o <a href=\"https:\/\/wp.ufpel.edu.br\/jornalismo\/files\/2015\/10\/PPC-Jornalismo-2017.pdf\">Projeto Pedag\u00f3gico do Curso de Jornalismo<\/a>.<\/p>\n<ul>\n<li>\n<h5><strong>Grupos de pesquisa<\/strong><\/h5>\n<\/li>\n<\/ul>\n<h5>Coordenador: Prof\u00aaMarislei da Silveira Ribeiro<\/h5>\n<p>EGSC &#8211; N\u00facleo de Estudos de G\u00eanero, Sexualidade e Comunica\u00e7\u00e3o<\/p>\n<p><a href=\"https:\/\/wp.ufpel.edu.br\/egsc\">Site<\/a><\/p>\n<h5>Coordenador: Prof\u00aa Raquel da Cunha Recuero<\/h5>\n<p>MIDIARS &#8211; M\u00eddia, Discurso e An\u00e1lise de Redes Sociais<\/p>\n<p><a href=\"https:\/\/wp.ufpel.edu.br\/midiars\/\">Site<\/a><\/p>\n<ul>\n<li>\n<h5><strong>Projetos de Pesquisa<\/strong><\/h5>\n<\/li>\n<\/ul>\n<h5>Coordenador: Prof. F\u00e1bio Cruz<\/h5>\n<p>Cultura da M\u00eddia, Rock e Recep\u00e7\u00e3o<\/p>\n<p>Estudos da Cultura da M\u00eddia e Direitos Humanos<\/p>\n<h5>Coordenadora: Prof\u00aa Marislei Ribeiro<\/h5>\n<p>EGSC: N\u00facleo de estudos em G\u00eanero, Sexualidade e Comunica\u00e7\u00e3o<\/p>\n<p><a href=\"https:\/\/wp.ufpel.edu.br\/egsc\">Site<\/a><\/p>\n<h5>Coordenadora: Prof\u00aa Michele Negrini<\/h5>\n<p>Audiodescri\u00e7\u00e3o a partir dos estudos culturais<\/p>\n<h5>Coordenadora: Prof\u00aa Raquel da Cunha Recuero<\/h5>\n<p>MIDIARS Unificado:<\/p>\n<p>Filtros-Bolha e Circula\u00e7\u00e3o de Informa\u00e7\u00f5es na M\u00eddia Social (UFPEL)<\/p>\n<p>Desinforma\u00e7\u00e3o, viol\u00eancia e m\u00eddia social (UFPEL\/RyersonUniversity &#8211; Canad\u00e1)<\/p>\n<p>Visual Misinformation in Global Perspective: Platforms, Devices, andUsers &#8211; (em coopera\u00e7\u00e3o com um conglomerado internacional de pesquisa liderado pela Loughborough University no UK e apoio do Facebook Grant Awards)<\/p>\n<p>Desinforma\u00e7\u00e3o e Cidadania na M\u00eddia Social: Como combater as campanhas de &#8216;fake news&#8217;? (em coopera\u00e7\u00e3o com a UFRGS e apoio do edital 06\/2018 da FAPERGS)<\/p>\n<p>Social Media Analytics for Society and Crisis Communication (em coopera\u00e7\u00e3o com a Unisinos e o RISE PROJECT) &#8211; conglomerado de universidades e colaboradores.<\/p>\n<p><a href=\"https:\/\/wp.ufpel.edu.br\/midiars\/\">\u00a0Site<\/a><\/p>\n<h5>Coordenador: Prof. Ricardo Zimmermann Fiegenbaum<\/h5>\n<p>Discursos e Pr\u00e1ticas Educativas das Emissoras de R\u00e1dio das Universidades Federais do Rio Grande do Sul<\/p>\n<h5>Coordenador: Prof\u00aa Silvia Porto Meirelles Leite<\/h5>\n<p>Par\u00e2metros para o uso de fontes jornal\u00edsticas do Ciberespa\u00e7o<\/p>\n<p>&nbsp;<\/p>\n","protected":false},"excerpt":{"rendered":"<p>No \u00e2mbito da pesquisa, o corpo docente do curso elaborou a linha de pesquisa intitulada Estudos em Jornalismo, que foi aprovada e registrada na C\u00e2mara de Pesquisa do Centro de Letras e Comunica\u00e7\u00e3o. A linha de pesquisa Estudos em Jornalismo \u00e9 voltada para a reflex\u00e3o epistemol\u00f3gica acerca das pr\u00e1ticas jornal\u00edsticas, no contexto dos sistemas de [&hellip;]<\/p>\n","protected":false},"author":911,"featured_media":0,"parent":470,"menu_order":2,"comment_status":"closed","ping_status":"closed","template":"","meta":{"jetpack_post_was_ever_published":false,"footnotes":""},"class_list":["post-573","page","type-page","status-publish","hentry"],"jetpack_sharing_enabled":true,"jetpack_shortlink":"https:\/\/wp.me\/P8UsaE-9f","_links":{"self":[{"href":"https:\/\/wp.ufpel.edu.br\/jornalismo\/wp-json\/wp\/v2\/pages\/573","targetHints":{"allow":["GET"]}}],"collection":[{"href":"https:\/\/wp.ufpel.edu.br\/jornalismo\/wp-json\/wp\/v2\/pages"}],"about":[{"href":"https:\/\/wp.ufpel.edu.br\/jornalismo\/wp-json\/wp\/v2\/types\/page"}],"author":[{"embeddable":true,"href":"https:\/\/wp.ufpel.edu.br\/jornalismo\/wp-json\/wp\/v2\/users\/911"}],"replies":[{"embeddable":true,"href":"https:\/\/wp.ufpel.edu.br\/jornalismo\/wp-json\/wp\/v2\/comments?post=573"}],"version-history":[{"count":7,"href":"https:\/\/wp.ufpel.edu.br\/jornalismo\/wp-json\/wp\/v2\/pages\/573\/revisions"}],"predecessor-version":[{"id":736,"href":"https:\/\/wp.ufpel.edu.br\/jornalismo\/wp-json\/wp\/v2\/pages\/573\/revisions\/736"}],"up":[{"embeddable":true,"href":"https:\/\/wp.ufpel.edu.br\/jornalismo\/wp-json\/wp\/v2\/pages\/470"}],"wp:attachment":[{"href":"https:\/\/wp.ufpel.edu.br\/jornalismo\/wp-json\/wp\/v2\/media?parent=573"}],"curies":[{"name":"wp","href":"https:\/\/api.w.org\/{rel}","templated":true}]}}