{"id":572,"date":"2019-11-12T17:09:36","date_gmt":"2019-11-12T20:09:36","guid":{"rendered":"https:\/\/wp.ufpel.edu.br\/jornalismo\/?page_id=572"},"modified":"2024-06-14T17:04:02","modified_gmt":"2024-06-14T20:04:02","slug":"ensino","status":"publish","type":"page","link":"https:\/\/wp.ufpel.edu.br\/jornalismo\/curso\/ensino\/","title":{"rendered":"Ensino"},"content":{"rendered":"<h5>Sobre o curso de Bacharelado em Jornalismo UFPEL<\/h5>\n<p style=\"text-align: justify;\">Durante o per\u00edodo de estudo na bacharelado em Jornalismo, os<br \/>\nestudantes s\u00e3o imersos desde os primeiros semestres em uma s\u00e9rie de<br \/>\nexperi\u00eancias pr\u00e1ticas, visando o desenvolvimento de habilidades essenciais<br \/>\npara a cria\u00e7\u00e3o de narrativas em variados formatos e linguagens. Essa forma\u00e7\u00e3o<br \/>\nocorre integralmente no ambiente universit\u00e1rio, por interm\u00e9dio de ambientes<br \/>\nde aprendizado especialmente concebidos para a execu\u00e7\u00e3o de atividades de<br \/>\nensino, pesquisa e extens\u00e3o.<\/p>\n<p style=\"text-align: justify;\">\nAdemais, um dos prop\u00f3sitos centrais do programa educacional \u00e9 a<br \/>\nprepara\u00e7\u00e3o de indiv\u00edduos aptos a exercerem a profiss\u00e3o de comunica\u00e7\u00e3o com<br \/>\numa abordagem pautada em princ\u00edpios \u00e9ticos, human\u00edsticos, hist\u00f3ricos e<br \/>\nanal\u00edticos. Este enfoque \u00e9 combinado com a capacita\u00e7\u00e3o para se adequar \u00e0s<br \/>\ndemandas do mercado de trabalho, mantendo-se atualizado com as tend\u00eancias<br \/>\nsociais que moldam a realidade nacional e internacional. Essa adapta\u00e7\u00e3o \u00e9<br \/>\nenriquecida pelo emprego das inova\u00e7\u00f5es tecnol\u00f3gicas emergentes.<br \/>\nPara obter informa\u00e7\u00f5es mais detalhadas, \u00e9 poss\u00edvel consultar o Projeto<br \/>\nPedag\u00f3gico do Curso (PPC) na sua totalidade por meio do link: <span style=\"font-weight: 400;\"><a href=\"https:\/\/wp.ufpel.edu.br\/jornalismo\/files\/2019\/11\/Projeto-Pedag\u00f3gico-Jornalismo-UFPEL-2017.pdf\">Projeto Pedag\u00f3gico &#8211; Jornalismo UFPEL (2017)<\/a><\/span><\/p>\n<h5><b>Estrutura do curso<\/b><\/h5>\n<p style=\"text-align: justify;\">Aprofunde sua compreens\u00e3o do programa acessando a se\u00e7\u00e3o dedicada ao<br \/>\ncurso de Jornalismo no portal institucional da Universidade Federal de Pelotas<br \/>\n(UFPel), dispon\u00edvel no seguinte <a href=\"https:\/\/institucional.ufpel.edu.br\/cursos\/cod\/3690\">link<\/a>. L\u00e1, voc\u00ea poder\u00e1 explorar informa\u00e7\u00f5es adicionais sobre a estrutura curricular, corpo docente, recursos de aprendizado, oportunidades de est\u00e1gio e outros aspectos pertinentes ao curso. Isso permitir\u00e1 que voc\u00ea tenha uma vis\u00e3o abrangente das possibilidades educacionais e profissionais proporcionadas por essa licenciatura.<\/p>\n<h5>Conhe\u00e7a a grade curricular do curso<\/h5>\n<p>N\u00e3o deixe de consultar a tabela completa de componentes curriculares do curso<br \/>\nde Jornalismo, a qual est\u00e1 dispon\u00edvel para sua an\u00e1lise no <a href=\"https:\/\/wp.ufpel.edu.br\/jornalismo\/files\/2011\/11\/Tabela-Componentes-Curriculares-Jornalismo.pdf\">link<\/a>. Nesse arquivo, voc\u00ea encontrar\u00e1 uma listagem das disciplinas obrigat\u00f3rias que comp\u00f5em o programa, bem como suas descri\u00e7\u00f5es e cargas hor\u00e1rias correspondentes.<\/p>\n<p>Al\u00e9m disso, para facilitar sua compreens\u00e3o, recomendamos tamb\u00e9m a<br \/>\nvisualiza\u00e7\u00e3o do infogr\u00e1fico abaixo. Nele, voc\u00ea ter\u00e1 acesso \u00e0s disciplinas<br \/>\nrecomendadas para cada semestre, proporcionando uma vis\u00e3o cronol\u00f3gica das<br \/>\nmat\u00e9rias que ser\u00e3o abordadas ao longo do curso. Essa abordagem visual contribuir\u00e1 para que voc\u00ea planeje seu progresso acad\u00eamico de forma mais eficaz e esteja ciente das disciplinas espec\u00edficas em cada fase do programa.<\/p>\n<p>Veja as disciplinas indicadas para cada semestre no infogr\u00e1fico abaixo:<\/p>\n<div id=\"attachment_638\" style=\"width: 670px\" class=\"wp-caption aligncenter\"><a href=\"https:\/\/wp.ufpel.edu.br\/jornalismo\/files\/2019\/11\/COMPONENTES-CURRICULARES-JORNALISMO-UFPEL.png\"><img loading=\"lazy\" decoding=\"async\" aria-describedby=\"caption-attachment-638\" class=\" wp-image-638\" src=\"https:\/\/wp.ufpel.edu.br\/jornalismo\/files\/2019\/11\/COMPONENTES-CURRICULARES-JORNALISMO-UFPEL-300x199.png\" alt=\"A imagem mostra um infogr\u00e1fico com todos o semestres do curso e as disciplinas recomendadas para cada semestre. As mesmas informa\u00e7\u00f5es est\u00e3o no arquivo abaixo.\" width=\"660\" height=\"438\" srcset=\"https:\/\/wp.ufpel.edu.br\/jornalismo\/files\/2019\/11\/COMPONENTES-CURRICULARES-JORNALISMO-UFPEL-300x199.png 300w, https:\/\/wp.ufpel.edu.br\/jornalismo\/files\/2019\/11\/COMPONENTES-CURRICULARES-JORNALISMO-UFPEL-768x510.png 768w, https:\/\/wp.ufpel.edu.br\/jornalismo\/files\/2019\/11\/COMPONENTES-CURRICULARES-JORNALISMO-UFPEL-1024x679.png 1024w, https:\/\/wp.ufpel.edu.br\/jornalismo\/files\/2019\/11\/COMPONENTES-CURRICULARES-JORNALISMO-UFPEL-816x541.png 816w\" sizes=\"auto, (max-width: 660px) 100vw, 660px\" \/><\/a><p id=\"caption-attachment-638\" class=\"wp-caption-text\">Arte: Helena Schuster<\/p><\/div>\n<p>Para mais informa\u00e7\u00f5es sobre as disciplinas, acesse o PPC do curso <a href=\"https:\/\/wp.ufpel.edu.br\/jornalismo\/files\/2015\/10\/PPC-Jornalismo-2017.pdf\">aqui<\/a>.<\/p>\n<ul>\n<li>\n<h5><b>Disciplinas no site<\/b><\/h5>\n<\/li>\n<\/ul>\n<p>Acesse a matriz curricular com os c\u00f3digos das disciplinas e suas ementas <a href=\"https:\/\/institucional.ufpel.edu.br\/cursos\/cod\/3690#curriculo\">aqui\u00a0<\/a><\/p>\n<ul>\n<li>\n<h5>Projetos de Ensino<\/h5>\n<\/li>\n<\/ul>\n<h5>Coordenador: Prof\u00aa Silvia Porto Meirelles Leite<\/h5>\n<p>Uso jornal\u00edstico de fontes de informa\u00e7\u00e3o do ciberespa\u00e7o.<\/p>\n<h5>Coordenador: Prof\u00aaMarislei da Silveira Ribeiro<\/h5>\n<p>Estrat\u00e9gias em Assessoria de Imprensa para Empresas P\u00fablicas e Privadas- Manuten\u00e7\u00e3o e Ruputa\u00e7\u00e3o da Imagem entra o digital e a \u00e9tica.<\/p>\n<p>&nbsp;<\/p>\n","protected":false},"excerpt":{"rendered":"<p>Sobre o curso de Bacharelado em Jornalismo UFPEL Durante o per\u00edodo de estudo na bacharelado em Jornalismo, os estudantes s\u00e3o imersos desde os primeiros semestres em uma s\u00e9rie de experi\u00eancias pr\u00e1ticas, visando o desenvolvimento de habilidades essenciais para a cria\u00e7\u00e3o de narrativas em variados formatos e linguagens. Essa forma\u00e7\u00e3o ocorre integralmente no ambiente universit\u00e1rio, por [&hellip;]<\/p>\n","protected":false},"author":911,"featured_media":0,"parent":470,"menu_order":1,"comment_status":"closed","ping_status":"closed","template":"","meta":{"jetpack_post_was_ever_published":false,"footnotes":""},"class_list":["post-572","page","type-page","status-publish","hentry"],"jetpack_sharing_enabled":true,"jetpack_shortlink":"https:\/\/wp.me\/P8UsaE-9e","_links":{"self":[{"href":"https:\/\/wp.ufpel.edu.br\/jornalismo\/wp-json\/wp\/v2\/pages\/572","targetHints":{"allow":["GET"]}}],"collection":[{"href":"https:\/\/wp.ufpel.edu.br\/jornalismo\/wp-json\/wp\/v2\/pages"}],"about":[{"href":"https:\/\/wp.ufpel.edu.br\/jornalismo\/wp-json\/wp\/v2\/types\/page"}],"author":[{"embeddable":true,"href":"https:\/\/wp.ufpel.edu.br\/jornalismo\/wp-json\/wp\/v2\/users\/911"}],"replies":[{"embeddable":true,"href":"https:\/\/wp.ufpel.edu.br\/jornalismo\/wp-json\/wp\/v2\/comments?post=572"}],"version-history":[{"count":10,"href":"https:\/\/wp.ufpel.edu.br\/jornalismo\/wp-json\/wp\/v2\/pages\/572\/revisions"}],"predecessor-version":[{"id":927,"href":"https:\/\/wp.ufpel.edu.br\/jornalismo\/wp-json\/wp\/v2\/pages\/572\/revisions\/927"}],"up":[{"embeddable":true,"href":"https:\/\/wp.ufpel.edu.br\/jornalismo\/wp-json\/wp\/v2\/pages\/470"}],"wp:attachment":[{"href":"https:\/\/wp.ufpel.edu.br\/jornalismo\/wp-json\/wp\/v2\/media?parent=572"}],"curies":[{"name":"wp","href":"https:\/\/api.w.org\/{rel}","templated":true}]}}