{"id":527,"date":"2019-11-05T21:50:13","date_gmt":"2019-11-06T00:50:13","guid":{"rendered":"https:\/\/wp.ufpel.edu.br\/jornalismo\/?page_id=527"},"modified":"2019-11-19T22:08:22","modified_gmt":"2019-11-20T01:08:22","slug":"coletivo-tim-lopes","status":"publish","type":"page","link":"https:\/\/wp.ufpel.edu.br\/jornalismo\/coletivo-tim-lopes\/","title":{"rendered":"Coletivo Tim Lopes"},"content":{"rendered":"<div><\/div>\n<div>Arte: Rui J\u00fanior<br \/>\nFotos: Joanna Manhago<\/div>\n<p>&nbsp;<\/p>\n<p><span style=\"font-weight: 400\">Pensando em quebrar um sistema baseado em um racismo estrutural, os acad\u00eamicos do curso de Jornalismo da UFPel buscam, atrav\u00e9s do Coletivo Negro Tim Lopes, um espa\u00e7o para expressar pautas da popula\u00e7\u00e3o negra e aumentar a representatividade em espa\u00e7os acad\u00eamicos e midi\u00e1ticos. Sendo assim, o coletivo firma o compromisso de colocar o negro em primeiro plano no mercado de trabalho, no meio midi\u00e1tico e na sociedade em geral.<\/span><\/p>\n<p><span style=\"font-weight: 400\">Acesse o <a href=\"https:\/\/www.instagram.com\/coletivotimlopes\/\">Instagram<\/a> do Coletivo.<\/span><\/p>\n","protected":false},"excerpt":{"rendered":"<p>Arte: Rui J\u00fanior Fotos: Joanna Manhago &nbsp; Pensando em quebrar um sistema baseado em um racismo estrutural, os acad\u00eamicos do curso de Jornalismo da UFPel buscam, atrav\u00e9s do Coletivo Negro Tim Lopes, um espa\u00e7o para expressar pautas da popula\u00e7\u00e3o negra e aumentar a representatividade em espa\u00e7os acad\u00eamicos e midi\u00e1ticos. Sendo assim, o coletivo firma o [&hellip;]<\/p>\n","protected":false},"author":911,"featured_media":0,"parent":0,"menu_order":6,"comment_status":"closed","ping_status":"closed","template":"","meta":{"jetpack_post_was_ever_published":false,"footnotes":""},"class_list":["post-527","page","type-page","status-publish","hentry"],"jetpack_sharing_enabled":true,"jetpack_shortlink":"https:\/\/wp.me\/P8UsaE-8v","_links":{"self":[{"href":"https:\/\/wp.ufpel.edu.br\/jornalismo\/wp-json\/wp\/v2\/pages\/527","targetHints":{"allow":["GET"]}}],"collection":[{"href":"https:\/\/wp.ufpel.edu.br\/jornalismo\/wp-json\/wp\/v2\/pages"}],"about":[{"href":"https:\/\/wp.ufpel.edu.br\/jornalismo\/wp-json\/wp\/v2\/types\/page"}],"author":[{"embeddable":true,"href":"https:\/\/wp.ufpel.edu.br\/jornalismo\/wp-json\/wp\/v2\/users\/911"}],"replies":[{"embeddable":true,"href":"https:\/\/wp.ufpel.edu.br\/jornalismo\/wp-json\/wp\/v2\/comments?post=527"}],"version-history":[{"count":9,"href":"https:\/\/wp.ufpel.edu.br\/jornalismo\/wp-json\/wp\/v2\/pages\/527\/revisions"}],"predecessor-version":[{"id":681,"href":"https:\/\/wp.ufpel.edu.br\/jornalismo\/wp-json\/wp\/v2\/pages\/527\/revisions\/681"}],"wp:attachment":[{"href":"https:\/\/wp.ufpel.edu.br\/jornalismo\/wp-json\/wp\/v2\/media?parent=527"}],"curies":[{"name":"wp","href":"https:\/\/api.w.org\/{rel}","templated":true}]}}