{"id":517,"date":"2019-11-02T17:47:50","date_gmt":"2019-11-02T20:47:50","guid":{"rendered":"https:\/\/wp.ufpel.edu.br\/jornalismo\/?page_id=517"},"modified":"2019-11-18T14:35:21","modified_gmt":"2019-11-18T17:35:21","slug":"laboratorios","status":"publish","type":"page","link":"https:\/\/wp.ufpel.edu.br\/jornalismo\/laboratorios\/","title":{"rendered":"Laborat\u00f3rios"},"content":{"rendered":"<div><\/div>\n<h5><\/h5>\n<h5><strong>Laborat\u00f3rio de Webjornalismo<\/strong><\/h5>\n<p>O Laborat\u00f3rio de Webjornalismo \u00e9 localizado no andar t\u00e9rreo do Campus Porto \/ Anglo, pr\u00f3ximo aos Est\u00fadios de TV e R\u00e1dio. Nele s\u00e3o realizadas reuni\u00f5es de grupos de pesquisa e atividades pr\u00e1ticas de algumas disciplinas.<\/p>\n<h5><strong>Laborat\u00f3rio de Edi\u00e7\u00e3o Audiovisual<\/strong><\/h5>\n<p>Localizado na sala 108, o Laborat\u00f3rio de Edi\u00e7\u00e3o Audiovisual possui computadores e equipamentos para captura de \u00e1udio e v\u00eddeo para utiliza\u00e7\u00e3o de alunos e\u00a0 professores, com suporte dos t\u00e9cnicos da equipe. Os equipamentos mantidos pelo Laborat\u00f3rio s\u00e3o c\u00e2meras fotogr\u00e1ficas, c\u00e2meras de v\u00eddeo, refletores de luz e trip\u00e9s, que s\u00e3o usados nas disciplinas de Fotojornalismo e Telejornalismo, dentre outras, e tamb\u00e9m em projetos de extens\u00e3o.<\/p>\n<p>Os alunos podem realizar empr\u00e9stimos de parte deste acervo para a produ\u00e7\u00e3o de<br \/>\ntrabalhos acad\u00eamicos fora do hor\u00e1rio da aula. Para contato com a equipe do laborat\u00f3rio, pode ser enviado um e-mail para jornalismoagenda@gmail.com.<\/p>\n<p><strong>Equipe:<\/strong><br \/>\n<strong>T\u00e9cnicos-administrativos em Educa\u00e7\u00e3o<\/strong><br \/>\nAssistente de Som: Bruno da Silva Anana<br \/>\nEditor de Imagens: Gustavo Severo Dalla Costa<br \/>\nOperador de C\u00e2mera de Cinema e TV: Felipe Estrela Campal<br \/>\nT\u00e9cnico em Audiovisual: Vladimir Beskow Vargas<\/p>\n<h5><strong>Est\u00fadios de Web TV e R\u00e1dio<\/strong><\/h5>\n<p>Os est\u00fadios de Web Televis\u00e3o e R\u00e1dio do curso est\u00e3o localizados em um complexo de salas no andar t\u00e9rreo do Campus Porto \/ Anglo. No local s\u00e3o realizadas atividades pr\u00e1ticas das aulas de Telejornalismo, por exemplo.<\/p>\n<p>Neste complexo de salas est\u00e3o localizados tamb\u00e9m o MIDIARS (Grupo de Pesquisa em M\u00eddia, Discurso e An\u00e1lise de Redes Sociais) e a Marte Ag\u00eancia de Conte\u00fado (ag\u00eancia experimental).<\/p>\n<h5><strong>R\u00e1dio Federal FM<\/strong><\/h5>\n<p>A R\u00e1dio Federal FM 107.9MHz \u00e9 uma emissora p\u00fablica e educativa da Universidade Federal de Pelotas. Veicula uma programa\u00e7\u00e3o musical ecl\u00e9tica, que abrange diversos estilos musicais, combinada com not\u00edcias e informa\u00e7\u00e3o produzida por servidores da emissora e acad\u00eamicos do curso de Jornalismo, e promove a democratiza\u00e7\u00e3o do acesso \u00e0 informa\u00e7\u00e3o de interesse social e comunit\u00e1rio por meio do r\u00e1dio.<\/p>\n<p>A Federal FM \u00e9 sede das aulas pr\u00e1ticas de r\u00e1dio, al\u00e9m de permitir a participa\u00e7\u00e3o dos alunos na programa\u00e7\u00e3o. A r\u00e1dio \u00e9 localizada no centro da cidade, no Lyceu Riograndense, pr\u00f3ximo ao Centro de Integra\u00e7\u00e3o do Mercosul.<\/p>\n<p>Acesse <a href=\"https:\/\/www.google.com\/maps\/d\/viewer?msa=0&amp;mid=1htxrSv9gjaq7MtlMhKs6bdYlHXk&amp;ll=-31.77172505387581%2C-52.371147250000035&amp;z=13\">aqui<\/a> o mapa de todos os pr\u00e9dios da UFPel.<\/p>\n","protected":false},"excerpt":{"rendered":"<p>Laborat\u00f3rio de Webjornalismo O Laborat\u00f3rio de Webjornalismo \u00e9 localizado no andar t\u00e9rreo do Campus Porto \/ Anglo, pr\u00f3ximo aos Est\u00fadios de TV e R\u00e1dio. Nele s\u00e3o realizadas reuni\u00f5es de grupos de pesquisa e atividades pr\u00e1ticas de algumas disciplinas. Laborat\u00f3rio de Edi\u00e7\u00e3o Audiovisual Localizado na sala 108, o Laborat\u00f3rio de Edi\u00e7\u00e3o Audiovisual possui computadores e equipamentos [&hellip;]<\/p>\n","protected":false},"author":911,"featured_media":0,"parent":0,"menu_order":3,"comment_status":"closed","ping_status":"closed","template":"","meta":{"jetpack_post_was_ever_published":false,"footnotes":""},"class_list":["post-517","page","type-page","status-publish","hentry"],"jetpack_sharing_enabled":true,"jetpack_shortlink":"https:\/\/wp.me\/P8UsaE-8l","_links":{"self":[{"href":"https:\/\/wp.ufpel.edu.br\/jornalismo\/wp-json\/wp\/v2\/pages\/517","targetHints":{"allow":["GET"]}}],"collection":[{"href":"https:\/\/wp.ufpel.edu.br\/jornalismo\/wp-json\/wp\/v2\/pages"}],"about":[{"href":"https:\/\/wp.ufpel.edu.br\/jornalismo\/wp-json\/wp\/v2\/types\/page"}],"author":[{"embeddable":true,"href":"https:\/\/wp.ufpel.edu.br\/jornalismo\/wp-json\/wp\/v2\/users\/911"}],"replies":[{"embeddable":true,"href":"https:\/\/wp.ufpel.edu.br\/jornalismo\/wp-json\/wp\/v2\/comments?post=517"}],"version-history":[{"count":9,"href":"https:\/\/wp.ufpel.edu.br\/jornalismo\/wp-json\/wp\/v2\/pages\/517\/revisions"}],"predecessor-version":[{"id":670,"href":"https:\/\/wp.ufpel.edu.br\/jornalismo\/wp-json\/wp\/v2\/pages\/517\/revisions\/670"}],"wp:attachment":[{"href":"https:\/\/wp.ufpel.edu.br\/jornalismo\/wp-json\/wp\/v2\/media?parent=517"}],"curies":[{"name":"wp","href":"https:\/\/api.w.org\/{rel}","templated":true}]}}