{"id":513,"date":"2019-11-02T17:06:29","date_gmt":"2019-11-02T20:06:29","guid":{"rendered":"https:\/\/wp.ufpel.edu.br\/jornalismo\/?page_id=513"},"modified":"2021-08-17T21:21:47","modified_gmt":"2021-08-18T00:21:47","slug":"corpo-docente","status":"publish","type":"page","link":"https:\/\/wp.ufpel.edu.br\/jornalismo\/corpo-docente\/","title":{"rendered":"Docentes"},"content":{"rendered":"<h5><b>Carlos Andr\u00e9 Dominguez\u00a0<\/b><\/h5>\n<p><a href=\"https:\/\/wp.ufpel.edu.br\/jornalismo\/files\/2021\/07\/image.png\"><img loading=\"lazy\" decoding=\"async\" class=\"alignnone size-thumbnail wp-image-746\" src=\"https:\/\/wp.ufpel.edu.br\/jornalismo\/files\/2021\/07\/image-150x150.png\" alt=\"\" width=\"150\" height=\"150\" srcset=\"https:\/\/wp.ufpel.edu.br\/jornalismo\/files\/2021\/07\/image-150x150.png 150w, https:\/\/wp.ufpel.edu.br\/jornalismo\/files\/2021\/07\/image-300x300.png 300w, https:\/\/wp.ufpel.edu.br\/jornalismo\/files\/2021\/07\/image-88x88.png 88w, https:\/\/wp.ufpel.edu.br\/jornalismo\/files\/2021\/07\/image.png 768w\" sizes=\"auto, (max-width: 150px) 100vw, 150px\" \/><\/a><\/p>\n<p><span style=\"font-weight: 400\">cadredominguez@gmail.com<\/span><\/p>\n<p><span style=\"font-weight: 400\">Doutor em Comunica\u00e7\u00e3o e Informa\u00e7\u00e3o pela Universidade Federal do Rio Grande do Sul (UFRGS), com mestrado em Comunica\u00e7\u00e3o e Cultura pela Universidade Federal do Rio de Janeiro (UFRJ). Especialista em Comunica\u00e7\u00e3o e Sa\u00fade pela Escola Nacional de Sa\u00fade P\u00fablica S\u00e9rgio Arouca (ENSP) da FioCruz. Coordenador Adjunto do curso de Jornalismo da UFPel.\u00a0<\/span><\/p>\n<p><span style=\"font-weight: 400\">Vencedor do Pr\u00eamio Jos\u00e9 Lutzemberg de Jornalismo Ambiental, em 2014, e duas vezes campe\u00e3o do Pr\u00eamio Fepam de Jornalismo Ambiental. J\u00e1 foi Editor de pol\u00edtica do jornal Zero Hora, nas reda\u00e7\u00f5es de Blumenau (SC) e Santa Maria (RS).\u00a0<\/span><\/p>\n<p><span style=\"font-weight: 400\">Atual coordenador da Ag\u00eancia de Not\u00edcias Em Pauta Web. Projeto de extens\u00e3o voltado a produ\u00e7\u00e3o de conte\u00fado web com foco na comunidade acad\u00eamica da UFPel e acontecimentos de Pelotas e regi\u00e3o, funcionando como um laborat\u00f3rio voltado para atender as demandas e necessidades que as comunidades exclu\u00eddas da m\u00eddia comercial possuem.<\/span><\/p>\n<p><a href=\"http:\/\/lattes.cnpq.br\/0435716779552191\"><span style=\"font-weight: 400\">Curr\u00edculo Lattes<\/span><\/a><\/p>\n<h5><b>Eduardo Ritter\u00a0<\/b><\/h5>\n<p><a href=\"https:\/\/wp.ufpel.edu.br\/jornalismo\/files\/2021\/06\/IMG_6494-scaled.jpg\"><img loading=\"lazy\" decoding=\"async\" class=\"alignnone size-thumbnail wp-image-739\" src=\"https:\/\/wp.ufpel.edu.br\/jornalismo\/files\/2021\/06\/IMG_6494-150x150.jpg\" alt=\"\" width=\"150\" height=\"150\" srcset=\"https:\/\/wp.ufpel.edu.br\/jornalismo\/files\/2021\/06\/IMG_6494-150x150.jpg 150w, https:\/\/wp.ufpel.edu.br\/jornalismo\/files\/2021\/06\/IMG_6494-88x88.jpg 88w\" sizes=\"auto, (max-width: 150px) 100vw, 150px\" \/><\/a><\/p>\n<p><span style=\"font-weight: 400\">rittergaucho@hotmail.com<\/span><\/p>\n<p><span style=\"font-weight: 400\">Doutor e mestre em Comunica\u00e7\u00e3o Social pela Pontif\u00edcia Universidade Cat\u00f3lica do Rio Grande do Sul, com est\u00e1gio doutoral de um ano pelo Programa de Doutorado Sandu\u00edche no Exterior (PDSE) da Capes na New York University (NYU) em Nova Iorque (Estados Unidos).\u00a0<\/span><\/p>\n<p><span style=\"font-weight: 400\">\u00c9 autor dos livros \u201cJornalismo Gonzo: medo, del\u00edrio, mentiras sinceras e outras verdades\u201d e \u201cA tribo jornal\u00edstica de Erico Verissimo\u201d. J\u00e1 foi professor na UFSM e Unipampa e atuou em ve\u00edculos de comunica\u00e7\u00e3o do Rio Grande do Sul, tais como R\u00e1dio Ga\u00facha de Porto Alegre e Ag\u00eancia RSCOM da Serra Ga\u00facha, al\u00e9m de jornais impressos do interior.<\/span><\/p>\n<p><a href=\"http:\/\/lattes.cnpq.br\/9598143708104571\"><span style=\"font-weight: 400\">Curr\u00edculo Lattes<\/span><\/a><\/p>\n<h5><b>F\u00e1bio Cruz\u00a0<\/b><\/h5>\n<p><a href=\"https:\/\/wp.ufpel.edu.br\/jornalismo\/files\/2021\/06\/IMG_1208-scaled.jpg\"><img loading=\"lazy\" decoding=\"async\" class=\"alignnone size-thumbnail wp-image-740\" src=\"https:\/\/wp.ufpel.edu.br\/jornalismo\/files\/2021\/06\/IMG_1208-150x150.jpg\" alt=\"\" width=\"150\" height=\"150\" srcset=\"https:\/\/wp.ufpel.edu.br\/jornalismo\/files\/2021\/06\/IMG_1208-150x150.jpg 150w, https:\/\/wp.ufpel.edu.br\/jornalismo\/files\/2021\/06\/IMG_1208-88x88.jpg 88w\" sizes=\"auto, (max-width: 150px) 100vw, 150px\" \/><\/a><\/p>\n<p><span style=\"font-weight: 400\">fabiosouzadacruz@gmail.com<\/span><\/p>\n<p><span style=\"font-weight: 400\">Doutor em Cultura midi\u00e1tica e Tecnologias do Imagin\u00e1rio pela Pontif\u00edcia Universidade Cat\u00f3lica do Rio Grande do Sul (PUC-RS), com p\u00f3s-doutorado em Direitos Humanos, M\u00eddia e Movimentos Sociais pela Universidade Pablo de Olavide, em Sevilha\/Espanha. Mestre em Comunica\u00e7\u00e3o e Pr\u00e1ticas S\u00f3cio-Pol\u00edticas pela PUC-RS. Atual coordenador do curso de Jornalismo da UFPel.\u00a0<\/span><\/p>\n<p><span style=\"font-weight: 400\">Autor do livro \u201cA cultura da m\u00eddia no Rio Grande do Sul: o caso MST e Jornal do Almo\u00e7o\u201d. Especialista em Teoria do Jornalismo e Comunica\u00e7\u00e3o de Massa pela PUC-RS.\u00a0<\/span><\/p>\n<p><span style=\"font-weight: 400\">Coordenador do projeto de pesquisa Cultura da m\u00eddia, rock e recep\u00e7\u00e3o, na qual aplica os estudos de recep\u00e7\u00e3o em reportagens exibidas na m\u00eddia tradicional brasileira sobre grupos de rock.\u00a0<\/span><\/p>\n<p><a href=\"http:\/\/lattes.cnpq.br\/9580732431981965\"><span style=\"font-weight: 400\">Curr\u00edculo Lattes<\/span><\/a><\/p>\n<h5><b>Gilmar Adolfo Hermes\u00a0<\/b><\/h5>\n<p><a href=\"https:\/\/wp.ufpel.edu.br\/jornalismo\/files\/2021\/06\/IMG_1192-scaled.jpg\"><img loading=\"lazy\" decoding=\"async\" class=\"alignnone size-thumbnail wp-image-741\" src=\"https:\/\/wp.ufpel.edu.br\/jornalismo\/files\/2021\/06\/IMG_1192-150x150.jpg\" alt=\"\" width=\"150\" height=\"150\" srcset=\"https:\/\/wp.ufpel.edu.br\/jornalismo\/files\/2021\/06\/IMG_1192-150x150.jpg 150w, https:\/\/wp.ufpel.edu.br\/jornalismo\/files\/2021\/06\/IMG_1192-88x88.jpg 88w\" sizes=\"auto, (max-width: 150px) 100vw, 150px\" \/><\/a><\/p>\n<p><span style=\"font-weight: 400\">ghermes@yahoo.com.br<\/span><\/p>\n<p><span style=\"font-weight: 400\">Doutor em Ci\u00eancias da Comunica\u00e7\u00e3o pela Universidade do Vale do Rio dos Sinos (Unisinos) e mestre em Artes Visuais pela Universidade Federal do Rio Grande do Sul. Experi\u00eancia docente com \u00eanfase nas \u00e1reas de Hist\u00f3ria da Arte e Semi\u00f3tica.<\/span><\/p>\n<p><span style=\"font-weight: 400\">J\u00e1 foi rep\u00f3rter e editor no Jornal NH, do Grupo Editorial Sinos, em Novo Hamburgo (RS).\u00a0<\/span><\/p>\n<p><span style=\"font-weight: 400\">Coordenador do projeto de extens\u00e3o Arte no Sul, site de not\u00edcias culturais. Tamb\u00e9m coordenador do projeto de pesquisa \u201cO universo de sentidos nos textos jornal\u00edsticos sobre cinema de Luiz Carlos Merten\u201d, onde trabalha os conceitos de semi\u00f3tica nos textos do cr\u00edtico de cinema Luiz Carlos Merten.<\/span><\/p>\n<p><a href=\"http:\/\/lattes.cnpq.br\/8599512241342306\"><span style=\"font-weight: 400\">Curr\u00edculo Lattes<\/span><\/a><\/p>\n<h5><b>Marislei da Silveira Ribeiro\u00a0<\/b><\/h5>\n<p><a href=\"https:\/\/wp.ufpel.edu.br\/jornalismo\/files\/2021\/06\/IMG_1265-scaled.jpg\"><img loading=\"lazy\" decoding=\"async\" class=\"alignnone size-thumbnail wp-image-742\" src=\"https:\/\/wp.ufpel.edu.br\/jornalismo\/files\/2021\/06\/IMG_1265-150x150.jpg\" alt=\"\" width=\"150\" height=\"150\" srcset=\"https:\/\/wp.ufpel.edu.br\/jornalismo\/files\/2021\/06\/IMG_1265-150x150.jpg 150w, https:\/\/wp.ufpel.edu.br\/jornalismo\/files\/2021\/06\/IMG_1265-88x88.jpg 88w\" sizes=\"auto, (max-width: 150px) 100vw, 150px\" \/><\/a><\/p>\n<p><span style=\"font-weight: 400\">marislei.ribeiro@cead.ufpel.edu.br<\/span><\/p>\n<p><span style=\"font-weight: 400\">Doutora em Comunica\u00e7\u00e3o Social pela Pontif\u00edcia Universidade Cat\u00f3lica do Rio Grande do Sul (PUC-RS), com p\u00f3s-doutorado em Estudos Culturais, G\u00eanero e Performance pelo Departamento em L\u00ednguas e Cultura da Universidade de Aveiro, em Portugal. Mestre em Comunica\u00e7\u00e3o Social pela PUC-RS na \u00e1rea de Concentra\u00e7\u00e3o em Comunica\u00e7\u00e3o e Poder nas Organiza\u00e7\u00f5es.\u00a0<\/span><\/p>\n<p><span style=\"font-weight: 400\">Professora orientadora da Marte Ag\u00eancia de Conte\u00fado. Pesquisadora l\u00edder do grupo de pesquisa do CNPQ na \u00e1rea de M\u00eddia e Representa\u00e7\u00e3o Feminina &#8211; Uma an\u00e1lise da M\u00eddia Televisiva dos pa\u00edses Brasil e Portugal. Pesquisadora da Funda\u00e7\u00e3o de Amparo \u00c0 Pesquisa do Estado do Rio Grande do Sul (FAPERGS) no Programa Institucional de Bolsas de Inicia\u00e7\u00e3o Cient\u00edfica.\u00a0<\/span><\/p>\n<p><span style=\"font-weight: 400\">Coordenadora do projeto de extens\u00e3o Inclus\u00e3o Digital e Promo\u00e7\u00e3o dos Direitos Sociais &#8211; Utiliza\u00e7\u00e3o da WebR\u00e1dio e WebTV para criar um ambiente interativo entre universidade e sociedade, aplicado na Associa\u00e7\u00e3o Escola Louis Braille. Pesquisadora l\u00edder do grupo de pesquisa G\u00eanero, Sexualidade e Comunica\u00e7\u00e3o.\u00a0<\/span><\/p>\n<p><a href=\"http:\/\/lattes.cnpq.br\/5207826249043969\"><span style=\"font-weight: 400\">Curr\u00edculo Lattes<\/span><\/a><\/p>\n<h5><b>Michele Negrini\u00a0<\/b><\/h5>\n<p><a href=\"https:\/\/wp.ufpel.edu.br\/jornalismo\/files\/2021\/06\/IMG_1235-scaled.jpg\"><img loading=\"lazy\" decoding=\"async\" class=\"alignnone size-thumbnail wp-image-743\" src=\"https:\/\/wp.ufpel.edu.br\/jornalismo\/files\/2021\/06\/IMG_1235-150x150.jpg\" alt=\"\" width=\"150\" height=\"150\" srcset=\"https:\/\/wp.ufpel.edu.br\/jornalismo\/files\/2021\/06\/IMG_1235-150x150.jpg 150w, https:\/\/wp.ufpel.edu.br\/jornalismo\/files\/2021\/06\/IMG_1235-88x88.jpg 88w\" sizes=\"auto, (max-width: 150px) 100vw, 150px\" \/><\/a><\/p>\n<p><span style=\"font-weight: 400\">mmnegrini@yahoo.com.br<\/span><\/p>\n<p><span style=\"font-weight: 400\">Doutora em Comunica\u00e7\u00e3o Social pela Pontif\u00edcia Universidade Cat\u00f3lica do Rio Grande do Sul (PUC-RS), com p\u00f3s-doutorado em Comunica\u00e7\u00e3o e Cultura Contempor\u00e2neas na Universidade Federal da Bahia (UFBA). Mestre em Comunica\u00e7\u00e3o e Informa\u00e7\u00e3o pela Universidade Federal do Rio Grande do Sul (UFRGS).\u00a0<\/span><\/p>\n<p><span style=\"font-weight: 400\">Pesquisadora do Grupo Interinstitucional de Pesquisa em Telejornalismo (UFSC); e integrante do Centro de Pesquisa em Estudos Culturais e Transforma\u00e7\u00f5es na Comunica\u00e7\u00e3o (TRACC). Professora orientadora do livro \u201cT\u00e9cnicas de entrevista jornal\u00edstica: Um manual da pr\u00e1tica na teoria\u201d.\u00a0<\/span><\/p>\n<p><span style=\"font-weight: 400\">Coordenadora do projeto de extens\u00e3o Em Pauta TV, laborat\u00f3rio televisivo da Universidade Federal de Pelotas, espa\u00e7o destinado ao aprendizado dos alunos em vista do telejornalismo e exposi\u00e7\u00e3o dos assuntos da universidade. Tamb\u00e9m coordenadora do projeto de pesquisa Audiodescri\u00e7\u00e3o a partir dos estudos culturais, na qual promove as rela\u00e7\u00f5es de identifica\u00e7\u00e3o das pessoas com defici\u00eancia visual com os telejornais, atrav\u00e9s da audiodescri\u00e7\u00e3o.\u00a0<\/span><\/p>\n<p><a href=\"http:\/\/lattes.cnpq.br\/9158823819923143\"><span style=\"font-weight: 400\">Curr\u00edculo Lattes<\/span><\/a><\/p>\n<h5><b>Raquel da Cunha Recuero<\/b><\/h5>\n<p><a href=\"https:\/\/wp.ufpel.edu.br\/jornalismo\/files\/2021\/07\/raquel-1.jpg\"><img loading=\"lazy\" decoding=\"async\" class=\"alignnone size-thumbnail wp-image-747\" src=\"https:\/\/wp.ufpel.edu.br\/jornalismo\/files\/2021\/07\/raquel-1-150x150.jpg\" alt=\"\" width=\"150\" height=\"150\" srcset=\"https:\/\/wp.ufpel.edu.br\/jornalismo\/files\/2021\/07\/raquel-1-150x150.jpg 150w, https:\/\/wp.ufpel.edu.br\/jornalismo\/files\/2021\/07\/raquel-1-300x300.jpg 300w, https:\/\/wp.ufpel.edu.br\/jornalismo\/files\/2021\/07\/raquel-1-1024x1024.jpg 1024w, https:\/\/wp.ufpel.edu.br\/jornalismo\/files\/2021\/07\/raquel-1-768x768.jpg 768w, https:\/\/wp.ufpel.edu.br\/jornalismo\/files\/2021\/07\/raquel-1-1536x1536.jpg 1536w, https:\/\/wp.ufpel.edu.br\/jornalismo\/files\/2021\/07\/raquel-1-88x88.jpg 88w, https:\/\/wp.ufpel.edu.br\/jornalismo\/files\/2021\/07\/raquel-1-816x816.jpg 816w, https:\/\/wp.ufpel.edu.br\/jornalismo\/files\/2021\/07\/raquel-1.jpg 1539w\" sizes=\"auto, (max-width: 150px) 100vw, 150px\" \/><\/a><\/p>\n<p><span style=\"font-weight: 400\">raquel@pontomidia.com.br<\/span><\/p>\n<p><span style=\"font-weight: 400\">Doutora em Comunica\u00e7\u00e3o e Informa\u00e7\u00e3o pela Universidade Federal do Rio Grande do Sul (UFRGS), com p\u00f3s-doutorado na \u00e1rea de Lingu\u00edstica, Letras e Artes pela RyersonUniversity, no Canad\u00e1. Mestre em Comunica\u00e7\u00e3o e Informa\u00e7\u00e3o pela UFRGS.\u00a0<\/span><\/p>\n<p><span style=\"font-weight: 400\">Autora dos livros: Blogs.com: Estudos sobre Blogs e Comunica\u00e7\u00e3o; A conversa\u00e7\u00e3o em Rede; M\u00e9todos de Pesquisa para a Internet, Redes Sociais na Internet; e An\u00e1lise de Redes para a M\u00eddia Social.\u00a0<\/span><\/p>\n<p><span style=\"font-weight: 400\">Coordenadora Grupo de Pesquisa em M\u00eddia, Discurso e An\u00e1lise de Redes Sociais (Midiars) e do projeto de pesquisa Filtros-Bolha e Circula\u00e7\u00e3o de Informa\u00e7\u00f5es na M\u00eddia Social. Tamb\u00e9m faz parte do Programa de P\u00f3s-Gradua\u00e7\u00e3o em Comunica\u00e7\u00e3o\/PPGCOM da UFRGS.\u00a0<\/span><\/p>\n<p><a href=\"http:\/\/lattes.cnpq.br\/7230106202961229\"><span style=\"font-weight: 400\">Curr\u00edculo Lattes<\/span><\/a><\/p>\n<h5><b>Ricardo Zimmermann Fiegenbaum<\/b><\/h5>\n<p><span style=\"font-weight: 400\">ricardozifi@gmail.com<\/span><\/p>\n<p><span style=\"font-weight: 400\">Doutor e Mestre em Ci\u00eancias da Comunica\u00e7\u00e3o pela Universidade do Vale do Rio dos Sinos (Unisinos). Atual coordenador da Coordena\u00e7\u00e3o de Comunica\u00e7\u00e3o Social (CCS\/UFPel).\u00a0<\/span><\/p>\n<p><span style=\"font-weight: 400\">Coordenador dos projetos de extens\u00e3o Federal em Campo, laborat\u00f3rio radiof\u00f4nico voltado \u00e0 cobertura dos jogos dos clubes de futebol de Pelotas, e Ci\u00eancia em Si &#8211; Divulga\u00e7\u00e3o Cient\u00edfica, programa de r\u00e1dio de entrevistas com pesquisadores da UFPel, ambos exibidos pela R\u00e1dio Federal FM 107,9.\u00a0<\/span><\/p>\n<p><span style=\"font-weight: 400\">Tamb\u00e9m \u00e9 coordenador do projeto de pesquisa Discursos e Pr\u00e1ticas Educativas das Emissoras de R\u00e1dio das Universidades Federais do Rio Grande do Sul.\u00a0<\/span><\/p>\n<p><a href=\"http:\/\/lattes.cnpq.br\/0796110821809086\"><span style=\"font-weight: 400\">Curr\u00edculo Lattes<\/span><\/a><\/p>\n<h5><b>Silvia Porto Meirelles Leite\u00a0\u00a0<\/b><\/h5>\n<p><a href=\"https:\/\/wp.ufpel.edu.br\/jornalismo\/files\/2021\/07\/Silvia-Porto-Meirelles-Leite-scaled.jpg\"><img loading=\"lazy\" decoding=\"async\" class=\"alignnone size-thumbnail wp-image-748\" src=\"https:\/\/wp.ufpel.edu.br\/jornalismo\/files\/2021\/07\/Silvia-Porto-Meirelles-Leite-150x150.jpg\" alt=\"\" width=\"150\" height=\"150\" srcset=\"https:\/\/wp.ufpel.edu.br\/jornalismo\/files\/2021\/07\/Silvia-Porto-Meirelles-Leite-150x150.jpg 150w, https:\/\/wp.ufpel.edu.br\/jornalismo\/files\/2021\/07\/Silvia-Porto-Meirelles-Leite-88x88.jpg 88w\" sizes=\"auto, (max-width: 150px) 100vw, 150px\" \/><\/a><\/p>\n<p><span style=\"font-weight: 400\">silviameirelles@gmail.com<\/span><\/p>\n<p><span style=\"font-weight: 400\">Doutora em Inform\u00e1tica na Educa\u00e7\u00e3o pela Universidade Federal do Rio Grande do Sul (UFRGS), com per\u00edodo sandu\u00edche em Universidade de Lisboa, em Portugal, e mestre em Educa\u00e7\u00e3o (UFRGS). Realiza P\u00f3s-Doutorado em Jornalismo na Universidade Federal de Santa Catarina (UFSC).\u00a0<\/span><\/p>\n<p><span style=\"font-weight: 400\">J\u00e1 atuou como avaliadora de Peri\u00f3dicos e na Pr\u00e9-Qualifica\u00e7\u00e3o de Tecnologias Educacionais para o Minist\u00e9rio da Educa\u00e7\u00e3o (MEC). Tamb\u00e9m trabalhou na elabora\u00e7\u00e3o e na implementa\u00e7\u00e3o de projetos interdisciplinares e interinstitucionais, principalmente na \u00e1rea de Tecnologias Digitais Aplicadas \u00e0 Educa\u00e7\u00e3o.<\/span><\/p>\n<p><span style=\"font-weight: 400\">Coordenadora do projeto de pesquisa Par\u00e2metros\u00a0 para o uso de fontes jornal\u00edsticas do Ciberespa\u00e7o, na qual estuda a utiliza\u00e7\u00e3o das fontes nos ambientes online, como sites de redes sociais.\u00a0<\/span><\/p>\n<p><a href=\"http:\/\/lattes.cnpq.br\/5137658241976035\"><span style=\"font-weight: 400\">Curr\u00edculo Lattes<\/span><\/a><\/p>\n<h5><b>Paulo Cajazeira <\/b><\/h5>\n<p><a href=\"https:\/\/wp.ufpel.edu.br\/jornalismo\/files\/2021\/08\/Perfil-Prof-Paulo-E-S-L-Cajazeira.jpg\"><img loading=\"lazy\" decoding=\"async\" class=\"alignnone size-thumbnail wp-image-753\" src=\"https:\/\/wp.ufpel.edu.br\/jornalismo\/files\/2021\/08\/Perfil-Prof-Paulo-E-S-L-Cajazeira-150x150.jpg\" alt=\"\" width=\"150\" height=\"150\" srcset=\"https:\/\/wp.ufpel.edu.br\/jornalismo\/files\/2021\/08\/Perfil-Prof-Paulo-E-S-L-Cajazeira-150x150.jpg 150w, https:\/\/wp.ufpel.edu.br\/jornalismo\/files\/2021\/08\/Perfil-Prof-Paulo-E-S-L-Cajazeira-300x300.jpg 300w, https:\/\/wp.ufpel.edu.br\/jornalismo\/files\/2021\/08\/Perfil-Prof-Paulo-E-S-L-Cajazeira-88x88.jpg 88w, https:\/\/wp.ufpel.edu.br\/jornalismo\/files\/2021\/08\/Perfil-Prof-Paulo-E-S-L-Cajazeira.jpg 720w\" sizes=\"auto, (max-width: 150px) 100vw, 150px\" \/><\/a><\/p>\n<p>paulo.cajazeira@ufpel.edu.br<\/p>\n<p>Professor Associado I da Universidade Federal de Pelotas lotado no Centro de Letras e Comunica\u00e7\u00e3o &#8211; Curso de Jornalismo. Professor Permanente do Programa de P\u00f3s-Gradua\u00e7\u00e3o em Biblioteconomia (Mestrado) da Universidade Federal do Cariri, Cear\u00e1.<\/p>\n<p>P\u00f3s-doutorado em Ci\u00eancias da Comunica\u00e7\u00e3o no Laborat\u00f3rio de Comunica\u00e7\u00e3o e Conte\u00fados Online (Labcom Online) da Universidade da Beira Interior (Portugal), Doutor em Comunica\u00e7\u00e3o e Semi\u00f3tica pela Pontif\u00edcia Universidade Cat\u00f3lica de S\u00e3o Paulo (PUC-SP), Mestre em Comunica\u00e7\u00e3o e Linguagens pela Universidade Tuiuti do Paran\u00e1 (UTP-PR) e Bacharel em Comunica\u00e7\u00e3o Social &#8211; Jornalismo pela Pontif\u00edcia Universidade Cat\u00f3lica do Paran\u00e1 (PUC-PR).<\/p>\n<p>S\u00f3cio membro da Sociedade Brasileira de Estudos Interdisciplinares da Comunica\u00e7\u00e3o (Intercom), Associa\u00e7\u00e3o Brasileira de Ensino de Jornalismo e da Associa\u00e7\u00e3o Brasileira de Pesquisadores em Jornalismo (SBPJOR). Membro das seguintes redes de pesquisa: Rede de Pesquisadores em Telejornalismo (Rede Telejor), Rede Alcar (Pesquisadores em Hist\u00f3ria da M\u00eddia) e da Rede de Pesquisa em Comunica\u00e7\u00e3o Eleitoral (CEL\/UFPR). L\u00edder do Grupo de Pesquisa: Centro de Estudos de Pesquisa em Jornalismo (CNPq).<\/p>\n<p>As pesquisas na \u00e1rea de Comunica\u00e7\u00e3o e Informa\u00e7\u00e3o possuem \u00eanfase nos seguintes temas: jornalismo audiovisual, jornalismo e acessibilidade (legendagem, janela de Libras e audiodescri\u00e7\u00e3o de produtos audiovisuais), educomunica\u00e7\u00e3o, ensino do jornalismo, jornalismo e trabalho.<\/p>\n<p>Atua como docente em cursos de Jornalismo desde o ano de 2000. Servidor docente concursado desde o ano de 2010. Lecionou de 2010 a 2021 no Curso de Jornalismo da Universidade Federal do Cariri &#8211; UFCA. E, a partir de julho de 2021, \u00e9 professor efetivo do Curso de Jornalismo da Universidade Federal de Pelotas (UFPel).<\/p>\n<p>Pesquisas atuais: 1) &#8220;A sa\u00fade e o trabalho do jornalista de TV em tempos de pandemia da Covid-19&#8221;;\u00a0 2) &#8220;A produ\u00e7\u00e3o cient\u00edfica docente em cursos de jornalismo de universidades federais brasileiras: colabora\u00e7\u00e3o cient\u00edfica e regimes de coautoria&#8221;. 3) &#8220;Comunica\u00e7\u00e3o eleitoral nas redes sociais digitais&#8221;.<\/p>\n<p><a href=\"http:\/\/lattes.cnpq.br\/1769678534430582\">Curr\u00edculo Lattes<\/a><\/p>\n<p>&nbsp;<\/p>\n","protected":false},"excerpt":{"rendered":"<p>Carlos Andr\u00e9 Dominguez\u00a0 cadredominguez@gmail.com Doutor em Comunica\u00e7\u00e3o e Informa\u00e7\u00e3o pela Universidade Federal do Rio Grande do Sul (UFRGS), com mestrado em Comunica\u00e7\u00e3o e Cultura pela Universidade Federal do Rio de Janeiro (UFRJ). Especialista em Comunica\u00e7\u00e3o e Sa\u00fade pela Escola Nacional de Sa\u00fade P\u00fablica S\u00e9rgio Arouca (ENSP) da FioCruz. Coordenador Adjunto do curso de Jornalismo da [&hellip;]<\/p>\n","protected":false},"author":911,"featured_media":0,"parent":0,"menu_order":2,"comment_status":"closed","ping_status":"closed","template":"","meta":{"jetpack_post_was_ever_published":false,"footnotes":""},"class_list":["post-513","page","type-page","status-publish","hentry"],"jetpack_sharing_enabled":true,"jetpack_shortlink":"https:\/\/wp.me\/P8UsaE-8h","_links":{"self":[{"href":"https:\/\/wp.ufpel.edu.br\/jornalismo\/wp-json\/wp\/v2\/pages\/513","targetHints":{"allow":["GET"]}}],"collection":[{"href":"https:\/\/wp.ufpel.edu.br\/jornalismo\/wp-json\/wp\/v2\/pages"}],"about":[{"href":"https:\/\/wp.ufpel.edu.br\/jornalismo\/wp-json\/wp\/v2\/types\/page"}],"author":[{"embeddable":true,"href":"https:\/\/wp.ufpel.edu.br\/jornalismo\/wp-json\/wp\/v2\/users\/911"}],"replies":[{"embeddable":true,"href":"https:\/\/wp.ufpel.edu.br\/jornalismo\/wp-json\/wp\/v2\/comments?post=513"}],"version-history":[{"count":13,"href":"https:\/\/wp.ufpel.edu.br\/jornalismo\/wp-json\/wp\/v2\/pages\/513\/revisions"}],"predecessor-version":[{"id":755,"href":"https:\/\/wp.ufpel.edu.br\/jornalismo\/wp-json\/wp\/v2\/pages\/513\/revisions\/755"}],"wp:attachment":[{"href":"https:\/\/wp.ufpel.edu.br\/jornalismo\/wp-json\/wp\/v2\/media?parent=513"}],"curies":[{"name":"wp","href":"https:\/\/api.w.org\/{rel}","templated":true}]}}