{"id":481,"date":"2019-10-28T00:25:37","date_gmt":"2019-10-28T03:25:37","guid":{"rendered":"https:\/\/wp.ufpel.edu.br\/jornalismo\/?page_id=481"},"modified":"2019-11-19T22:08:06","modified_gmt":"2019-11-20T01:08:06","slug":"ca-pagu","status":"publish","type":"page","link":"https:\/\/wp.ufpel.edu.br\/jornalismo\/ca-pagu\/","title":{"rendered":"CA Pagu"},"content":{"rendered":"<div>\n<div><\/div>\n<div>Arte: Rui J\u00fanior<br \/>\nFotos: Tabaquara Cruz Filho, Mateus Marques<\/div>\n<\/div>\n<p>&nbsp;<\/p>\n<p><span style=\"font-weight: 400\">O Centro Acad\u00eamico Patr\u00edcia Galv\u00e3o, ou CA Pagu, faz homenagem \u00e0 jornalista, escritora, desenhista e diretora de teatro que viveu entre as d\u00e9cadas de 1910 e 1960. Pagu representa a hist\u00f3ria das mulheres no jornalismo brasileiro, tendo utilizado pseud\u00f4nimos desde os 15 anos, quando come\u00e7ou a escrever para jornais. Al\u00e9m de integrar o movimento antropof\u00e1gico, Pagu foi ativista pol\u00edtica, publicou romances e contos policiais e dirigiu pe\u00e7as de teatro at\u00e9 ent\u00e3o in\u00e9ditas no pa\u00eds.\u00a0<\/span><\/p>\n<p><span style=\"font-weight: 400\">O Centro Acad\u00eamico promove, periodicamente, ciclos de palestras tem\u00e1ticos e a tradicional Semana Acad\u00eamica do curso. A sala do CA Pagu, de n\u00famero 105, fica no andar t\u00e9rreo do Campus Porto \/ Anglo e \u00e9 aberta aos alunos que desejam se reunir e aproveitar do espa\u00e7o dispon\u00edvel.<\/span><\/p>\n<p>Acesse as redes sociais do CA Pagu: <a href=\"https:\/\/www.facebook.com\/capaguufpel\" target=\"_blank\" rel=\"noopener noreferrer\">Facebook<\/a> e <a href=\"https:\/\/www.instagram.com\/capagujornalismoufpel\/\" target=\"_blank\" rel=\"noopener noreferrer\">Instagram<\/a><\/p>\n","protected":false},"excerpt":{"rendered":"<p>Arte: Rui J\u00fanior Fotos: Tabaquara Cruz Filho, Mateus Marques &nbsp; O Centro Acad\u00eamico Patr\u00edcia Galv\u00e3o, ou CA Pagu, faz homenagem \u00e0 jornalista, escritora, desenhista e diretora de teatro que viveu entre as d\u00e9cadas de 1910 e 1960. Pagu representa a hist\u00f3ria das mulheres no jornalismo brasileiro, tendo utilizado pseud\u00f4nimos desde os 15 anos, quando come\u00e7ou [&hellip;]<\/p>\n","protected":false},"author":911,"featured_media":0,"parent":0,"menu_order":5,"comment_status":"closed","ping_status":"closed","template":"","meta":{"jetpack_post_was_ever_published":false,"footnotes":""},"class_list":["post-481","page","type-page","status-publish","hentry"],"jetpack_sharing_enabled":true,"jetpack_shortlink":"https:\/\/wp.me\/P8UsaE-7L","_links":{"self":[{"href":"https:\/\/wp.ufpel.edu.br\/jornalismo\/wp-json\/wp\/v2\/pages\/481","targetHints":{"allow":["GET"]}}],"collection":[{"href":"https:\/\/wp.ufpel.edu.br\/jornalismo\/wp-json\/wp\/v2\/pages"}],"about":[{"href":"https:\/\/wp.ufpel.edu.br\/jornalismo\/wp-json\/wp\/v2\/types\/page"}],"author":[{"embeddable":true,"href":"https:\/\/wp.ufpel.edu.br\/jornalismo\/wp-json\/wp\/v2\/users\/911"}],"replies":[{"embeddable":true,"href":"https:\/\/wp.ufpel.edu.br\/jornalismo\/wp-json\/wp\/v2\/comments?post=481"}],"version-history":[{"count":14,"href":"https:\/\/wp.ufpel.edu.br\/jornalismo\/wp-json\/wp\/v2\/pages\/481\/revisions"}],"predecessor-version":[{"id":680,"href":"https:\/\/wp.ufpel.edu.br\/jornalismo\/wp-json\/wp\/v2\/pages\/481\/revisions\/680"}],"wp:attachment":[{"href":"https:\/\/wp.ufpel.edu.br\/jornalismo\/wp-json\/wp\/v2\/media?parent=481"}],"curies":[{"name":"wp","href":"https:\/\/api.w.org\/{rel}","templated":true}]}}