{"id":1043,"date":"2025-08-15T22:41:08","date_gmt":"2025-08-16T01:41:08","guid":{"rendered":"https:\/\/wp.ufpel.edu.br\/jornalismo\/?page_id=1043"},"modified":"2025-08-20T18:55:05","modified_gmt":"2025-08-20T21:55:05","slug":"relacao-bancas-tccs-2025-1","status":"publish","type":"page","link":"https:\/\/wp.ufpel.edu.br\/jornalismo\/relacao-bancas-tccs-2025-1\/","title":{"rendered":"RELA\u00c7\u00c3O BANCAS TCCS- 2025\/1"},"content":{"rendered":"<p><strong>Este documento apresenta a programa\u00e7\u00e3o oficial das bancas de avalia\u00e7\u00e3o dos Trabalhos de Conclus\u00e3o de Curso (TCC) do semestre 2025\/1. Nele constam os nomes dos alunos, t\u00edtulos dos trabalhos, orientadores, integrantes das bancas examinadoras, bem como as datas e hor\u00e1rios das defesas. A rela\u00e7\u00e3o busca organizar e sistematizar as informa\u00e7\u00f5es de modo a garantir a transpar\u00eancia e o acesso a todos os envolvidos no processo, al\u00e9m de facilitar a participa\u00e7\u00e3o da comunidade acad\u00eamica nas apresenta\u00e7\u00f5es.<\/strong><\/p>\n<p><strong>LOCAL: Na sala da coordena\u00e7\u00e3o | 121<\/strong><\/p>\n<p>&nbsp;<\/p>\n<p><strong>Aluna: Manuella de Castro Centeno<\/strong><\/p>\n<p><em>T\u00edtulo: A constru\u00e7\u00e3o simb\u00f3lica do filme Ainda Estou Aqui no Jornal Nacional: m\u00eddia, emo\u00e7\u00e3o e identidade cultural<\/em><\/p>\n<p>Dia 22\/08- 16hs e 30<\/p>\n<p>Orientador- Paulo Eduardo<\/p>\n<p>Banca: Felipe e Gilmar<\/p>\n<p>Local: Presencial &#8211; Sala da Coordena\u00e7\u00e3o (Sala 121)<\/p>\n<p>&nbsp;<\/p>\n<p><strong>Aluna: Vict\u00f3ria Tavares Silva<\/strong><\/p>\n<p><em>T\u00edtulo: Significando o desastre: uma an\u00e1lise semi\u00f3tica do papel do jornalismo na\u00a0<\/em><em>constru\u00e7\u00e3o de sentidos sobre as enchentes de 2024 em Rio Grande\/RS<\/em><\/p>\n<p>Orientador: Gilmar<\/p>\n<p>Banca: Lara e\u00a0 S\u00edlvia<\/p>\n<p>Data e hor\u00e1rio: dia 19\/08 \u00e0s 19h<\/p>\n<p>Local: Presencial &#8211; Sala da Coordena\u00e7\u00e3o (Sala 121)<\/p>\n<p>&nbsp;<\/p>\n<p><strong>Aluno:\u00a0 Tobias Bernardo Franco<\/strong><\/p>\n<p><em>T\u00edtulo: O jornalismo pol\u00edtico e a Revista Oeste: uma an\u00e1lise multiperspect\u00edvica<\/em><\/p>\n<p>Orientador: F\u00e1bio<\/p>\n<p>Banca: Cadr\u00e9 e Lara<\/p>\n<p>Dia 20\/08, \u00e0s 17 horas<\/p>\n<p>Local: Presencial &#8211; Sala da Coordena\u00e7\u00e3o (Sala 121)<\/p>\n<p>&nbsp;<\/p>\n<p><strong>Aluna: J\u00falia D\u00e1vila Koenig<\/strong><\/p>\n<p><em>T\u00edtulo do trabalho: Revista Vira\u00e7\u00e3o: o jornalismo de revista e a representa\u00e7\u00e3o juvenil<\/em><\/p>\n<p>Orientador: Lara<\/p>\n<p>Banca: S\u00edlvia e Paulo<\/p>\n<p>Dia: 21\/08 \u00e0s 19 horas<\/p>\n<p>Local: Presencial &#8211; Sala da Coordena\u00e7\u00e3o (Sala 121)<\/p>\n<p>&nbsp;<\/p>\n<p><strong>Aluno: \u00c9verson Gabriel Mesquita da Martha<\/strong><\/p>\n<p><em>Projeto experimental: Site \u201cJornais de Pelotas\u201d &#8211; S\u00e9rie de Reportagens Hiperm\u00eddia<\/em><\/p>\n<p>Orientador: Silvia<\/p>\n<p>Banca: Gilmar e Lara<\/p>\n<p>Dia: 21\/08 \u00e0s 20 hs e 30<\/p>\n<p>Local: Presencial &#8211; Sala da Coordena\u00e7\u00e3o (Sala 121)<\/p>\n<p>&nbsp;<\/p>\n<p><strong>Aluno: Everton Iberse<\/strong><\/p>\n<p><em>DOSSI\u00ca CRIPTO: Um estudo sobre a ado\u00e7\u00e3o e os significados dos criptoativos na realidade pelotense<\/em><\/p>\n<p>Orientadora: Taiane de Oliveira Volcan<\/p>\n<p>Banca: Raquel e Felipe<\/p>\n<p>Dia:19\/08 \u00e0s 14 horas<\/p>\n<p>Local: Online atrav\u00e9s do link &#8211;\u00a0<a href=\"https:\/\/meet.google.com\/tdc-ohzn-crr\">https:\/\/meet.google.com\/tdc-ohzn-crr<\/a><\/p>\n<p>&nbsp;<\/p>\n<p><strong>Aluna: Aline Souza<\/strong><\/p>\n<p><em>Document\u00e1rio: Di\u00e1rio Popular: O Fim de Uma Hist\u00f3ria Centen\u00e1ria &#8211; Uma reflex\u00e3o sobre a crise do jornalismo impresso<\/em><\/p>\n<p>Orientadora: Lara<\/p>\n<p>Dia: 18\/08- \u00e0s 19 horas<\/p>\n<p>Banca: S\u00edlvia e Paulo<\/p>\n<p>Local: Presencial &#8211; Sala da Coordena\u00e7\u00e3o (Sala 121)<\/p>\n<p>&nbsp;<\/p>\n<p><strong>Aluna: Brenda Leal Silva<\/strong><\/p>\n<p><em>Document\u00e1rio: Di\u00e1rio Popular: O Fim de Uma Hist\u00f3ria Centen\u00e1ria &#8211; Uma reflex\u00e3o sobre a crise do jornalismo impresso<\/em><\/p>\n<p>Orientadora: Lara<\/p>\n<p>Dia:18\/08- \u00e0s 20 hs e 30<\/p>\n<p>Banca: S\u00edlvia e Paulo<\/p>\n<p>Local: Presencial &#8211; Sala da Coordena\u00e7\u00e3o (Sala 121)<\/p>\n<p>&nbsp;<\/p>\n<p><strong>Aluna: Hillary Orestes Kosby<\/strong><\/p>\n<p><em>T\u00edtulo do\u00a0trabalho:\u00a0Narrativas da Magreza: uma an\u00e1lise de conte\u00fado sobre a representa\u00e7\u00e3o midi\u00e1tica de Jojo Todynho ap\u00f3s a bari\u00e1trica<\/em><\/p>\n<p>Orientadora: Silvia<\/p>\n<p>Dia: 22\/08 \u00e0s 17 hs e 30<\/p>\n<p>Banca: Michele e Paulo<\/p>\n<p>Local: Presencial &#8211; Sala da Coordena\u00e7\u00e3o (Sala 121)<\/p>\n","protected":false},"excerpt":{"rendered":"<p>Este documento apresenta a programa\u00e7\u00e3o oficial das bancas de avalia\u00e7\u00e3o dos Trabalhos de Conclus\u00e3o de Curso (TCC) do semestre 2025\/1. Nele constam os nomes dos alunos, t\u00edtulos dos trabalhos, orientadores, integrantes das bancas examinadoras, bem como as datas e hor\u00e1rios das defesas. A rela\u00e7\u00e3o busca organizar e sistematizar as informa\u00e7\u00f5es de modo a garantir a [&hellip;]<\/p>\n","protected":false},"author":911,"featured_media":0,"parent":0,"menu_order":0,"comment_status":"closed","ping_status":"closed","template":"","meta":{"jetpack_post_was_ever_published":false,"footnotes":""},"class_list":["post-1043","page","type-page","status-publish","hentry"],"jetpack_sharing_enabled":true,"jetpack_shortlink":"https:\/\/wp.me\/P8UsaE-gP","_links":{"self":[{"href":"https:\/\/wp.ufpel.edu.br\/jornalismo\/wp-json\/wp\/v2\/pages\/1043","targetHints":{"allow":["GET"]}}],"collection":[{"href":"https:\/\/wp.ufpel.edu.br\/jornalismo\/wp-json\/wp\/v2\/pages"}],"about":[{"href":"https:\/\/wp.ufpel.edu.br\/jornalismo\/wp-json\/wp\/v2\/types\/page"}],"author":[{"embeddable":true,"href":"https:\/\/wp.ufpel.edu.br\/jornalismo\/wp-json\/wp\/v2\/users\/911"}],"replies":[{"embeddable":true,"href":"https:\/\/wp.ufpel.edu.br\/jornalismo\/wp-json\/wp\/v2\/comments?post=1043"}],"version-history":[{"count":4,"href":"https:\/\/wp.ufpel.edu.br\/jornalismo\/wp-json\/wp\/v2\/pages\/1043\/revisions"}],"predecessor-version":[{"id":1055,"href":"https:\/\/wp.ufpel.edu.br\/jornalismo\/wp-json\/wp\/v2\/pages\/1043\/revisions\/1055"}],"wp:attachment":[{"href":"https:\/\/wp.ufpel.edu.br\/jornalismo\/wp-json\/wp\/v2\/media?parent=1043"}],"curies":[{"name":"wp","href":"https:\/\/api.w.org\/{rel}","templated":true}]}}