{"id":58,"date":"2013-10-11T16:51:29","date_gmt":"2013-10-11T19:51:29","guid":{"rendered":"https:\/\/wp.ufpel.edu.br\/jornalceng\/?page_id=58"},"modified":"2013-10-11T16:51:29","modified_gmt":"2013-10-11T19:51:29","slug":"curso-de-idiomas","status":"publish","type":"page","link":"https:\/\/wp.ufpel.edu.br\/jornalceng\/yyy\/curso-de-idiomas\/","title":{"rendered":"Curso de Idiomas"},"content":{"rendered":"<p>LIVEMOCHA<\/p>\n<p>Aprenda a falar um novo idioma (ou dois).<\/p>\n<p>Os professores do Livemocha ajudam os alunos a alcan\u00e7arem altos n\u00edveis de aprendizagem de idiomas.<\/p>\n<p>Explore o mundo atrav\u00e9s da pr\u00e1tica e conversa\u00e7\u00e3o \u2013 com milh\u00f5es de pessoas em mais de 190 pa\u00edses.<\/p>\n<p><a href=\"http:\/\/livemocha.com\/?lang=pt-br\">http:\/\/livemocha.com\/?lang=pt-br<\/a><\/p>\n","protected":false},"excerpt":{"rendered":"<p>LIVEMOCHA Aprenda a falar um novo idioma (ou dois). Os professores do Livemocha ajudam os alunos a alcan\u00e7arem altos n\u00edveis de aprendizagem de idiomas. Explore o mundo atrav\u00e9s da pr\u00e1tica e conversa\u00e7\u00e3o \u2013 com milh\u00f5es de pessoas em mais de 190 pa\u00edses. http:\/\/livemocha.com\/?lang=pt-br<\/p>\n","protected":false},"author":299,"featured_media":0,"parent":52,"menu_order":0,"comment_status":"closed","ping_status":"closed","template":"","meta":{"footnotes":""},"class_list":["post-58","page","type-page","status-publish","hentry","nodate","item-wrap"],"_links":{"self":[{"href":"https:\/\/wp.ufpel.edu.br\/jornalceng\/wp-json\/wp\/v2\/pages\/58","targetHints":{"allow":["GET"]}}],"collection":[{"href":"https:\/\/wp.ufpel.edu.br\/jornalceng\/wp-json\/wp\/v2\/pages"}],"about":[{"href":"https:\/\/wp.ufpel.edu.br\/jornalceng\/wp-json\/wp\/v2\/types\/page"}],"author":[{"embeddable":true,"href":"https:\/\/wp.ufpel.edu.br\/jornalceng\/wp-json\/wp\/v2\/users\/299"}],"replies":[{"embeddable":true,"href":"https:\/\/wp.ufpel.edu.br\/jornalceng\/wp-json\/wp\/v2\/comments?post=58"}],"version-history":[{"count":2,"href":"https:\/\/wp.ufpel.edu.br\/jornalceng\/wp-json\/wp\/v2\/pages\/58\/revisions"}],"predecessor-version":[{"id":60,"href":"https:\/\/wp.ufpel.edu.br\/jornalceng\/wp-json\/wp\/v2\/pages\/58\/revisions\/60"}],"up":[{"embeddable":true,"href":"https:\/\/wp.ufpel.edu.br\/jornalceng\/wp-json\/wp\/v2\/pages\/52"}],"wp:attachment":[{"href":"https:\/\/wp.ufpel.edu.br\/jornalceng\/wp-json\/wp\/v2\/media?parent=58"}],"curies":[{"name":"wp","href":"https:\/\/api.w.org\/{rel}","templated":true}]}}