{"id":56,"date":"2013-10-11T16:47:46","date_gmt":"2013-10-11T19:47:46","guid":{"rendered":"https:\/\/wp.ufpel.edu.br\/jornalceng\/?page_id=56"},"modified":"2013-10-11T16:49:43","modified_gmt":"2013-10-11T19:49:43","slug":"cursos-on-line","status":"publish","type":"page","link":"https:\/\/wp.ufpel.edu.br\/jornalceng\/yyy\/cursos-on-line\/","title":{"rendered":"Cursos ON LINE"},"content":{"rendered":"<p>VENDUCA<\/p>\n<p>Alguns desses cursos s\u00e3o de interesse das Engenharias como: F\u00edsica B\u00e1sica, Probabilidade estat\u00edstica, Bioenerg\u00e9tica e Escrita Cient\u00edfica: produ\u00e7\u00e3o de artigos de alto impacto, que podem ser assistidos como refor\u00e7o das disciplinas das Engenharias.<\/p>\n<p>Esses cursos apresentam v\u00eddeo aulas e apostilas para os alunos e permeiam muitos dos conhecimentos vistos nas Engenharias.<\/p>\n<p><a href=\"http:\/\/www.venduca.com.br\/\">http:\/\/www.venduca.com.br\/<\/a><\/p>\n","protected":false},"excerpt":{"rendered":"<p>VENDUCA Alguns desses cursos s\u00e3o de interesse das Engenharias como: F\u00edsica B\u00e1sica, Probabilidade estat\u00edstica, Bioenerg\u00e9tica e Escrita Cient\u00edfica: produ\u00e7\u00e3o de artigos de alto impacto, que podem ser assistidos como refor\u00e7o das disciplinas das Engenharias. Esses cursos apresentam v\u00eddeo aulas e apostilas para os alunos e permeiam muitos dos conhecimentos vistos nas Engenharias. http:\/\/www.venduca.com.br\/<\/p>\n","protected":false},"author":299,"featured_media":0,"parent":52,"menu_order":0,"comment_status":"closed","ping_status":"closed","template":"","meta":{"footnotes":""},"class_list":["post-56","page","type-page","status-publish","hentry","nodate","item-wrap"],"_links":{"self":[{"href":"https:\/\/wp.ufpel.edu.br\/jornalceng\/wp-json\/wp\/v2\/pages\/56","targetHints":{"allow":["GET"]}}],"collection":[{"href":"https:\/\/wp.ufpel.edu.br\/jornalceng\/wp-json\/wp\/v2\/pages"}],"about":[{"href":"https:\/\/wp.ufpel.edu.br\/jornalceng\/wp-json\/wp\/v2\/types\/page"}],"author":[{"embeddable":true,"href":"https:\/\/wp.ufpel.edu.br\/jornalceng\/wp-json\/wp\/v2\/users\/299"}],"replies":[{"embeddable":true,"href":"https:\/\/wp.ufpel.edu.br\/jornalceng\/wp-json\/wp\/v2\/comments?post=56"}],"version-history":[{"count":1,"href":"https:\/\/wp.ufpel.edu.br\/jornalceng\/wp-json\/wp\/v2\/pages\/56\/revisions"}],"predecessor-version":[{"id":57,"href":"https:\/\/wp.ufpel.edu.br\/jornalceng\/wp-json\/wp\/v2\/pages\/56\/revisions\/57"}],"up":[{"embeddable":true,"href":"https:\/\/wp.ufpel.edu.br\/jornalceng\/wp-json\/wp\/v2\/pages\/52"}],"wp:attachment":[{"href":"https:\/\/wp.ufpel.edu.br\/jornalceng\/wp-json\/wp\/v2\/media?parent=56"}],"curies":[{"name":"wp","href":"https:\/\/api.w.org\/{rel}","templated":true}]}}