{"id":11,"date":"2013-09-26T19:55:24","date_gmt":"2013-09-26T22:55:24","guid":{"rendered":"https:\/\/wp.ufpel.edu.br\/jornalceng\/?page_id=11"},"modified":"2013-09-26T19:55:24","modified_gmt":"2013-09-26T22:55:24","slug":"equipe-do-jornal-do-ceng","status":"publish","type":"page","link":"https:\/\/wp.ufpel.edu.br\/jornalceng\/equipe-do-jornal-do-ceng\/","title":{"rendered":"Equipe do Jornal do CENG"},"content":{"rendered":"<p>COORDENA\u00c7\u00c3O<\/p>\n<p>Maria Laura Gomes Silva da Luz<\/p>\n<p>&nbsp;<\/p>\n<p>EQUIPE DE REDA\u00c7\u00c3O<\/p>\n<p>Luis Carlos Nunes Weymar Junior<\/p>\n<p>Miguel Borges Machado<\/p>\n<p>Rafael Jorge Bach<\/p>\n","protected":false},"excerpt":{"rendered":"<p>COORDENA\u00c7\u00c3O Maria Laura Gomes Silva da Luz &nbsp; EQUIPE DE REDA\u00c7\u00c3O Luis Carlos Nunes Weymar Junior Miguel Borges Machado Rafael Jorge Bach<\/p>\n","protected":false},"author":299,"featured_media":0,"parent":0,"menu_order":0,"comment_status":"closed","ping_status":"closed","template":"","meta":{"footnotes":""},"class_list":["post-11","page","type-page","status-publish","hentry","nodate","item-wrap"],"_links":{"self":[{"href":"https:\/\/wp.ufpel.edu.br\/jornalceng\/wp-json\/wp\/v2\/pages\/11","targetHints":{"allow":["GET"]}}],"collection":[{"href":"https:\/\/wp.ufpel.edu.br\/jornalceng\/wp-json\/wp\/v2\/pages"}],"about":[{"href":"https:\/\/wp.ufpel.edu.br\/jornalceng\/wp-json\/wp\/v2\/types\/page"}],"author":[{"embeddable":true,"href":"https:\/\/wp.ufpel.edu.br\/jornalceng\/wp-json\/wp\/v2\/users\/299"}],"replies":[{"embeddable":true,"href":"https:\/\/wp.ufpel.edu.br\/jornalceng\/wp-json\/wp\/v2\/comments?post=11"}],"version-history":[{"count":1,"href":"https:\/\/wp.ufpel.edu.br\/jornalceng\/wp-json\/wp\/v2\/pages\/11\/revisions"}],"predecessor-version":[{"id":12,"href":"https:\/\/wp.ufpel.edu.br\/jornalceng\/wp-json\/wp\/v2\/pages\/11\/revisions\/12"}],"wp:attachment":[{"href":"https:\/\/wp.ufpel.edu.br\/jornalceng\/wp-json\/wp\/v2\/media?parent=11"}],"curies":[{"name":"wp","href":"https:\/\/api.w.org\/{rel}","templated":true}]}}