{"id":11,"date":"2015-11-04T16:39:27","date_gmt":"2015-11-04T18:39:27","guid":{"rendered":"https:\/\/wp.ufpel.edu.br\/jornadadiversidade\/?page_id=11"},"modified":"2015-11-04T16:51:55","modified_gmt":"2015-11-04T18:51:55","slug":"inscricoes","status":"publish","type":"page","link":"https:\/\/wp.ufpel.edu.br\/jornadadiversidade\/inscricoes\/","title":{"rendered":"Inscri\u00e7\u00f5es"},"content":{"rendered":"<p><strong>Inscri\u00e7\u00e3o de trabalhos<\/strong><\/p>\n<p style=\"padding-left: 30px\">Ser\u00e3o aceitos trabalhos que tratem de tem\u00e1ticas vinculadas \u00e0s quest\u00f5es de g\u00eanero e sexualidades. Ser\u00e3o aceitos no m\u00e1ximo dois trabalhos por autor\/a e cada trabalho poder\u00e1 ter no m\u00e1ximo tr\u00eas autores.<\/p>\n<p><strong>Norma<\/strong><span class=\"\"><strong>s para Submiss\u00e3o de Trabalhos<\/strong><\/span><\/p>\n<p style=\"padding-left: 30px\"><span class=\"\">O resumo dever\u00e1 conter no m\u00e1ximo 1500 (mil e quinhentos) caracteres e dever\u00e1 ser escrito com fonte Times New Roman, tamanho 12, com espa\u00e7amento simples. O t\u00edtulo dever\u00e1 estar em letras mai\u00fasculas, com efeito negrito e centralizado. Abaixo do t\u00edtulo deve constar o nome do\/a autor\/a, institui\u00e7\u00e3o de origem e e-mail para contato. O resumo deve apresentar at\u00e9 cinco palavras-chave.<\/span><\/p>\n<div class=\"\">\n<p>&nbsp;<\/p>\n<p style=\"padding-left: 30px\"><strong>Prazos para inscri\u00e7\u00f5es de trabalhos<\/strong> \u2013 O resumo deve ser enviado at\u00e9 o dia 26 de outubro (segunda-feira). A lista de trabalhos aceitos ser\u00e1 divulgada na p\u00e1gina do evento no facebook at\u00e9 o dia 02 de novembro de 2015.<\/p>\n<p style=\"padding-left: 30px\"><em>As inscri\u00e7\u00f5es dever\u00e3o ser feitas atrav\u00e9s do e-mail: <a href=\"mailto:jornadadiversidade2015@gmail.com\">jornadadiversidade2015@gmail.com<\/a><\/em><\/p>\n<p style=\"padding-left: 30px\">Os\/as interessados\/as dever\u00e3o enviar no corpo do e-mail os seguintes dados:<br \/>\n&#8211; NOME COMPLETO<br \/>\n&#8211; INSTITUI\u00c7\u00c3O<br \/>\n&#8211; CURSO (SE FOR ESTUDANTE)<br \/>\n&#8211; RESUMO (se apresentador\/a de trabalho)<\/p>\n<p><strong>Inscri\u00e7\u00e3o para Ouvintes<\/strong><\/p>\n<p style=\"padding-left: 30px\">As inscri\u00e7\u00f5es para ouvintes ser\u00e3o aceitas at\u00e9 o primeiro dia do evento (10 de novembro), e poder\u00e3o ser realizadas por e-mail ou no local.<\/p>\n<p><strong>Valores<\/strong><\/p>\n<p style=\"padding-left: 30px\">Apresentadores de trabalho: R$ 10,00<br \/>\nOuvintes (com certificado de 40h\/a): R$ 5,00<\/p>\n<p style=\"padding-left: 30px\">Todos\/as os\/as autores\/as dever\u00e3o se inscrever no evento. Os\/as autores\/as que apresentarem mais de um trabalho, pagam apenas o valor de uma inscri\u00e7\u00e3o.<\/p>\n<p><strong>Pagamento<\/strong><\/p>\n<p style=\"padding-left: 30px\">As inscri\u00e7\u00f5es poder\u00e3o ser pagas no primeiro dia do evento, no momento de credenciamento. Tamb\u00e9m haver\u00e1 uma banca no sagu\u00e3o do Instituto de Ci\u00eancias Humanas na semana anterior ao evento, para aqueles\/as que desejarem fazer o pagamento antecipado.<\/p>\n<\/div>\n","protected":false},"excerpt":{"rendered":"<p>Inscri\u00e7\u00e3o de trabalhos Ser\u00e3o aceitos trabalhos que tratem de tem\u00e1ticas vinculadas \u00e0s quest\u00f5es de g\u00eanero e sexualidades. Ser\u00e3o aceitos no m\u00e1ximo dois trabalhos por autor\/a e cada trabalho poder\u00e1 ter no m\u00e1ximo tr\u00eas autores. Normas para Submiss\u00e3o de Trabalhos O resumo dever\u00e1 conter no m\u00e1ximo 1500 (mil e quinhentos) caracteres e dever\u00e1 ser escrito com &hellip; <\/p>\n<p><a class=\"more-link btn\" href=\"https:\/\/wp.ufpel.edu.br\/jornadadiversidade\/inscricoes\/\">Continue lendo<\/a><\/p>\n","protected":false},"author":577,"featured_media":0,"parent":0,"menu_order":2,"comment_status":"closed","ping_status":"closed","template":"","meta":{"footnotes":""},"class_list":["post-11","page","type-page","status-publish","hentry","nodate","item-wrap"],"_links":{"self":[{"href":"https:\/\/wp.ufpel.edu.br\/jornadadiversidade\/wp-json\/wp\/v2\/pages\/11","targetHints":{"allow":["GET"]}}],"collection":[{"href":"https:\/\/wp.ufpel.edu.br\/jornadadiversidade\/wp-json\/wp\/v2\/pages"}],"about":[{"href":"https:\/\/wp.ufpel.edu.br\/jornadadiversidade\/wp-json\/wp\/v2\/types\/page"}],"author":[{"embeddable":true,"href":"https:\/\/wp.ufpel.edu.br\/jornadadiversidade\/wp-json\/wp\/v2\/users\/577"}],"replies":[{"embeddable":true,"href":"https:\/\/wp.ufpel.edu.br\/jornadadiversidade\/wp-json\/wp\/v2\/comments?post=11"}],"version-history":[{"count":3,"href":"https:\/\/wp.ufpel.edu.br\/jornadadiversidade\/wp-json\/wp\/v2\/pages\/11\/revisions"}],"predecessor-version":[{"id":20,"href":"https:\/\/wp.ufpel.edu.br\/jornadadiversidade\/wp-json\/wp\/v2\/pages\/11\/revisions\/20"}],"wp:attachment":[{"href":"https:\/\/wp.ufpel.edu.br\/jornadadiversidade\/wp-json\/wp\/v2\/media?parent=11"}],"curies":[{"name":"wp","href":"https:\/\/api.w.org\/{rel}","templated":true}]}}