{"id":607,"date":"2015-04-22T09:44:16","date_gmt":"2015-04-22T12:44:16","guid":{"rendered":"https:\/\/wp.ufpel.edu.br\/jogosufpel\/?page_id=607"},"modified":"2015-05-27T12:59:14","modified_gmt":"2015-05-27T15:59:14","slug":"natacao","status":"publish","type":"page","link":"https:\/\/wp.ufpel.edu.br\/jogosufpel\/modalidades\/natacao\/","title":{"rendered":"Nata\u00e7\u00e3o"},"content":{"rendered":"<h3><strong>Congresso T\u00e9cinico<\/strong><\/h3>\n<p style=\"padding-left: 30px\"><strong>Data:<\/strong> 20\/05 &#8211; 17h30min<\/p>\n<p style=\"padding-left: 30px\"><strong>Local:<\/strong> Audit\u00f3rio da ESEF<\/p>\n<h3><strong>Competi\u00e7\u00e3o:<\/strong><\/h3>\n<p style=\"padding-left: 30px\"><strong>Local:<\/strong> Piscina do Clube Brilhante<\/p>\n<p style=\"padding-left: 30px\"><strong>Data:<\/strong> 23\/05 &#8211; 13h30min<\/p>\n<h3><strong>Informa\u00e7\u00f5es<\/strong><\/h3>\n<p style=\"padding-left: 30px\"><a href=\"https:\/\/wp.ufpel.edu.br\/jogosufpel\/files\/2015\/04\/Informativo-03-Jogos-da-UFPel-Natacao-2015.pdf\">Informativo 03 &#8211; Jogos da UFPel &#8211; Natacao 2015<\/a><\/p>\n<h3><strong>Ficha de Inscri\u00e7\u00e3o<\/strong><\/h3>\n<p style=\"padding-left: 30px\"><a href=\"https:\/\/wp.ufpel.edu.br\/jogosufpel\/files\/2015\/04\/Ficha-Inscricao-NATACAO-2015.pdf\">Download<\/a><\/p>\n<h3><strong>Classifica\u00e7\u00e3o Nata\u00e7\u00e3o Jogos da UFPel <\/strong><\/h3>\n<p style=\"padding-left: 30px\"><a href=\"https:\/\/wp.ufpel.edu.br\/jogosufpel\/files\/2015\/05\/Classifica\u00e7\u00e3o-Nata\u00e7\u00e3o-Jogos-da-UFPel_27maio.pdf\">Download<\/a><\/p>\n","protected":false},"excerpt":{"rendered":"<p>Congresso T\u00e9cinico Data: 20\/05 &#8211; 17h30min Local: Audit\u00f3rio da ESEF Competi\u00e7\u00e3o: Local: Piscina do Clube Brilhante Data: 23\/05 &#8211; 13h30min Informa\u00e7\u00f5es Informativo 03 &#8211; Jogos da UFPel &#8211; Natacao 2015 Ficha de Inscri\u00e7\u00e3o Download Classifica\u00e7\u00e3o Nata\u00e7\u00e3o Jogos da UFPel Download<\/p>\n","protected":false},"author":374,"featured_media":625,"parent":268,"menu_order":0,"comment_status":"closed","ping_status":"closed","template":"","meta":{"footnotes":""},"class_list":["post-607","page","type-page","status-publish","has-post-thumbnail","hentry","nodate","item-wrap"],"_links":{"self":[{"href":"https:\/\/wp.ufpel.edu.br\/jogosufpel\/wp-json\/wp\/v2\/pages\/607","targetHints":{"allow":["GET"]}}],"collection":[{"href":"https:\/\/wp.ufpel.edu.br\/jogosufpel\/wp-json\/wp\/v2\/pages"}],"about":[{"href":"https:\/\/wp.ufpel.edu.br\/jogosufpel\/wp-json\/wp\/v2\/types\/page"}],"author":[{"embeddable":true,"href":"https:\/\/wp.ufpel.edu.br\/jogosufpel\/wp-json\/wp\/v2\/users\/374"}],"replies":[{"embeddable":true,"href":"https:\/\/wp.ufpel.edu.br\/jogosufpel\/wp-json\/wp\/v2\/comments?post=607"}],"version-history":[{"count":7,"href":"https:\/\/wp.ufpel.edu.br\/jogosufpel\/wp-json\/wp\/v2\/pages\/607\/revisions"}],"predecessor-version":[{"id":622,"href":"https:\/\/wp.ufpel.edu.br\/jogosufpel\/wp-json\/wp\/v2\/pages\/607\/revisions\/622"}],"up":[{"embeddable":true,"href":"https:\/\/wp.ufpel.edu.br\/jogosufpel\/wp-json\/wp\/v2\/pages\/268"}],"wp:featuredmedia":[{"embeddable":true,"href":"https:\/\/wp.ufpel.edu.br\/jogosufpel\/wp-json\/wp\/v2\/media\/625"}],"wp:attachment":[{"href":"https:\/\/wp.ufpel.edu.br\/jogosufpel\/wp-json\/wp\/v2\/media?parent=607"}],"curies":[{"name":"wp","href":"https:\/\/api.w.org\/{rel}","templated":true}]}}