{"id":310,"date":"2014-05-09T22:25:51","date_gmt":"2014-05-10T01:25:51","guid":{"rendered":"https:\/\/wp.ufpel.edu.br\/jogosufpel\/?page_id=310"},"modified":"2016-06-20T15:10:25","modified_gmt":"2016-06-20T18:10:25","slug":"inscricoes","status":"publish","type":"page","link":"https:\/\/wp.ufpel.edu.br\/jogosufpel\/inscricoes\/","title":{"rendered":"Inscri\u00e7\u00f5es"},"content":{"rendered":"<h4><strong>Informa\u00e7\u00f5es<\/strong><\/h4>\n<p>&nbsp;<\/p>\n<p>&nbsp;<\/p>\n<p><strong>** Detalhes importantes:<\/strong><\/p>\n<ul>\n<li>As taxas de inscri\u00e7\u00e3o ser\u00e3o divulgadas em breve;<\/li>\n<li>A inscri\u00e7\u00e3o somente ser\u00e1 confirmada com o pagamento da taxa e entrega da ficha de inscri\u00e7\u00e3o acompanhada da documenta\u00e7\u00e3o no dia e hor\u00e1rio do Congresso T\u00e9cnico da modalidade;<\/li>\n<li>A ficha de inscri\u00e7\u00e3o dever\u00e1 estar acompanhada, obrigatoriamente, do atestado de matr\u00edcula impresso do semestre vigente de cada atleta.<\/li>\n<\/ul>\n<h4><strong>Ficha de inscri\u00e7\u00e3o<\/strong><\/h4>\n<p><strong>[Futsal &#8211; Handebol &#8211; Basquete &#8211; V\u00f4lei] &#8211;<\/strong><\/p>\n<p><strong>[Nata\u00e7\u00e3o] &#8211;<\/strong><\/p>\n<p>&nbsp;<\/p>\n","protected":false},"excerpt":{"rendered":"<p>Informa\u00e7\u00f5es &nbsp; &nbsp; ** Detalhes importantes: As taxas de inscri\u00e7\u00e3o ser\u00e3o divulgadas em breve; A inscri\u00e7\u00e3o somente ser\u00e1 confirmada com o pagamento da taxa e entrega da ficha de inscri\u00e7\u00e3o acompanhada da documenta\u00e7\u00e3o no dia e hor\u00e1rio do Congresso T\u00e9cnico da modalidade; A ficha de inscri\u00e7\u00e3o dever\u00e1 estar acompanhada, obrigatoriamente, do atestado de matr\u00edcula impresso &hellip; <\/p>\n<p><a class=\"more-link btn\" href=\"https:\/\/wp.ufpel.edu.br\/jogosufpel\/inscricoes\/\">Continue lendo<\/a><\/p>\n","protected":false},"author":374,"featured_media":0,"parent":0,"menu_order":0,"comment_status":"closed","ping_status":"closed","template":"","meta":{"footnotes":""},"class_list":["post-310","page","type-page","status-publish","hentry","nodate","item-wrap"],"_links":{"self":[{"href":"https:\/\/wp.ufpel.edu.br\/jogosufpel\/wp-json\/wp\/v2\/pages\/310","targetHints":{"allow":["GET"]}}],"collection":[{"href":"https:\/\/wp.ufpel.edu.br\/jogosufpel\/wp-json\/wp\/v2\/pages"}],"about":[{"href":"https:\/\/wp.ufpel.edu.br\/jogosufpel\/wp-json\/wp\/v2\/types\/page"}],"author":[{"embeddable":true,"href":"https:\/\/wp.ufpel.edu.br\/jogosufpel\/wp-json\/wp\/v2\/users\/374"}],"replies":[{"embeddable":true,"href":"https:\/\/wp.ufpel.edu.br\/jogosufpel\/wp-json\/wp\/v2\/comments?post=310"}],"version-history":[{"count":16,"href":"https:\/\/wp.ufpel.edu.br\/jogosufpel\/wp-json\/wp\/v2\/pages\/310\/revisions"}],"predecessor-version":[{"id":832,"href":"https:\/\/wp.ufpel.edu.br\/jogosufpel\/wp-json\/wp\/v2\/pages\/310\/revisions\/832"}],"wp:attachment":[{"href":"https:\/\/wp.ufpel.edu.br\/jogosufpel\/wp-json\/wp\/v2\/media?parent=310"}],"curies":[{"name":"wp","href":"https:\/\/api.w.org\/{rel}","templated":true}]}}