{"id":292,"date":"2014-05-08T20:46:33","date_gmt":"2014-05-08T23:46:33","guid":{"rendered":"https:\/\/wp.ufpel.edu.br\/jogosufpel\/?page_id=292"},"modified":"2015-06-17T17:55:53","modified_gmt":"2015-06-17T20:55:53","slug":"handebol","status":"publish","type":"page","link":"https:\/\/wp.ufpel.edu.br\/jogosufpel\/modalidades\/handebol\/","title":{"rendered":"Handebol"},"content":{"rendered":"<h2><strong>2015<\/strong><\/h2>\n<hr \/>\n<h4><strong>Resultados Fase 1<\/strong><\/h4>\n<p><a href=\"https:\/\/wp.ufpel.edu.br\/jogosufpel\/files\/2015\/05\/Resultados-e-Proxima-Fase-Handebol.pdf\">Resultados e Pr\u00f3xima Fase Handebol<\/a><\/p>\n<h4><strong>Chaveamento edi\u00e7\u00e3o 2015<\/strong><\/h4>\n<p style=\"padding-left: 30px\"><strong>HANDEBOL MASCULINO:<\/strong><\/p>\n<p style=\"padding-left: 60px\"><strong>Chave A \u2013<\/strong> Atl\u00e9tica ESEF, FAURB, Medicina, Engenharias<br \/>\n<strong>Chave B \u2013<\/strong> Agronomia, Rela\u00e7\u00f5es Internacionais, IFM, Hist\u00f3ria\/Economia<br \/>\n<strong>Chave C \u2013<\/strong> Direito, Odonto e Administra\u00e7\u00e3o<\/p>\n<p style=\"padding-left: 30px\"><strong>HANDEBOL FEMININO:<\/strong><\/p>\n<p style=\"padding-left: 60px\"><strong>Chave A \u2013<\/strong> Atl\u00e9tica ESEF, Direito, Medicina e Odonto<br \/>\n<strong>Chave B \u2013<\/strong> FAURB, Engenharias e Rela\u00e7\u00f5es Internacionais<\/p>\n<p style=\"padding-left: 60px\">Confira <a href=\"https:\/\/wp.ufpel.edu.br\/jogosufpel\/files\/2014\/05\/PROGRAMA\u00c7\u00c3O-GERAL-HANDEBOL.pdf\">aqui<\/a> os hor\u00e1rios dos jogos.<\/p>\n<h4><strong>Congresso T\u00e9cnico \u2013 Local: Audit\u00f3rio da Reitoria &#8211; Campus Anglo<\/strong><\/h4>\n<p style=\"padding-left: 30px\">06\/05 \u2013 17:00hs \u2013 Handebol masculino e feminino<\/p>\n<h4><strong>Competi\u00e7\u00e3o &#8211; Local: Gin\u00e1sio da ESEF<\/strong><\/h4>\n<p style=\"padding-left: 30px\">09\/05 \u2013 Fase Classificat\u00f3ria<\/p>\n<p style=\"padding-left: 30px\">30\/05 \u2013 Finais<\/p>\n<h4><strong>Informa\u00e7\u00f5es<\/strong><\/h4>\n<p style=\"padding-left: 30px\"><a href=\"https:\/\/wp.ufpel.edu.br\/jogosufpel\/files\/2014\/05\/Informativo-02-Jogos-da-UFPel-Handebol-2015.pdf\">Informativo 02 &#8211; Jogos da UFPel &#8211; Handebol 2015<\/a><\/p>\n<h4><strong>Ficha de inscri\u00e7\u00e3o<\/strong><\/h4>\n<p style=\"padding-left: 30px\"><a href=\"https:\/\/wp.ufpel.edu.br\/jogosufpel\/files\/2014\/05\/Ficha-de-inscri\u00e7\u00e3o-Jogos-da-UFPel_2015.pdf\">Download<\/a><\/p>\n<p>Maiores informa\u00e7\u00f5es podem ser obtidas com o Prof. Mario Azevedo Jr (ESEF)<\/p>\n<p><strong>email:\u00a0<\/strong><a href=\"mailto:marioazevedojr@terra.com.br\" target=\"_blank\">marioazevedojr@terra.com.br<\/a><\/p>\n<h2 style=\"text-align: justify\"><strong>2015<\/strong><\/h2>\n<hr \/>\n<ul>\n<li><strong>Handebol Masculino<\/strong><\/li>\n<\/ul>\n<p style=\"padding-left: 30px\">1<span style=\"color: #545454\">\u00b0\u00a0<\/span>lugar \u2013\u00a0Agronomia<br \/>\n2<span style=\"color: #545454\">\u00b0\u00a0<\/span> lugar \u2013 Educa\u00e7\u00e3o F\u00edsica<br \/>\n3<span style=\"color: #545454\">\u00b0\u00a0<\/span> lugar \u2013\u00a0Engenharias<\/p>\n<ul>\n<li><strong>Handebol Feminino<\/strong><\/li>\n<\/ul>\n<p style=\"padding-left: 30px\">1<span style=\"color: #545454\">\u00b0\u00a0<\/span> lugar \u2013 Arquitetura<br \/>\n2<span style=\"color: #545454\">\u00b0\u00a0<\/span> lugar \u2013\u00a0Engenharias<br \/>\n3<span style=\"color: #545454\">\u00b0\u00a0<\/span> lugar \u2013 Educa\u00e7\u00e3o Fisica<\/p>\n<h2 style=\"text-align: justify\"><strong>2014<\/strong><\/h2>\n<hr \/>\n<ul>\n<li><strong>Handebol Masculino<\/strong><\/li>\n<\/ul>\n<p style=\"padding-left: 30px\">1<span style=\"color: #545454\">\u00b0\u00a0<\/span>lugar \u2013 Direito<br \/>\n2<span style=\"color: #545454\">\u00b0\u00a0<\/span> lugar \u2013 Educa\u00e7\u00e3o F\u00edsica (Licenciatura)<br \/>\n3<span style=\"color: #545454\">\u00b0\u00a0<\/span> lugar \u2013\u00a0Agronomia<\/p>\n<ul>\n<li><strong>Handebol Feminino<\/strong><\/li>\n<\/ul>\n<p style=\"padding-left: 30px\">1<span style=\"color: #545454\">\u00b0\u00a0<\/span> lugar \u2013 Arquitetura<br \/>\n2<span style=\"color: #545454\">\u00b0\u00a0<\/span> lugar \u2013 Educa\u00e7\u00e3o F\u00edsica (Licenciatura)<br \/>\n3<span style=\"color: #545454\">\u00b0\u00a0<\/span> lugar \u2013\u00a0Eng. H\u00eddrica<\/p>\n<h2 style=\"text-align: justify\"><strong>2013<\/strong><\/h2>\n<hr \/>\n<ul>\n<li><strong>Handebol Masculino<\/strong><\/li>\n<\/ul>\n<p style=\"padding-left: 30px\">1<span style=\"color: #545454\">\u00b0\u00a0<\/span>lugar \u2013 Direito<br \/>\n2<span style=\"color: #545454\">\u00b0\u00a0<\/span> lugar \u2013 Educa\u00e7\u00e3o F\u00edsica<br \/>\n3<span style=\"color: #545454\">\u00b0\u00a0<\/span> lugar \u2013 Economia<\/p>\n<ul>\n<li><strong>Handebol Feminino<\/strong><\/li>\n<\/ul>\n<p style=\"padding-left: 30px\">1<span style=\"color: #545454\">\u00b0\u00a0<\/span> lugar \u2013 Arquitetura<br \/>\n2<span style=\"color: #545454\">\u00b0\u00a0<\/span> lugar \u2013 Educa\u00e7\u00e3o F\u00edsica<br \/>\n3<span style=\"color: #545454\">\u00b0\u00a0<\/span> lugar \u2013 Medicina<\/p>\n","protected":false},"excerpt":{"rendered":"<p>2015 Resultados Fase 1 Resultados e Pr\u00f3xima Fase Handebol Chaveamento edi\u00e7\u00e3o 2015 HANDEBOL MASCULINO: Chave A \u2013 Atl\u00e9tica ESEF, FAURB, Medicina, Engenharias Chave B \u2013 Agronomia, Rela\u00e7\u00f5es Internacionais, IFM, Hist\u00f3ria\/Economia Chave C \u2013 Direito, Odonto e Administra\u00e7\u00e3o HANDEBOL FEMININO: Chave A \u2013 Atl\u00e9tica ESEF, Direito, Medicina e Odonto Chave B \u2013 FAURB, Engenharias e Rela\u00e7\u00f5es &hellip; <\/p>\n<p><a class=\"more-link btn\" href=\"https:\/\/wp.ufpel.edu.br\/jogosufpel\/modalidades\/handebol\/\">Continue lendo<\/a><\/p>\n","protected":false},"author":374,"featured_media":490,"parent":268,"menu_order":2,"comment_status":"closed","ping_status":"closed","template":"","meta":{"footnotes":""},"class_list":["post-292","page","type-page","status-publish","has-post-thumbnail","hentry","nodate","item-wrap"],"_links":{"self":[{"href":"https:\/\/wp.ufpel.edu.br\/jogosufpel\/wp-json\/wp\/v2\/pages\/292","targetHints":{"allow":["GET"]}}],"collection":[{"href":"https:\/\/wp.ufpel.edu.br\/jogosufpel\/wp-json\/wp\/v2\/pages"}],"about":[{"href":"https:\/\/wp.ufpel.edu.br\/jogosufpel\/wp-json\/wp\/v2\/types\/page"}],"author":[{"embeddable":true,"href":"https:\/\/wp.ufpel.edu.br\/jogosufpel\/wp-json\/wp\/v2\/users\/374"}],"replies":[{"embeddable":true,"href":"https:\/\/wp.ufpel.edu.br\/jogosufpel\/wp-json\/wp\/v2\/comments?post=292"}],"version-history":[{"count":15,"href":"https:\/\/wp.ufpel.edu.br\/jogosufpel\/wp-json\/wp\/v2\/pages\/292\/revisions"}],"predecessor-version":[{"id":719,"href":"https:\/\/wp.ufpel.edu.br\/jogosufpel\/wp-json\/wp\/v2\/pages\/292\/revisions\/719"}],"up":[{"embeddable":true,"href":"https:\/\/wp.ufpel.edu.br\/jogosufpel\/wp-json\/wp\/v2\/pages\/268"}],"wp:featuredmedia":[{"embeddable":true,"href":"https:\/\/wp.ufpel.edu.br\/jogosufpel\/wp-json\/wp\/v2\/media\/490"}],"wp:attachment":[{"href":"https:\/\/wp.ufpel.edu.br\/jogosufpel\/wp-json\/wp\/v2\/media?parent=292"}],"curies":[{"name":"wp","href":"https:\/\/api.w.org\/{rel}","templated":true}]}}