{"id":27,"date":"2014-04-21T12:03:31","date_gmt":"2014-04-21T15:03:31","guid":{"rendered":"https:\/\/wp.ufpel.edu.br\/jogosufpel\/?page_id=27"},"modified":"2015-09-29T21:58:56","modified_gmt":"2015-09-30T00:58:56","slug":"futsal","status":"publish","type":"page","link":"https:\/\/wp.ufpel.edu.br\/jogosufpel\/modalidades\/futsal\/","title":{"rendered":"Futsal"},"content":{"rendered":"<h1><strong>2015<\/strong><\/h1>\n<hr \/>\n<p><strong>Congresso T\u00e9cnico \u2013 Local: Audit\u00f3rio da ESEF<\/strong><\/p>\n<p style=\"padding-left: 30px\">09\/09 &#8211; Audi\u00f3rio da ESEF &#8211; 17h &#8211; Futsal Feminino<\/p>\n<p style=\"padding-left: 30px\">09\/09 &#8211; Audi\u00f3rio da ESEF &#8211; 17h30min &#8211; Futsal\u00a0Masculino<\/p>\n<p><strong>Competi\u00e7\u00e3o:<\/strong><\/p>\n<p style=\"padding-left: 30px\">Classificat\u00f3ria &#8211; Fase de grupos com 03 ou 04 equipes (12\/09 masculino e 19\/09 feminino)<\/p>\n<p style=\"padding-left: 30px\">Resultados:<\/p>\n<p style=\"padding-left: 30px\">12\/SET &#8211;\u00a0<a href=\"https:\/\/wp.ufpel.edu.br\/jogosufpel\/files\/2015\/09\/Programacao_FUTSAL-2015_12set.pdf\">download<\/a><\/p>\n<p style=\"padding-left: 30px\">19\/SET &#8211;\u00a0<a href=\"https:\/\/wp.ufpel.edu.br\/jogosufpel\/files\/2015\/09\/Programacao_FUTSAL-2015_19set.pdf\">download<\/a><\/p>\n<p style=\"padding-left: 30px\">26\/SET &#8211; <a href=\"https:\/\/wp.ufpel.edu.br\/jogosufpel\/files\/2015\/09\/Resultados-Finais_FUTSAL-2015.pdf\">download<\/a><\/p>\n<p style=\"padding-left: 30px\">Quartas-de-final \/ Semi-final \/ Final (26\/09 masculino)(26\/09 ou 03\/10 feminino)<\/p>\n<ul>\n<li><a href=\"https:\/\/wp.ufpel.edu.br\/jogosufpel\/files\/2015\/08\/Informativo-05-Jogos-da-UFPel-Futsal.pdf\">Informativo 05 &#8211; Jogos da UFPel &#8211; Futsal<\/a><\/li>\n<li><a href=\"https:\/\/wp.ufpel.edu.br\/jogosufpel\/files\/2015\/09\/Congresso-Tecnico-Futsal_2015.pdf\">Congresso T\u00e9cnico Futsal 2015<\/a><\/li>\n<li><a href=\"https:\/\/wp.ufpel.edu.br\/jogosufpel\/files\/2015\/09\/Programacao_FUTSAL-2015.pdf\">Programa\u00e7\u00e3o FUTSAL 2015<\/a><\/li>\n<\/ul>\n<p>Maiores informa\u00e7\u00f5es podem ser obtidas com o Prof. Mario Azevedo Jr (ESEF)<\/p>\n<p><strong>email:\u00a0<a href=\"mailto:mrazevedojr@gmail.com\">mrazevedojr@gmail.com<\/a><\/strong><\/p>\n<h1><strong>2014<\/strong><\/h1>\n<hr \/>\n<p><strong>Futsal Masculino<\/strong><\/p>\n<p style=\"padding-left: 30px\">1<span style=\"color: #545454\">\u00b0\u00a0<\/span>lugar \u2013 Medicina<br \/>\n2<span style=\"color: #545454\">\u00b0\u00a0<\/span>lugar \u2013\u00a0Educa\u00e7\u00e3o F\u00edsica (Licenciatura)<\/p>\n<p><strong>Futsal Feminino<\/strong><\/p>\n<p style=\"padding-left: 30px\">1<span style=\"color: #545454\">\u00b0\u00a0<\/span>lugar \u2013 Educa\u00e7\u00e3o F\u00edsica (Bacharelado)<br \/>\n2<span style=\"color: #545454\">\u00b0\u00a0<\/span>lugar \u2013 Medicina<\/p>\n<h1><strong>2013<\/strong><\/h1>\n<hr \/>\n<p><strong>Futsal Masculino <\/strong><\/p>\n<p style=\"padding-left: 30px\">1<span style=\"color: #545454\">\u00b0\u00a0<\/span> lugar \u2013 Educa\u00e7\u00e3o F\u00edsica (Bacharelado)<br \/>\n2<span style=\"color: #545454\">\u00b0\u00a0<\/span> lugar \u2013 Odontologia<br \/>\n3<span style=\"color: #545454\">\u00b0\u00a0<\/span> lugar \u2013 Centro de Engenharias<\/p>\n<p><strong>Futsal Feminino<\/strong><\/p>\n<p style=\"padding-left: 30px\">1<span style=\"color: #545454\">\u00b0\u00a0<\/span> lugar \u2013 Educa\u00e7\u00e3o F\u00edsica<br \/>\n2<span style=\"color: #545454\">\u00b0\u00a0<\/span>lugar \u2013 Medicina<br \/>\n3<span style=\"color: #545454\">\u00b0\u00a0<\/span> lugar \u2013 Direito<\/p>\n","protected":false},"excerpt":{"rendered":"<p>2015 Congresso T\u00e9cnico \u2013 Local: Audit\u00f3rio da ESEF 09\/09 &#8211; Audi\u00f3rio da ESEF &#8211; 17h &#8211; Futsal Feminino 09\/09 &#8211; Audi\u00f3rio da ESEF &#8211; 17h30min &#8211; Futsal\u00a0Masculino Competi\u00e7\u00e3o: Classificat\u00f3ria &#8211; Fase de grupos com 03 ou 04 equipes (12\/09 masculino e 19\/09 feminino) Resultados: 12\/SET &#8211;\u00a0download 19\/SET &#8211;\u00a0download 26\/SET &#8211; download Quartas-de-final \/ Semi-final \/ &hellip; <\/p>\n<p><a class=\"more-link btn\" href=\"https:\/\/wp.ufpel.edu.br\/jogosufpel\/modalidades\/futsal\/\">Continue lendo<\/a><\/p>\n","protected":false},"author":374,"featured_media":484,"parent":268,"menu_order":1,"comment_status":"closed","ping_status":"closed","template":"","meta":{"footnotes":""},"class_list":["post-27","page","type-page","status-publish","has-post-thumbnail","hentry","nodate","item-wrap"],"_links":{"self":[{"href":"https:\/\/wp.ufpel.edu.br\/jogosufpel\/wp-json\/wp\/v2\/pages\/27","targetHints":{"allow":["GET"]}}],"collection":[{"href":"https:\/\/wp.ufpel.edu.br\/jogosufpel\/wp-json\/wp\/v2\/pages"}],"about":[{"href":"https:\/\/wp.ufpel.edu.br\/jogosufpel\/wp-json\/wp\/v2\/types\/page"}],"author":[{"embeddable":true,"href":"https:\/\/wp.ufpel.edu.br\/jogosufpel\/wp-json\/wp\/v2\/users\/374"}],"replies":[{"embeddable":true,"href":"https:\/\/wp.ufpel.edu.br\/jogosufpel\/wp-json\/wp\/v2\/comments?post=27"}],"version-history":[{"count":37,"href":"https:\/\/wp.ufpel.edu.br\/jogosufpel\/wp-json\/wp\/v2\/pages\/27\/revisions"}],"predecessor-version":[{"id":762,"href":"https:\/\/wp.ufpel.edu.br\/jogosufpel\/wp-json\/wp\/v2\/pages\/27\/revisions\/762"}],"up":[{"embeddable":true,"href":"https:\/\/wp.ufpel.edu.br\/jogosufpel\/wp-json\/wp\/v2\/pages\/268"}],"wp:featuredmedia":[{"embeddable":true,"href":"https:\/\/wp.ufpel.edu.br\/jogosufpel\/wp-json\/wp\/v2\/media\/484"}],"wp:attachment":[{"href":"https:\/\/wp.ufpel.edu.br\/jogosufpel\/wp-json\/wp\/v2\/media?parent=27"}],"curies":[{"name":"wp","href":"https:\/\/api.w.org\/{rel}","templated":true}]}}