{"id":24,"date":"2014-04-21T12:03:07","date_gmt":"2014-04-21T15:03:07","guid":{"rendered":"https:\/\/wp.ufpel.edu.br\/jogosufpel\/?page_id=24"},"modified":"2015-11-04T10:12:53","modified_gmt":"2015-11-04T12:12:53","slug":"voleibol","status":"publish","type":"page","link":"https:\/\/wp.ufpel.edu.br\/jogosufpel\/modalidades\/voleibol\/","title":{"rendered":"Voleibol"},"content":{"rendered":"<h1>2015<\/h1>\n<hr \/>\n<ul>\n<li style=\"text-align: justify\"><strong>Voleibol\u00a0Feminino<\/strong><\/li>\n<\/ul>\n<p style=\"padding-left: 30px;text-align: justify\">1\u00ba lugar \u2013\u00a0Engenharias<br \/>\n2\u00ba lugar \u2013\u00a0Arquitetura<br \/>\n3\u00ba lugar \u2013\u00a0Odontologia<\/p>\n<p style=\"padding-left: 30px;text-align: justify\">\n<ul style=\"text-align: justify\">\n<li><strong>Voleibol\u00a0Masculino<\/strong><\/li>\n<\/ul>\n<p style=\"padding-left: 30px\">1\u00ba lugar \u2013\u00a0ESEF<br \/>\n2\u00ba lugar \u2013 Medicina<br \/>\n3\u00ba lugar \u2013\u00a0Direito<\/p>\n<h2 style=\"text-align: justify;padding-left: 30px\"><\/h2>\n<h1>2014<\/h1>\n<hr \/>\n<ul>\n<li style=\"text-align: justify\"><strong>Voleibol Masculino<\/strong><\/li>\n<\/ul>\n<p style=\"padding-left: 30px;text-align: justify\">1\u00ba lugar \u2013\u00a0Direito<br \/>\n2\u00ba lugar \u2013\u00a0Eng. H\u00eddrica<\/p>\n<ul style=\"text-align: justify\">\n<li><strong>Voleibol Feminino<\/strong><\/li>\n<\/ul>\n<p style=\"padding-left: 30px;text-align: justify\">1\u00ba lugar \u2013\u00a0Eng. Ambiental e Sanit\u00e1ria<br \/>\n2\u00ba lugar \u2013 Arquitetura e Urbanismo (FAURB)<\/p>\n<h1>2013<\/h1>\n<hr \/>\n<ul>\n<li style=\"text-align: justify\"><strong>Voleibol Masculino<\/strong><\/li>\n<\/ul>\n<p style=\"padding-left: 30px;text-align: justify\">1\u00ba lugar \u2013 Educa\u00e7\u00e3o F\u00edsica<br \/>\n2\u00ba lugar \u2013 Direito<br \/>\n3\u00ba lugar \u2013 Medicina<\/p>\n<ul style=\"text-align: justify\">\n<li><strong>Voleibol Feminino<\/strong><\/li>\n<\/ul>\n<p style=\"padding-left: 30px;text-align: justify\">1\u00ba lugar \u2013 Educa\u00e7\u00e3o F\u00edsica<br \/>\n2\u00ba lugar \u2013 Direito<br \/>\n3\u00ba lugar \u2013 Enfermagem<\/p>\n","protected":false},"excerpt":{"rendered":"<p>2015 Voleibol\u00a0Feminino 1\u00ba lugar \u2013\u00a0Engenharias 2\u00ba lugar \u2013\u00a0Arquitetura 3\u00ba lugar \u2013\u00a0Odontologia Voleibol\u00a0Masculino 1\u00ba lugar \u2013\u00a0ESEF 2\u00ba lugar \u2013 Medicina 3\u00ba lugar \u2013\u00a0Direito 2014 Voleibol Masculino 1\u00ba lugar \u2013\u00a0Direito 2\u00ba lugar \u2013\u00a0Eng. H\u00eddrica Voleibol Feminino 1\u00ba lugar \u2013\u00a0Eng. Ambiental e Sanit\u00e1ria 2\u00ba lugar \u2013 Arquitetura e Urbanismo (FAURB) 2013 Voleibol Masculino 1\u00ba lugar \u2013 Educa\u00e7\u00e3o F\u00edsica &hellip; <\/p>\n<p><a class=\"more-link btn\" href=\"https:\/\/wp.ufpel.edu.br\/jogosufpel\/modalidades\/voleibol\/\">Continue lendo<\/a><\/p>\n","protected":false},"author":374,"featured_media":0,"parent":268,"menu_order":3,"comment_status":"closed","ping_status":"closed","template":"","meta":{"footnotes":""},"class_list":["post-24","page","type-page","status-publish","hentry","nodate","item-wrap"],"_links":{"self":[{"href":"https:\/\/wp.ufpel.edu.br\/jogosufpel\/wp-json\/wp\/v2\/pages\/24","targetHints":{"allow":["GET"]}}],"collection":[{"href":"https:\/\/wp.ufpel.edu.br\/jogosufpel\/wp-json\/wp\/v2\/pages"}],"about":[{"href":"https:\/\/wp.ufpel.edu.br\/jogosufpel\/wp-json\/wp\/v2\/types\/page"}],"author":[{"embeddable":true,"href":"https:\/\/wp.ufpel.edu.br\/jogosufpel\/wp-json\/wp\/v2\/users\/374"}],"replies":[{"embeddable":true,"href":"https:\/\/wp.ufpel.edu.br\/jogosufpel\/wp-json\/wp\/v2\/comments?post=24"}],"version-history":[{"count":19,"href":"https:\/\/wp.ufpel.edu.br\/jogosufpel\/wp-json\/wp\/v2\/pages\/24\/revisions"}],"predecessor-version":[{"id":779,"href":"https:\/\/wp.ufpel.edu.br\/jogosufpel\/wp-json\/wp\/v2\/pages\/24\/revisions\/779"}],"up":[{"embeddable":true,"href":"https:\/\/wp.ufpel.edu.br\/jogosufpel\/wp-json\/wp\/v2\/pages\/268"}],"wp:attachment":[{"href":"https:\/\/wp.ufpel.edu.br\/jogosufpel\/wp-json\/wp\/v2\/media?parent=24"}],"curies":[{"name":"wp","href":"https:\/\/api.w.org\/{rel}","templated":true}]}}